{"id":8304,"date":"2021-11-29T19:06:35","date_gmt":"2021-11-29T18:06:35","guid":{"rendered":"https:\/\/www.atollplongee.com\/?post_type=product&#038;p=8304"},"modified":"2023-02-22T17:39:53","modified_gmt":"2023-02-22T16:39:53","slug":"formation-combinaison-etanche","status":"publish","type":"product","link":"https:\/\/www.atollplongee.com\/en\/product\/formation-combinaison-etanche\/","title":{"rendered":"Formation Combinaison \u00c9tanche"},"content":{"rendered":"<p>La combinaison \u00e9tanche para\u00eet parfois &#8220;myst\u00e9rieuse&#8221; aux plongeurs habitu\u00e9s \u00e0 leur \u00e9quipement traditionnel dit &#8220;combinaison humide&#8221; : alors pourquoi humide et quelle diff\u00e9rence avec ce que les anglo-saxons appellent les &#8220;dry-suits&#8221; ?<\/p>\n<p>En combinaison traditionnelle dite &#8220;humide&#8221;, l&#8217;eau p\u00e9n\u00e8tre dans le v\u00eatement en d\u00e9but de plong\u00e9e, puis se r\u00e9chauffe au contact de votre corps : mais parfois, lors d&#8217;immersions prolong\u00e9es ou d&#8217;eaux froides cela ne suffit plus et le froid survient&#8230;<\/p>\n<p>Outre l&#8217;inconfort \u00e9vident,\u00a0 la s\u00e9curit\u00e9 est alors aussi diminu\u00e9e : acc\u00e9l\u00e9ration de la respiration donc augmentation de votre &#8220;consommation&#8221; d&#8217;air, tremblements, baisse de vigilance et du &#8220;jugement&#8221;&#8230;.. il est donc temps de trouver une solution !<\/p>\n<p>Et cette solution c&#8217;est le v\u00eatement \u00e9tanche ou dry-suit : le concept est simple : cette combinaison ne laisse pas entrer l&#8217;eau car elle se &#8220;gonfle&#8221; d&#8217;air (c&#8217;est le plongeur qui ma\u00eetrise ce niveau d&#8217;air dans son v\u00eatement par un syst\u00e8me de valves et de purges) :<\/p>\n<p>Cet air permet \u00e0 la fois d&#8217;offrir une protection thermique bien sup\u00e9rieure et aussi une meilleure flottabilit\u00e9<\/p>\n<p>Nous vous formerons \u00e0 l&#8217;utilisation de ces v\u00eatements \u00e0 savoir :<\/p>\n<ul>\n<li>aspects th\u00e9oriques<\/li>\n<li>savoir mettre et enlever le v\u00eatement<\/li>\n<li>savoir maintenir une flottabilit\u00e9 optimale permanente<\/li>\n<li>entretenir le v\u00eatement pour une efficacit\u00e9 et une durabilit\u00e9 maximale<\/li>\n<\/ul>\n<p>C&#8217;est un nouvel univers qui s&#8217;ouvrira alors \u00e0 vous : possibilit\u00e9 de plonger toute l&#8217;ann\u00e9e sans se soucier de la temp\u00e9rature de l&#8217;eau, \u00e9voluer pourquoi pas vers la plong\u00e9e profonde et\/ou &#8220;Tek&#8221;, d\u00e9couvrir la plong\u00e9e en lac ou sous-glace&#8230;<\/p>\n<p>&nbsp;<\/p>","protected":false},"excerpt":{"rendered":"<p>D\u00e9couvrir le confort de plonger &#8220;bien au sec et au chaud&#8221; pour profiter au maximum de votre immersion, sans stress et en toute s\u00e9curit\u00e9<\/p>","protected":false},"featured_media":8278,"comment_status":"open","ping_status":"closed","template":"","meta":[],"product_cat":[15,61,28],"product_tag":[],"marques":[],"profondeur":[69,70,71,93],"acf":[],"yoast_head":"<!-- This site is optimized with the Yoast SEO plugin v17.9 - https:\/\/yoast.com\/wordpress\/plugins\/seo\/ -->\n<title>Formation Combinaison \u00c9tanche - Atoll Plong\u00e9e Marseille<\/title>\n<meta name=\"robots\" content=\"index, follow, max-snippet:-1, max-image-preview:large, max-video-preview:-1\" \/>\n<link rel=\"canonical\" href=\"https:\/\/www.atollplongee.com\/en\/product\/formation-combinaison-etanche\/\" \/>\n<meta property=\"og:locale\" content=\"en_US\" \/>\n<meta property=\"og:type\" content=\"article\" \/>\n<meta property=\"og:title\" content=\"Formation Combinaison \u00c9tanche - Atoll Plong\u00e9e Marseille\" \/>\n<meta property=\"og:description\" content=\"D\u00e9couvrir le confort de plonger &quot;bien au sec et au chaud&quot; pour profiter au maximum de votre immersion, sans stress et en toute s\u00e9curit\u00e9\" \/>\n<meta property=\"og:url\" content=\"https:\/\/www.atollplongee.com\/en\/product\/formation-combinaison-etanche\/\" \/>\n<meta property=\"og:site_name\" content=\"Atoll Plong\u00e9e Marseille\" \/>\n<meta property=\"article:modified_time\" content=\"2023-02-22T16:39:53+00:00\" \/>\n<meta property=\"og:image\" content=\"https:\/\/www.atollplongee.com\/wp-content\/uploads\/2021\/11\/Warmdry_4_mm_6-1_05-1.jpg\" \/>\n\t<meta property=\"og:image:width\" content=\"1920\" \/>\n\t<meta property=\"og:image:height\" content=\"1280\" \/>\n\t<meta property=\"og:image:type\" content=\"image\/jpeg\" \/>\n<meta name=\"twitter:card\" content=\"summary_large_image\" \/>\n<meta name=\"twitter:label1\" content=\"Est. reading time\" \/>\n\t<meta name=\"twitter:data1\" content=\"2 minutes\" \/>\n<script type=\"application\/ld+json\" class=\"yoast-schema-graph\">{\"@context\":\"https:\/\/schema.org\",\"@graph\":[{\"@type\":\"Organization\",\"@id\":\"https:\/\/www.atollplongee.com\/#organization\",\"name\":\"Atoll\",\"url\":\"https:\/\/www.atollplongee.com\/\",\"sameAs\":[],\"logo\":{\"@type\":\"ImageObject\",\"@id\":\"https:\/\/www.atollplongee.com\/#logo\",\"inLanguage\":\"en-US\",\"url\":\"https:\/\/www.atollplongee.com\/wp-content\/uploads\/2019\/02\/plonge\\u0301e-marseille-atoll-logo-1.png\",\"contentUrl\":\"https:\/\/www.atollplongee.com\/wp-content\/uploads\/2019\/02\/plonge\\u0301e-marseille-atoll-logo-1.png\",\"width\":167,\"height\":42,\"caption\":\"Atoll\"},\"image\":{\"@id\":\"https:\/\/www.atollplongee.com\/#logo\"}},{\"@type\":\"WebSite\",\"@id\":\"https:\/\/www.atollplongee.com\/#website\",\"url\":\"https:\/\/www.atollplongee.com\/\",\"name\":\"Atoll Plong\\u00e9e Marseille\",\"description\":\"centre de plong\\u00e9e et de formation n\\u00b01 \\u00e0 Marseille\",\"publisher\":{\"@id\":\"https:\/\/www.atollplongee.com\/#organization\"},\"potentialAction\":[{\"@type\":\"SearchAction\",\"target\":{\"@type\":\"EntryPoint\",\"urlTemplate\":\"https:\/\/www.atollplongee.com\/?s={search_term_string}\"},\"query-input\":\"required name=search_term_string\"}],\"inLanguage\":\"en-US\"},{\"@type\":\"ImageObject\",\"@id\":\"https:\/\/www.atollplongee.com\/general\/formation-combinaison-etanche\/#primaryimage\",\"inLanguage\":\"en-US\",\"url\":\"https:\/\/www.atollplongee.com\/wp-content\/uploads\/2021\/11\/Warmdry_4_mm_6-1_05-1.jpg\",\"contentUrl\":\"https:\/\/www.atollplongee.com\/wp-content\/uploads\/2021\/11\/Warmdry_4_mm_6-1_05-1.jpg\",\"width\":1920,\"height\":1280},{\"@type\":\"WebPage\",\"@id\":\"https:\/\/www.atollplongee.com\/general\/formation-combinaison-etanche\/#webpage\",\"url\":\"https:\/\/www.atollplongee.com\/general\/formation-combinaison-etanche\/\",\"name\":\"Formation Combinaison \\u00c9tanche - Atoll Plong\\u00e9e Marseille\",\"isPartOf\":{\"@id\":\"https:\/\/www.atollplongee.com\/#website\"},\"primaryImageOfPage\":{\"@id\":\"https:\/\/www.atollplongee.com\/general\/formation-combinaison-etanche\/#primaryimage\"},\"datePublished\":\"2021-11-29T18:06:35+00:00\",\"dateModified\":\"2023-02-22T16:39:53+00:00\",\"breadcrumb\":{\"@id\":\"https:\/\/www.atollplongee.com\/general\/formation-combinaison-etanche\/#breadcrumb\"},\"inLanguage\":\"en-US\",\"potentialAction\":[{\"@type\":\"ReadAction\",\"target\":[\"https:\/\/www.atollplongee.com\/general\/formation-combinaison-etanche\/\"]}]},{\"@type\":\"BreadcrumbList\",\"@id\":\"https:\/\/www.atollplongee.com\/general\/formation-combinaison-etanche\/#breadcrumb\",\"itemListElement\":[{\"@type\":\"ListItem\",\"position\":1,\"name\":\"Accueil\",\"item\":\"https:\/\/www.atollplongee.com\/\"},{\"@type\":\"ListItem\",\"position\":2,\"name\":\"Boutique\",\"item\":\"https:\/\/www.atollplongee.com\/boutique\/\"},{\"@type\":\"ListItem\",\"position\":3,\"name\":\"Plong\\u00e9e\"},{\"@type\":\"ListItem\",\"position\":4,\"name\":\"Formation\"},{\"@type\":\"ListItem\",\"position\":5,\"name\":\"Formation Combinaison \\u00c9tanche\"}]}]}<\/script>\n<!-- \/ Yoast SEO plugin. -->","yoast_head_json":{"title":"Formation Combinaison \u00c9tanche - Atoll Plong\u00e9e Marseille","robots":{"index":"index","follow":"follow","max-snippet":"max-snippet:-1","max-image-preview":"max-image-preview:large","max-video-preview":"max-video-preview:-1"},"canonical":"https:\/\/www.atollplongee.com\/en\/product\/formation-combinaison-etanche\/","og_locale":"en_US","og_type":"article","og_title":"Formation Combinaison \u00c9tanche - Atoll Plong\u00e9e Marseille","og_description":"D\u00e9couvrir le confort de plonger \"bien au sec et au chaud\" pour profiter au maximum de votre immersion, sans stress et en toute s\u00e9curit\u00e9","og_url":"https:\/\/www.atollplongee.com\/en\/product\/formation-combinaison-etanche\/","og_site_name":"Atoll Plong\u00e9e Marseille","article_modified_time":"2023-02-22T16:39:53+00:00","og_image":[{"width":1920,"height":1280,"url":"https:\/\/www.atollplongee.com\/wp-content\/uploads\/2021\/11\/Warmdry_4_mm_6-1_05-1.jpg","type":"image\/jpeg"}],"twitter_card":"summary_large_image","twitter_misc":{"Est. reading time":"2 minutes"},"schema":{"@context":"https:\/\/schema.org","@graph":[{"@type":"Organization","@id":"https:\/\/www.atollplongee.com\/#organization","name":"Atoll","url":"https:\/\/www.atollplongee.com\/","sameAs":[],"logo":{"@type":"ImageObject","@id":"https:\/\/www.atollplongee.com\/#logo","inLanguage":"en-US","url":"https:\/\/www.atollplongee.com\/wp-content\/uploads\/2019\/02\/plonge\u0301e-marseille-atoll-logo-1.png","contentUrl":"https:\/\/www.atollplongee.com\/wp-content\/uploads\/2019\/02\/plonge\u0301e-marseille-atoll-logo-1.png","width":167,"height":42,"caption":"Atoll"},"image":{"@id":"https:\/\/www.atollplongee.com\/#logo"}},{"@type":"WebSite","@id":"https:\/\/www.atollplongee.com\/#website","url":"https:\/\/www.atollplongee.com\/","name":"Atoll Plong\u00e9e Marseille","description":"centre de plong\u00e9e et de formation n\u00b01 \u00e0 Marseille","publisher":{"@id":"https:\/\/www.atollplongee.com\/#organization"},"potentialAction":[{"@type":"SearchAction","target":{"@type":"EntryPoint","urlTemplate":"https:\/\/www.atollplongee.com\/?s={search_term_string}"},"query-input":"required name=search_term_string"}],"inLanguage":"en-US"},{"@type":"ImageObject","@id":"https:\/\/www.atollplongee.com\/general\/formation-combinaison-etanche\/#primaryimage","inLanguage":"en-US","url":"https:\/\/www.atollplongee.com\/wp-content\/uploads\/2021\/11\/Warmdry_4_mm_6-1_05-1.jpg","contentUrl":"https:\/\/www.atollplongee.com\/wp-content\/uploads\/2021\/11\/Warmdry_4_mm_6-1_05-1.jpg","width":1920,"height":1280},{"@type":"WebPage","@id":"https:\/\/www.atollplongee.com\/general\/formation-combinaison-etanche\/#webpage","url":"https:\/\/www.atollplongee.com\/general\/formation-combinaison-etanche\/","name":"Formation Combinaison \u00c9tanche - Atoll Plong\u00e9e Marseille","isPartOf":{"@id":"https:\/\/www.atollplongee.com\/#website"},"primaryImageOfPage":{"@id":"https:\/\/www.atollplongee.com\/general\/formation-combinaison-etanche\/#primaryimage"},"datePublished":"2021-11-29T18:06:35+00:00","dateModified":"2023-02-22T16:39:53+00:00","breadcrumb":{"@id":"https:\/\/www.atollplongee.com\/general\/formation-combinaison-etanche\/#breadcrumb"},"inLanguage":"en-US","potentialAction":[{"@type":"ReadAction","target":["https:\/\/www.atollplongee.com\/general\/formation-combinaison-etanche\/"]}]},{"@type":"BreadcrumbList","@id":"https:\/\/www.atollplongee.com\/general\/formation-combinaison-etanche\/#breadcrumb","itemListElement":[{"@type":"ListItem","position":1,"name":"Accueil","item":"https:\/\/www.atollplongee.com\/"},{"@type":"ListItem","position":2,"name":"Boutique","item":"https:\/\/www.atollplongee.com\/boutique\/"},{"@type":"ListItem","position":3,"name":"Plong\u00e9e"},{"@type":"ListItem","position":4,"name":"Formation"},{"@type":"ListItem","position":5,"name":"Formation Combinaison \u00c9tanche"}]}]}},"_links":{"self":[{"href":"https:\/\/www.atollplongee.com\/en\/wp-json\/wp\/v2\/product\/8304"}],"collection":[{"href":"https:\/\/www.atollplongee.com\/en\/wp-json\/wp\/v2\/product"}],"about":[{"href":"https:\/\/www.atollplongee.com\/en\/wp-json\/wp\/v2\/types\/product"}],"replies":[{"embeddable":true,"href":"https:\/\/www.atollplongee.com\/en\/wp-json\/wp\/v2\/comments?post=8304"}],"version-history":[{"count":7,"href":"https:\/\/www.atollplongee.com\/en\/wp-json\/wp\/v2\/product\/8304\/revisions"}],"predecessor-version":[{"id":8816,"href":"https:\/\/www.atollplongee.com\/en\/wp-json\/wp\/v2\/product\/8304\/revisions\/8816"}],"wp:featuredmedia":[{"embeddable":true,"href":"https:\/\/www.atollplongee.com\/en\/wp-json\/wp\/v2\/media\/8278"}],"wp:attachment":[{"href":"https:\/\/www.atollplongee.com\/en\/wp-json\/wp\/v2\/media?parent=8304"}],"wp:term":[{"taxonomy":"product_cat","embeddable":true,"href":"https:\/\/www.atollplongee.com\/en\/wp-json\/wp\/v2\/product_cat?post=8304"},{"taxonomy":"product_tag","embeddable":true,"href":"https:\/\/www.atollplongee.com\/en\/wp-json\/wp\/v2\/product_tag?post=8304"},{"taxonomy":"marques","embeddable":true,"href":"https:\/\/www.atollplongee.com\/en\/wp-json\/wp\/v2\/marques?post=8304"},{"taxonomy":"profondeur","embeddable":true,"href":"https:\/\/www.atollplongee.com\/en\/wp-json\/wp\/v2\/profondeur?post=8304"}],"curies":[{"name":"wp","href":"https:\/\/api.w.org\/{rel}","templated":true}]}}