{"id":7406,"date":"2021-03-02T10:04:29","date_gmt":"2021-03-02T09:04:29","guid":{"rendered":"https:\/\/www.atollplongee.com\/?post_type=product&#038;p=7406"},"modified":"2021-03-10T23:23:46","modified_gmt":"2021-03-10T22:23:46","slug":"tec-rec-45-padi","status":"publish","type":"product","link":"https:\/\/www.atollplongee.com\/en\/product\/tec-rec-45-padi\/","title":{"rendered":"Tec Rec 45 PADI"},"content":{"rendered":"<p><strong>Votre cours s\u2019organise \u00e0 votre rythme sur 3 journ\u00e9es distinctes ou continues ou 2 week-end.<\/strong><br \/>\nCe programme comprend :<\/p>\n<ul>\n<li>1 Cours pratique sur le montage et r\u00e9glage du mat\u00e9riel Tec nouveau Bi-bouteille et syst\u00e8me de flottabilit\u00e9 de secours.<\/li>\n<li>4 Plong\u00e9es d&#8217;application milieu prot\u00e9g\u00e9 et naturel.<\/li>\n<li>3 S\u00e9ances d&#8217;approfondissement des connaissances.<\/li>\n<li>Manuel Tec Deep Diver.<\/li>\n<\/ul>\n<p>&nbsp;<\/p>\n<p>&nbsp;<\/p>","protected":false},"excerpt":{"rendered":"<p>Le programme Tec Rec 45 PADI est un challenge qui vous permettra d&#8217;appronfondir vos connaissances th\u00e9orique et pratique en utilisant une nouvelle configuration de mat\u00e9riel et optimiser votre d\u00e9compression<\/p>","protected":false},"featured_media":7550,"comment_status":"open","ping_status":"closed","template":"","meta":[],"product_cat":[28],"product_tag":[90,58,88],"marques":[],"profondeur":[71],"acf":[],"yoast_head":"<!-- This site is optimized with the Yoast SEO plugin v17.9 - https:\/\/yoast.com\/wordpress\/plugins\/seo\/ -->\n<title>Tec Rec 45 PADI - Atoll Plong\u00e9e Marseille<\/title>\n<meta name=\"robots\" content=\"index, follow, max-snippet:-1, max-image-preview:large, max-video-preview:-1\" \/>\n<link rel=\"canonical\" href=\"https:\/\/www.atollplongee.com\/en\/product\/tec-rec-45-padi\/\" \/>\n<meta property=\"og:locale\" content=\"en_US\" \/>\n<meta property=\"og:type\" content=\"article\" \/>\n<meta property=\"og:title\" content=\"Tec Rec 45 PADI - Atoll Plong\u00e9e Marseille\" \/>\n<meta property=\"og:description\" content=\"Le programme Tec Rec 45 PADI est un challenge qui vous permettra d&#039;appronfondir vos connaissances th\u00e9orique et pratique en utilisant une nouvelle configuration de mat\u00e9riel et optimiser votre d\u00e9compression\" \/>\n<meta property=\"og:url\" content=\"https:\/\/www.atollplongee.com\/en\/product\/tec-rec-45-padi\/\" \/>\n<meta property=\"og:site_name\" content=\"Atoll Plong\u00e9e Marseille\" \/>\n<meta property=\"article:modified_time\" content=\"2021-03-10T22:23:46+00:00\" \/>\n<meta property=\"og:image\" content=\"https:\/\/www.atollplongee.com\/wp-content\/uploads\/2021\/03\/bI-2.jpg\" \/>\n\t<meta property=\"og:image:width\" content=\"2321\" \/>\n\t<meta property=\"og:image:height\" content=\"1301\" \/>\n\t<meta property=\"og:image:type\" content=\"image\/jpeg\" \/>\n<meta name=\"twitter:card\" content=\"summary_large_image\" \/>\n<meta name=\"twitter:label1\" content=\"Est. reading time\" \/>\n\t<meta name=\"twitter:data1\" content=\"1 minute\" \/>\n<script type=\"application\/ld+json\" class=\"yoast-schema-graph\">{\"@context\":\"https:\/\/schema.org\",\"@graph\":[{\"@type\":\"Organization\",\"@id\":\"https:\/\/www.atollplongee.com\/#organization\",\"name\":\"Atoll\",\"url\":\"https:\/\/www.atollplongee.com\/\",\"sameAs\":[],\"logo\":{\"@type\":\"ImageObject\",\"@id\":\"https:\/\/www.atollplongee.com\/#logo\",\"inLanguage\":\"en-US\",\"url\":\"https:\/\/www.atollplongee.com\/wp-content\/uploads\/2019\/02\/plonge\\u0301e-marseille-atoll-logo-1.png\",\"contentUrl\":\"https:\/\/www.atollplongee.com\/wp-content\/uploads\/2019\/02\/plonge\\u0301e-marseille-atoll-logo-1.png\",\"width\":167,\"height\":42,\"caption\":\"Atoll\"},\"image\":{\"@id\":\"https:\/\/www.atollplongee.com\/#logo\"}},{\"@type\":\"WebSite\",\"@id\":\"https:\/\/www.atollplongee.com\/#website\",\"url\":\"https:\/\/www.atollplongee.com\/\",\"name\":\"Atoll Plong\\u00e9e Marseille\",\"description\":\"centre de plong\\u00e9e et de formation n\\u00b01 \\u00e0 Marseille\",\"publisher\":{\"@id\":\"https:\/\/www.atollplongee.com\/#organization\"},\"potentialAction\":[{\"@type\":\"SearchAction\",\"target\":{\"@type\":\"EntryPoint\",\"urlTemplate\":\"https:\/\/www.atollplongee.com\/?s={search_term_string}\"},\"query-input\":\"required name=search_term_string\"}],\"inLanguage\":\"en-US\"},{\"@type\":\"ImageObject\",\"@id\":\"https:\/\/www.atollplongee.com\/formation\/tec-rec-45-padi\/#primaryimage\",\"inLanguage\":\"en-US\",\"url\":\"https:\/\/www.atollplongee.com\/wp-content\/uploads\/2021\/03\/bI-2.jpg\",\"contentUrl\":\"https:\/\/www.atollplongee.com\/wp-content\/uploads\/2021\/03\/bI-2.jpg\",\"width\":2321,\"height\":1301},{\"@type\":\"WebPage\",\"@id\":\"https:\/\/www.atollplongee.com\/formation\/tec-rec-45-padi\/#webpage\",\"url\":\"https:\/\/www.atollplongee.com\/formation\/tec-rec-45-padi\/\",\"name\":\"Tec Rec 45 PADI - Atoll Plong\\u00e9e Marseille\",\"isPartOf\":{\"@id\":\"https:\/\/www.atollplongee.com\/#website\"},\"primaryImageOfPage\":{\"@id\":\"https:\/\/www.atollplongee.com\/formation\/tec-rec-45-padi\/#primaryimage\"},\"datePublished\":\"2021-03-02T09:04:29+00:00\",\"dateModified\":\"2021-03-10T22:23:46+00:00\",\"breadcrumb\":{\"@id\":\"https:\/\/www.atollplongee.com\/formation\/tec-rec-45-padi\/#breadcrumb\"},\"inLanguage\":\"en-US\",\"potentialAction\":[{\"@type\":\"ReadAction\",\"target\":[\"https:\/\/www.atollplongee.com\/formation\/tec-rec-45-padi\/\"]}]},{\"@type\":\"BreadcrumbList\",\"@id\":\"https:\/\/www.atollplongee.com\/formation\/tec-rec-45-padi\/#breadcrumb\",\"itemListElement\":[{\"@type\":\"ListItem\",\"position\":1,\"name\":\"Accueil\",\"item\":\"https:\/\/www.atollplongee.com\/\"},{\"@type\":\"ListItem\",\"position\":2,\"name\":\"Boutique\",\"item\":\"https:\/\/www.atollplongee.com\/boutique\/\"},{\"@type\":\"ListItem\",\"position\":3,\"name\":\"Plong\\u00e9e\"},{\"@type\":\"ListItem\",\"position\":4,\"name\":\"Tec Rec 45 PADI\"}]}]}<\/script>\n<!-- \/ Yoast SEO plugin. -->","yoast_head_json":{"title":"Tec Rec 45 PADI - Atoll Plong\u00e9e Marseille","robots":{"index":"index","follow":"follow","max-snippet":"max-snippet:-1","max-image-preview":"max-image-preview:large","max-video-preview":"max-video-preview:-1"},"canonical":"https:\/\/www.atollplongee.com\/en\/product\/tec-rec-45-padi\/","og_locale":"en_US","og_type":"article","og_title":"Tec Rec 45 PADI - Atoll Plong\u00e9e Marseille","og_description":"Le programme Tec Rec 45 PADI est un challenge qui vous permettra d'appronfondir vos connaissances th\u00e9orique et pratique en utilisant une nouvelle configuration de mat\u00e9riel et optimiser votre d\u00e9compression","og_url":"https:\/\/www.atollplongee.com\/en\/product\/tec-rec-45-padi\/","og_site_name":"Atoll Plong\u00e9e Marseille","article_modified_time":"2021-03-10T22:23:46+00:00","og_image":[{"width":2321,"height":1301,"url":"https:\/\/www.atollplongee.com\/wp-content\/uploads\/2021\/03\/bI-2.jpg","type":"image\/jpeg"}],"twitter_card":"summary_large_image","twitter_misc":{"Est. reading time":"1 minute"},"schema":{"@context":"https:\/\/schema.org","@graph":[{"@type":"Organization","@id":"https:\/\/www.atollplongee.com\/#organization","name":"Atoll","url":"https:\/\/www.atollplongee.com\/","sameAs":[],"logo":{"@type":"ImageObject","@id":"https:\/\/www.atollplongee.com\/#logo","inLanguage":"en-US","url":"https:\/\/www.atollplongee.com\/wp-content\/uploads\/2019\/02\/plonge\u0301e-marseille-atoll-logo-1.png","contentUrl":"https:\/\/www.atollplongee.com\/wp-content\/uploads\/2019\/02\/plonge\u0301e-marseille-atoll-logo-1.png","width":167,"height":42,"caption":"Atoll"},"image":{"@id":"https:\/\/www.atollplongee.com\/#logo"}},{"@type":"WebSite","@id":"https:\/\/www.atollplongee.com\/#website","url":"https:\/\/www.atollplongee.com\/","name":"Atoll Plong\u00e9e Marseille","description":"centre de plong\u00e9e et de formation n\u00b01 \u00e0 Marseille","publisher":{"@id":"https:\/\/www.atollplongee.com\/#organization"},"potentialAction":[{"@type":"SearchAction","target":{"@type":"EntryPoint","urlTemplate":"https:\/\/www.atollplongee.com\/?s={search_term_string}"},"query-input":"required name=search_term_string"}],"inLanguage":"en-US"},{"@type":"ImageObject","@id":"https:\/\/www.atollplongee.com\/formation\/tec-rec-45-padi\/#primaryimage","inLanguage":"en-US","url":"https:\/\/www.atollplongee.com\/wp-content\/uploads\/2021\/03\/bI-2.jpg","contentUrl":"https:\/\/www.atollplongee.com\/wp-content\/uploads\/2021\/03\/bI-2.jpg","width":2321,"height":1301},{"@type":"WebPage","@id":"https:\/\/www.atollplongee.com\/formation\/tec-rec-45-padi\/#webpage","url":"https:\/\/www.atollplongee.com\/formation\/tec-rec-45-padi\/","name":"Tec Rec 45 PADI - Atoll Plong\u00e9e Marseille","isPartOf":{"@id":"https:\/\/www.atollplongee.com\/#website"},"primaryImageOfPage":{"@id":"https:\/\/www.atollplongee.com\/formation\/tec-rec-45-padi\/#primaryimage"},"datePublished":"2021-03-02T09:04:29+00:00","dateModified":"2021-03-10T22:23:46+00:00","breadcrumb":{"@id":"https:\/\/www.atollplongee.com\/formation\/tec-rec-45-padi\/#breadcrumb"},"inLanguage":"en-US","potentialAction":[{"@type":"ReadAction","target":["https:\/\/www.atollplongee.com\/formation\/tec-rec-45-padi\/"]}]},{"@type":"BreadcrumbList","@id":"https:\/\/www.atollplongee.com\/formation\/tec-rec-45-padi\/#breadcrumb","itemListElement":[{"@type":"ListItem","position":1,"name":"Accueil","item":"https:\/\/www.atollplongee.com\/"},{"@type":"ListItem","position":2,"name":"Boutique","item":"https:\/\/www.atollplongee.com\/boutique\/"},{"@type":"ListItem","position":3,"name":"Plong\u00e9e"},{"@type":"ListItem","position":4,"name":"Tec Rec 45 PADI"}]}]}},"_links":{"self":[{"href":"https:\/\/www.atollplongee.com\/en\/wp-json\/wp\/v2\/product\/7406"}],"collection":[{"href":"https:\/\/www.atollplongee.com\/en\/wp-json\/wp\/v2\/product"}],"about":[{"href":"https:\/\/www.atollplongee.com\/en\/wp-json\/wp\/v2\/types\/product"}],"replies":[{"embeddable":true,"href":"https:\/\/www.atollplongee.com\/en\/wp-json\/wp\/v2\/comments?post=7406"}],"version-history":[{"count":15,"href":"https:\/\/www.atollplongee.com\/en\/wp-json\/wp\/v2\/product\/7406\/revisions"}],"predecessor-version":[{"id":7433,"href":"https:\/\/www.atollplongee.com\/en\/wp-json\/wp\/v2\/product\/7406\/revisions\/7433"}],"wp:featuredmedia":[{"embeddable":true,"href":"https:\/\/www.atollplongee.com\/en\/wp-json\/wp\/v2\/media\/7550"}],"wp:attachment":[{"href":"https:\/\/www.atollplongee.com\/en\/wp-json\/wp\/v2\/media?parent=7406"}],"wp:term":[{"taxonomy":"product_cat","embeddable":true,"href":"https:\/\/www.atollplongee.com\/en\/wp-json\/wp\/v2\/product_cat?post=7406"},{"taxonomy":"product_tag","embeddable":true,"href":"https:\/\/www.atollplongee.com\/en\/wp-json\/wp\/v2\/product_tag?post=7406"},{"taxonomy":"marques","embeddable":true,"href":"https:\/\/www.atollplongee.com\/en\/wp-json\/wp\/v2\/marques?post=7406"},{"taxonomy":"profondeur","embeddable":true,"href":"https:\/\/www.atollplongee.com\/en\/wp-json\/wp\/v2\/profondeur?post=7406"}],"curies":[{"name":"wp","href":"https:\/\/api.w.org\/{rel}","templated":true}]}}