{"id":7144,"date":"2021-02-28T05:16:54","date_gmt":"2021-02-28T04:16:54","guid":{"rendered":"https:\/\/www.atollplongee.com\/?post_type=product&#038;p=7144"},"modified":"2021-03-02T23:13:31","modified_gmt":"2021-03-02T22:13:31","slug":"discover-tec-padi","status":"publish","type":"product","link":"https:\/\/www.atollplongee.com\/en\/product\/discover-tec-padi\/","title":{"rendered":"Discover Tec PADI"},"content":{"rendered":"<p><strong>Votre cours s\u2019organise \u00e0 votre rythme sur 1 journ\u00e9e ou en 2 demi-journ\u00e9es.<\/strong><br \/>\nCe programme comprend :<\/p>\n<ul>\n<li>1 cours pratique de d\u00e9couverte, montage et r\u00e9glage du mat\u00e9riel Tec sp\u00e9cifique.<\/li>\n<li>1 plong\u00e9e d&#8217;application.<\/li>\n<li>1 d\u00e9briefing int\u00e9grant la philosophie du plongeur Tec et votre avenir.<\/li>\n<\/ul>\n<p>&nbsp;<\/p>\n<p>&nbsp;<\/p>","protected":false},"excerpt":{"rendered":"<p>Le programme Discover Tec est une exp\u00e9rience sp\u00e9cifiquement destin\u00e9e \u00e0 permettre aux participants de profiter et d\u2019essayer un mat\u00e9riel de plong\u00e9e TEK en circuit ouvert (wing, pony&#8230;). La configuration standard du plongeur Tec est donc requise car il s\u2019agit du point principal du programme.<\/p>","protected":false},"featured_media":7002,"comment_status":"open","ping_status":"closed","template":"","meta":[],"product_cat":[28,159,158],"product_tag":[91,90,58,87,88],"marques":[],"profondeur":[69],"acf":[],"yoast_head":"<!-- This site is optimized with the Yoast SEO plugin v17.9 - https:\/\/yoast.com\/wordpress\/plugins\/seo\/ -->\n<title>Discover Tec PADI - Atoll Plong\u00e9e Marseille<\/title>\n<meta name=\"robots\" content=\"index, follow, max-snippet:-1, max-image-preview:large, max-video-preview:-1\" \/>\n<link rel=\"canonical\" href=\"https:\/\/www.atollplongee.com\/en\/product\/discover-tec-padi\/\" \/>\n<meta property=\"og:locale\" content=\"en_US\" \/>\n<meta property=\"og:type\" content=\"article\" \/>\n<meta property=\"og:title\" content=\"Discover Tec PADI - Atoll Plong\u00e9e Marseille\" \/>\n<meta property=\"og:description\" content=\"Le programme Discover Tec est une exp\u00e9rience sp\u00e9cifiquement destin\u00e9e \u00e0 permettre aux participants de profiter et d\u2019essayer un mat\u00e9riel de plong\u00e9e TEK en circuit ouvert (wing, pony...). La configuration standard du plongeur Tec est donc requise car il s\u2019agit du point principal du programme.\" \/>\n<meta property=\"og:url\" content=\"https:\/\/www.atollplongee.com\/en\/product\/discover-tec-padi\/\" \/>\n<meta property=\"og:site_name\" content=\"Atoll Plong\u00e9e Marseille\" \/>\n<meta property=\"article:modified_time\" content=\"2021-03-02T22:13:31+00:00\" \/>\n<meta property=\"og:image\" content=\"https:\/\/www.atollplongee.com\/wp-content\/uploads\/2020\/12\/PE-60-photo-2.jpg\" \/>\n\t<meta property=\"og:image:width\" content=\"2000\" \/>\n\t<meta property=\"og:image:height\" content=\"1500\" \/>\n\t<meta property=\"og:image:type\" content=\"image\/jpeg\" \/>\n<meta name=\"twitter:card\" content=\"summary_large_image\" \/>\n<meta name=\"twitter:label1\" content=\"Est. reading time\" \/>\n\t<meta name=\"twitter:data1\" content=\"1 minute\" \/>\n<script type=\"application\/ld+json\" class=\"yoast-schema-graph\">{\"@context\":\"https:\/\/schema.org\",\"@graph\":[{\"@type\":\"Organization\",\"@id\":\"https:\/\/www.atollplongee.com\/#organization\",\"name\":\"Atoll\",\"url\":\"https:\/\/www.atollplongee.com\/\",\"sameAs\":[],\"logo\":{\"@type\":\"ImageObject\",\"@id\":\"https:\/\/www.atollplongee.com\/#logo\",\"inLanguage\":\"en-US\",\"url\":\"https:\/\/www.atollplongee.com\/wp-content\/uploads\/2019\/02\/plonge\\u0301e-marseille-atoll-logo-1.png\",\"contentUrl\":\"https:\/\/www.atollplongee.com\/wp-content\/uploads\/2019\/02\/plonge\\u0301e-marseille-atoll-logo-1.png\",\"width\":167,\"height\":42,\"caption\":\"Atoll\"},\"image\":{\"@id\":\"https:\/\/www.atollplongee.com\/#logo\"}},{\"@type\":\"WebSite\",\"@id\":\"https:\/\/www.atollplongee.com\/#website\",\"url\":\"https:\/\/www.atollplongee.com\/\",\"name\":\"Atoll Plong\\u00e9e Marseille\",\"description\":\"centre de plong\\u00e9e et de formation n\\u00b01 \\u00e0 Marseille\",\"publisher\":{\"@id\":\"https:\/\/www.atollplongee.com\/#organization\"},\"potentialAction\":[{\"@type\":\"SearchAction\",\"target\":{\"@type\":\"EntryPoint\",\"urlTemplate\":\"https:\/\/www.atollplongee.com\/?s={search_term_string}\"},\"query-input\":\"required name=search_term_string\"}],\"inLanguage\":\"en-US\"},{\"@type\":\"ImageObject\",\"@id\":\"https:\/\/www.atollplongee.com\/formation\/discover-tec-padi\/#primaryimage\",\"inLanguage\":\"en-US\",\"url\":\"https:\/\/www.atollplongee.com\/wp-content\/uploads\/2020\/12\/PE-60-photo-2.jpg\",\"contentUrl\":\"https:\/\/www.atollplongee.com\/wp-content\/uploads\/2020\/12\/PE-60-photo-2.jpg\",\"width\":2000,\"height\":1500},{\"@type\":\"WebPage\",\"@id\":\"https:\/\/www.atollplongee.com\/formation\/discover-tec-padi\/#webpage\",\"url\":\"https:\/\/www.atollplongee.com\/formation\/discover-tec-padi\/\",\"name\":\"Discover Tec PADI - Atoll Plong\\u00e9e Marseille\",\"isPartOf\":{\"@id\":\"https:\/\/www.atollplongee.com\/#website\"},\"primaryImageOfPage\":{\"@id\":\"https:\/\/www.atollplongee.com\/formation\/discover-tec-padi\/#primaryimage\"},\"datePublished\":\"2021-02-28T04:16:54+00:00\",\"dateModified\":\"2021-03-02T22:13:31+00:00\",\"breadcrumb\":{\"@id\":\"https:\/\/www.atollplongee.com\/formation\/discover-tec-padi\/#breadcrumb\"},\"inLanguage\":\"en-US\",\"potentialAction\":[{\"@type\":\"ReadAction\",\"target\":[\"https:\/\/www.atollplongee.com\/formation\/discover-tec-padi\/\"]}]},{\"@type\":\"BreadcrumbList\",\"@id\":\"https:\/\/www.atollplongee.com\/formation\/discover-tec-padi\/#breadcrumb\",\"itemListElement\":[{\"@type\":\"ListItem\",\"position\":1,\"name\":\"Accueil\",\"item\":\"https:\/\/www.atollplongee.com\/\"},{\"@type\":\"ListItem\",\"position\":2,\"name\":\"Boutique\",\"item\":\"https:\/\/www.atollplongee.com\/boutique\/\"},{\"@type\":\"ListItem\",\"position\":3,\"name\":\"Plong\\u00e9e\"},{\"@type\":\"ListItem\",\"position\":4,\"name\":\"Discover Tec PADI\"}]}]}<\/script>\n<!-- \/ Yoast SEO plugin. -->","yoast_head_json":{"title":"Discover Tec PADI - Atoll Plong\u00e9e Marseille","robots":{"index":"index","follow":"follow","max-snippet":"max-snippet:-1","max-image-preview":"max-image-preview:large","max-video-preview":"max-video-preview:-1"},"canonical":"https:\/\/www.atollplongee.com\/en\/product\/discover-tec-padi\/","og_locale":"en_US","og_type":"article","og_title":"Discover Tec PADI - Atoll Plong\u00e9e Marseille","og_description":"Le programme Discover Tec est une exp\u00e9rience sp\u00e9cifiquement destin\u00e9e \u00e0 permettre aux participants de profiter et d\u2019essayer un mat\u00e9riel de plong\u00e9e TEK en circuit ouvert (wing, pony...). La configuration standard du plongeur Tec est donc requise car il s\u2019agit du point principal du programme.","og_url":"https:\/\/www.atollplongee.com\/en\/product\/discover-tec-padi\/","og_site_name":"Atoll Plong\u00e9e Marseille","article_modified_time":"2021-03-02T22:13:31+00:00","og_image":[{"width":2000,"height":1500,"url":"https:\/\/www.atollplongee.com\/wp-content\/uploads\/2020\/12\/PE-60-photo-2.jpg","type":"image\/jpeg"}],"twitter_card":"summary_large_image","twitter_misc":{"Est. reading time":"1 minute"},"schema":{"@context":"https:\/\/schema.org","@graph":[{"@type":"Organization","@id":"https:\/\/www.atollplongee.com\/#organization","name":"Atoll","url":"https:\/\/www.atollplongee.com\/","sameAs":[],"logo":{"@type":"ImageObject","@id":"https:\/\/www.atollplongee.com\/#logo","inLanguage":"en-US","url":"https:\/\/www.atollplongee.com\/wp-content\/uploads\/2019\/02\/plonge\u0301e-marseille-atoll-logo-1.png","contentUrl":"https:\/\/www.atollplongee.com\/wp-content\/uploads\/2019\/02\/plonge\u0301e-marseille-atoll-logo-1.png","width":167,"height":42,"caption":"Atoll"},"image":{"@id":"https:\/\/www.atollplongee.com\/#logo"}},{"@type":"WebSite","@id":"https:\/\/www.atollplongee.com\/#website","url":"https:\/\/www.atollplongee.com\/","name":"Atoll Plong\u00e9e Marseille","description":"centre de plong\u00e9e et de formation n\u00b01 \u00e0 Marseille","publisher":{"@id":"https:\/\/www.atollplongee.com\/#organization"},"potentialAction":[{"@type":"SearchAction","target":{"@type":"EntryPoint","urlTemplate":"https:\/\/www.atollplongee.com\/?s={search_term_string}"},"query-input":"required name=search_term_string"}],"inLanguage":"en-US"},{"@type":"ImageObject","@id":"https:\/\/www.atollplongee.com\/formation\/discover-tec-padi\/#primaryimage","inLanguage":"en-US","url":"https:\/\/www.atollplongee.com\/wp-content\/uploads\/2020\/12\/PE-60-photo-2.jpg","contentUrl":"https:\/\/www.atollplongee.com\/wp-content\/uploads\/2020\/12\/PE-60-photo-2.jpg","width":2000,"height":1500},{"@type":"WebPage","@id":"https:\/\/www.atollplongee.com\/formation\/discover-tec-padi\/#webpage","url":"https:\/\/www.atollplongee.com\/formation\/discover-tec-padi\/","name":"Discover Tec PADI - Atoll Plong\u00e9e Marseille","isPartOf":{"@id":"https:\/\/www.atollplongee.com\/#website"},"primaryImageOfPage":{"@id":"https:\/\/www.atollplongee.com\/formation\/discover-tec-padi\/#primaryimage"},"datePublished":"2021-02-28T04:16:54+00:00","dateModified":"2021-03-02T22:13:31+00:00","breadcrumb":{"@id":"https:\/\/www.atollplongee.com\/formation\/discover-tec-padi\/#breadcrumb"},"inLanguage":"en-US","potentialAction":[{"@type":"ReadAction","target":["https:\/\/www.atollplongee.com\/formation\/discover-tec-padi\/"]}]},{"@type":"BreadcrumbList","@id":"https:\/\/www.atollplongee.com\/formation\/discover-tec-padi\/#breadcrumb","itemListElement":[{"@type":"ListItem","position":1,"name":"Accueil","item":"https:\/\/www.atollplongee.com\/"},{"@type":"ListItem","position":2,"name":"Boutique","item":"https:\/\/www.atollplongee.com\/boutique\/"},{"@type":"ListItem","position":3,"name":"Plong\u00e9e"},{"@type":"ListItem","position":4,"name":"Discover Tec PADI"}]}]}},"_links":{"self":[{"href":"https:\/\/www.atollplongee.com\/en\/wp-json\/wp\/v2\/product\/7144"}],"collection":[{"href":"https:\/\/www.atollplongee.com\/en\/wp-json\/wp\/v2\/product"}],"about":[{"href":"https:\/\/www.atollplongee.com\/en\/wp-json\/wp\/v2\/types\/product"}],"replies":[{"embeddable":true,"href":"https:\/\/www.atollplongee.com\/en\/wp-json\/wp\/v2\/comments?post=7144"}],"version-history":[{"count":16,"href":"https:\/\/www.atollplongee.com\/en\/wp-json\/wp\/v2\/product\/7144\/revisions"}],"predecessor-version":[{"id":7530,"href":"https:\/\/www.atollplongee.com\/en\/wp-json\/wp\/v2\/product\/7144\/revisions\/7530"}],"wp:featuredmedia":[{"embeddable":true,"href":"https:\/\/www.atollplongee.com\/en\/wp-json\/wp\/v2\/media\/7002"}],"wp:attachment":[{"href":"https:\/\/www.atollplongee.com\/en\/wp-json\/wp\/v2\/media?parent=7144"}],"wp:term":[{"taxonomy":"product_cat","embeddable":true,"href":"https:\/\/www.atollplongee.com\/en\/wp-json\/wp\/v2\/product_cat?post=7144"},{"taxonomy":"product_tag","embeddable":true,"href":"https:\/\/www.atollplongee.com\/en\/wp-json\/wp\/v2\/product_tag?post=7144"},{"taxonomy":"marques","embeddable":true,"href":"https:\/\/www.atollplongee.com\/en\/wp-json\/wp\/v2\/marques?post=7144"},{"taxonomy":"profondeur","embeddable":true,"href":"https:\/\/www.atollplongee.com\/en\/wp-json\/wp\/v2\/profondeur?post=7144"}],"curies":[{"name":"wp","href":"https:\/\/api.w.org\/{rel}","templated":true}]}}