{"id":6275,"date":"2021-01-28T10:02:20","date_gmt":"2021-01-28T09:02:20","guid":{"rendered":"https:\/\/www.atollplongee.com\/?post_type=product&#038;p=6275"},"modified":"2023-02-22T17:42:35","modified_gmt":"2023-02-22T16:42:35","slug":"la-plongee-de-nuit-2","status":"publish","type":"product","link":"https:\/\/www.atollplongee.com\/en\/product\/la-plongee-de-nuit-2\/","title":{"rendered":"La plong\u00e9e de Nuit"},"content":{"rendered":"<h2>Pourquoi plonger de nuit et quels sont les avantages ?<\/h2>\n<p><strong>D\u00e9couvrir un autre monde<\/strong><\/p>\n<p>La nuit, c\u2019est une vie sous-marine sp\u00e9cifique qui s\u2019offre \u00e0 vous avec des esp\u00e8ces qui sortent de leurs cachettes quand d\u2019autres les rejoignent pour se reposer. Soyez attentifs et respectueux face \u00e0 cette faune qui se repose tranquillement \u00e0 c\u00f4t\u00e9 de vous. C\u2019est vraiment l\u2019occasion de voir un spectacle magnifique !<\/p>\n<p>Imaginez les comatules d\u00e9ploy\u00e9es, des \u201ctapis\u201d d\u2019oursins, des crustac\u00e9s surprenants qui sortent enfin de leur recoin, des convois de seiches parties se nourrir\u2026.<\/p>\n<p><strong>Une ambiance si particuli\u00e8re<\/strong><\/p>\n<p>Ce moment est toujours tr\u00e8s excitant pour les plongeurs, la convivialit\u00e9 qui r\u00e8gne avant et apr\u00e8s ne se voit sur aucun autre type de plong\u00e9e.<\/p>\n<p>Tout au long de votre balade nocturne, le calme et la s\u00e9r\u00e9nit\u00e9 r\u00e8gne \u2026. la \u00ab z\u00e9nitude \u00bb des poissons endormis vous rappelle \u00e0 quel point c\u2019est pour \u00e7a que vous plongez!<\/p>\n<p>Et m\u00eame si vous ne croisez pas d\u2019autres palanqu\u00e9es, vous verrez des faisceaux lumineux dans l\u2019obscurit\u00e9 \u2026un petit peu \u00e0 la star wars !!! Aucun sentiment de solitude.<\/p>","protected":false},"excerpt":{"rendered":"<p>Pourquoi plonger de nuit et quels sont les avantages ? D\u00e9couvrir un autre monde La nuit, c\u2019est une vie sous-marine sp\u00e9cifique qui s\u2019offre \u00e0 vous avec des esp\u00e8ces qui sortent de leurs cachettes quand d\u2019autres les rejoignent pour se reposer. Soyez attentifs et respectueux face \u00e0 cette faune qui se repose tranquillement \u00e0 c\u00f4t\u00e9 de [&hellip;]<\/p>","protected":false},"featured_media":742,"comment_status":"open","ping_status":"closed","template":"","meta":[],"product_cat":[42,28,159,158],"product_tag":[87],"marques":[],"profondeur":[],"acf":[],"yoast_head":"<!-- This site is optimized with the Yoast SEO plugin v17.9 - https:\/\/yoast.com\/wordpress\/plugins\/seo\/ -->\n<title>La plong\u00e9e de Nuit - Atoll Plong\u00e9e Marseille<\/title>\n<meta name=\"robots\" content=\"index, follow, max-snippet:-1, max-image-preview:large, max-video-preview:-1\" \/>\n<link rel=\"canonical\" href=\"https:\/\/www.atollplongee.com\/en\/product\/la-plongee-de-nuit-2\/\" \/>\n<meta property=\"og:locale\" content=\"en_US\" \/>\n<meta property=\"og:type\" content=\"article\" \/>\n<meta property=\"og:title\" content=\"La plong\u00e9e de Nuit - Atoll Plong\u00e9e Marseille\" \/>\n<meta property=\"og:description\" content=\"Pourquoi plonger de nuit et quels sont les avantages ? D\u00e9couvrir un autre monde La nuit, c\u2019est une vie sous-marine sp\u00e9cifique qui s\u2019offre \u00e0 vous avec des esp\u00e8ces qui sortent de leurs cachettes quand d\u2019autres les rejoignent pour se reposer. Soyez attentifs et respectueux face \u00e0 cette faune qui se repose tranquillement \u00e0 c\u00f4t\u00e9 de [&hellip;]\" \/>\n<meta property=\"og:url\" content=\"https:\/\/www.atollplongee.com\/en\/product\/la-plongee-de-nuit-2\/\" \/>\n<meta property=\"og:site_name\" content=\"Atoll Plong\u00e9e Marseille\" \/>\n<meta property=\"article:modified_time\" content=\"2023-02-22T16:42:35+00:00\" \/>\n<meta property=\"og:image\" content=\"https:\/\/www.atollplongee.com\/wp-content\/uploads\/2019\/03\/jacob-waldrop-1116453-unsplash.jpg\" \/>\n\t<meta property=\"og:image:width\" content=\"2667\" \/>\n\t<meta property=\"og:image:height\" content=\"2000\" \/>\n\t<meta property=\"og:image:type\" content=\"image\/jpeg\" \/>\n<meta name=\"twitter:card\" content=\"summary_large_image\" \/>\n<meta name=\"twitter:label1\" content=\"Est. reading time\" \/>\n\t<meta name=\"twitter:data1\" content=\"1 minute\" \/>\n<script type=\"application\/ld+json\" class=\"yoast-schema-graph\">{\"@context\":\"https:\/\/schema.org\",\"@graph\":[{\"@type\":\"Organization\",\"@id\":\"https:\/\/www.atollplongee.com\/#organization\",\"name\":\"Atoll\",\"url\":\"https:\/\/www.atollplongee.com\/\",\"sameAs\":[],\"logo\":{\"@type\":\"ImageObject\",\"@id\":\"https:\/\/www.atollplongee.com\/#logo\",\"inLanguage\":\"en-US\",\"url\":\"https:\/\/www.atollplongee.com\/wp-content\/uploads\/2019\/02\/plonge\\u0301e-marseille-atoll-logo-1.png\",\"contentUrl\":\"https:\/\/www.atollplongee.com\/wp-content\/uploads\/2019\/02\/plonge\\u0301e-marseille-atoll-logo-1.png\",\"width\":167,\"height\":42,\"caption\":\"Atoll\"},\"image\":{\"@id\":\"https:\/\/www.atollplongee.com\/#logo\"}},{\"@type\":\"WebSite\",\"@id\":\"https:\/\/www.atollplongee.com\/#website\",\"url\":\"https:\/\/www.atollplongee.com\/\",\"name\":\"Atoll Plong\\u00e9e Marseille\",\"description\":\"centre de plong\\u00e9e et de formation n\\u00b01 \\u00e0 Marseille\",\"publisher\":{\"@id\":\"https:\/\/www.atollplongee.com\/#organization\"},\"potentialAction\":[{\"@type\":\"SearchAction\",\"target\":{\"@type\":\"EntryPoint\",\"urlTemplate\":\"https:\/\/www.atollplongee.com\/?s={search_term_string}\"},\"query-input\":\"required name=search_term_string\"}],\"inLanguage\":\"en-US\"},{\"@type\":\"ImageObject\",\"@id\":\"https:\/\/www.atollplongee.com\/exploration\/la-plongee-de-nuit-2\/#primaryimage\",\"inLanguage\":\"en-US\",\"url\":\"https:\/\/www.atollplongee.com\/wp-content\/uploads\/2019\/03\/jacob-waldrop-1116453-unsplash.jpg\",\"contentUrl\":\"https:\/\/www.atollplongee.com\/wp-content\/uploads\/2019\/03\/jacob-waldrop-1116453-unsplash.jpg\",\"width\":2667,\"height\":2000},{\"@type\":\"WebPage\",\"@id\":\"https:\/\/www.atollplongee.com\/exploration\/la-plongee-de-nuit-2\/#webpage\",\"url\":\"https:\/\/www.atollplongee.com\/exploration\/la-plongee-de-nuit-2\/\",\"name\":\"La plong\\u00e9e de Nuit - Atoll Plong\\u00e9e Marseille\",\"isPartOf\":{\"@id\":\"https:\/\/www.atollplongee.com\/#website\"},\"primaryImageOfPage\":{\"@id\":\"https:\/\/www.atollplongee.com\/exploration\/la-plongee-de-nuit-2\/#primaryimage\"},\"datePublished\":\"2021-01-28T09:02:20+00:00\",\"dateModified\":\"2023-02-22T16:42:35+00:00\",\"breadcrumb\":{\"@id\":\"https:\/\/www.atollplongee.com\/exploration\/la-plongee-de-nuit-2\/#breadcrumb\"},\"inLanguage\":\"en-US\",\"potentialAction\":[{\"@type\":\"ReadAction\",\"target\":[\"https:\/\/www.atollplongee.com\/exploration\/la-plongee-de-nuit-2\/\"]}]},{\"@type\":\"BreadcrumbList\",\"@id\":\"https:\/\/www.atollplongee.com\/exploration\/la-plongee-de-nuit-2\/#breadcrumb\",\"itemListElement\":[{\"@type\":\"ListItem\",\"position\":1,\"name\":\"Accueil\",\"item\":\"https:\/\/www.atollplongee.com\/\"},{\"@type\":\"ListItem\",\"position\":2,\"name\":\"Boutique\",\"item\":\"https:\/\/www.atollplongee.com\/boutique\/\"},{\"@type\":\"ListItem\",\"position\":3,\"name\":\"Plong\\u00e9e\"},{\"@type\":\"ListItem\",\"position\":4,\"name\":\"Plong\\u00e9es th\\u00e9matiques\"},{\"@type\":\"ListItem\",\"position\":5,\"name\":\"La plong\\u00e9e de Nuit\"}]}]}<\/script>\n<!-- \/ Yoast SEO plugin. -->","yoast_head_json":{"title":"La plong\u00e9e de Nuit - Atoll Plong\u00e9e Marseille","robots":{"index":"index","follow":"follow","max-snippet":"max-snippet:-1","max-image-preview":"max-image-preview:large","max-video-preview":"max-video-preview:-1"},"canonical":"https:\/\/www.atollplongee.com\/en\/product\/la-plongee-de-nuit-2\/","og_locale":"en_US","og_type":"article","og_title":"La plong\u00e9e de Nuit - Atoll Plong\u00e9e Marseille","og_description":"Pourquoi plonger de nuit et quels sont les avantages ? D\u00e9couvrir un autre monde La nuit, c\u2019est une vie sous-marine sp\u00e9cifique qui s\u2019offre \u00e0 vous avec des esp\u00e8ces qui sortent de leurs cachettes quand d\u2019autres les rejoignent pour se reposer. Soyez attentifs et respectueux face \u00e0 cette faune qui se repose tranquillement \u00e0 c\u00f4t\u00e9 de [&hellip;]","og_url":"https:\/\/www.atollplongee.com\/en\/product\/la-plongee-de-nuit-2\/","og_site_name":"Atoll Plong\u00e9e Marseille","article_modified_time":"2023-02-22T16:42:35+00:00","og_image":[{"width":2667,"height":2000,"url":"https:\/\/www.atollplongee.com\/wp-content\/uploads\/2019\/03\/jacob-waldrop-1116453-unsplash.jpg","type":"image\/jpeg"}],"twitter_card":"summary_large_image","twitter_misc":{"Est. reading time":"1 minute"},"schema":{"@context":"https:\/\/schema.org","@graph":[{"@type":"Organization","@id":"https:\/\/www.atollplongee.com\/#organization","name":"Atoll","url":"https:\/\/www.atollplongee.com\/","sameAs":[],"logo":{"@type":"ImageObject","@id":"https:\/\/www.atollplongee.com\/#logo","inLanguage":"en-US","url":"https:\/\/www.atollplongee.com\/wp-content\/uploads\/2019\/02\/plonge\u0301e-marseille-atoll-logo-1.png","contentUrl":"https:\/\/www.atollplongee.com\/wp-content\/uploads\/2019\/02\/plonge\u0301e-marseille-atoll-logo-1.png","width":167,"height":42,"caption":"Atoll"},"image":{"@id":"https:\/\/www.atollplongee.com\/#logo"}},{"@type":"WebSite","@id":"https:\/\/www.atollplongee.com\/#website","url":"https:\/\/www.atollplongee.com\/","name":"Atoll Plong\u00e9e Marseille","description":"centre de plong\u00e9e et de formation n\u00b01 \u00e0 Marseille","publisher":{"@id":"https:\/\/www.atollplongee.com\/#organization"},"potentialAction":[{"@type":"SearchAction","target":{"@type":"EntryPoint","urlTemplate":"https:\/\/www.atollplongee.com\/?s={search_term_string}"},"query-input":"required name=search_term_string"}],"inLanguage":"en-US"},{"@type":"ImageObject","@id":"https:\/\/www.atollplongee.com\/exploration\/la-plongee-de-nuit-2\/#primaryimage","inLanguage":"en-US","url":"https:\/\/www.atollplongee.com\/wp-content\/uploads\/2019\/03\/jacob-waldrop-1116453-unsplash.jpg","contentUrl":"https:\/\/www.atollplongee.com\/wp-content\/uploads\/2019\/03\/jacob-waldrop-1116453-unsplash.jpg","width":2667,"height":2000},{"@type":"WebPage","@id":"https:\/\/www.atollplongee.com\/exploration\/la-plongee-de-nuit-2\/#webpage","url":"https:\/\/www.atollplongee.com\/exploration\/la-plongee-de-nuit-2\/","name":"La plong\u00e9e de Nuit - Atoll Plong\u00e9e Marseille","isPartOf":{"@id":"https:\/\/www.atollplongee.com\/#website"},"primaryImageOfPage":{"@id":"https:\/\/www.atollplongee.com\/exploration\/la-plongee-de-nuit-2\/#primaryimage"},"datePublished":"2021-01-28T09:02:20+00:00","dateModified":"2023-02-22T16:42:35+00:00","breadcrumb":{"@id":"https:\/\/www.atollplongee.com\/exploration\/la-plongee-de-nuit-2\/#breadcrumb"},"inLanguage":"en-US","potentialAction":[{"@type":"ReadAction","target":["https:\/\/www.atollplongee.com\/exploration\/la-plongee-de-nuit-2\/"]}]},{"@type":"BreadcrumbList","@id":"https:\/\/www.atollplongee.com\/exploration\/la-plongee-de-nuit-2\/#breadcrumb","itemListElement":[{"@type":"ListItem","position":1,"name":"Accueil","item":"https:\/\/www.atollplongee.com\/"},{"@type":"ListItem","position":2,"name":"Boutique","item":"https:\/\/www.atollplongee.com\/boutique\/"},{"@type":"ListItem","position":3,"name":"Plong\u00e9e"},{"@type":"ListItem","position":4,"name":"Plong\u00e9es th\u00e9matiques"},{"@type":"ListItem","position":5,"name":"La plong\u00e9e de Nuit"}]}]}},"_links":{"self":[{"href":"https:\/\/www.atollplongee.com\/en\/wp-json\/wp\/v2\/product\/6275"}],"collection":[{"href":"https:\/\/www.atollplongee.com\/en\/wp-json\/wp\/v2\/product"}],"about":[{"href":"https:\/\/www.atollplongee.com\/en\/wp-json\/wp\/v2\/types\/product"}],"replies":[{"embeddable":true,"href":"https:\/\/www.atollplongee.com\/en\/wp-json\/wp\/v2\/comments?post=6275"}],"version-history":[{"count":15,"href":"https:\/\/www.atollplongee.com\/en\/wp-json\/wp\/v2\/product\/6275\/revisions"}],"predecessor-version":[{"id":8721,"href":"https:\/\/www.atollplongee.com\/en\/wp-json\/wp\/v2\/product\/6275\/revisions\/8721"}],"wp:featuredmedia":[{"embeddable":true,"href":"https:\/\/www.atollplongee.com\/en\/wp-json\/wp\/v2\/media\/742"}],"wp:attachment":[{"href":"https:\/\/www.atollplongee.com\/en\/wp-json\/wp\/v2\/media?parent=6275"}],"wp:term":[{"taxonomy":"product_cat","embeddable":true,"href":"https:\/\/www.atollplongee.com\/en\/wp-json\/wp\/v2\/product_cat?post=6275"},{"taxonomy":"product_tag","embeddable":true,"href":"https:\/\/www.atollplongee.com\/en\/wp-json\/wp\/v2\/product_tag?post=6275"},{"taxonomy":"marques","embeddable":true,"href":"https:\/\/www.atollplongee.com\/en\/wp-json\/wp\/v2\/marques?post=6275"},{"taxonomy":"profondeur","embeddable":true,"href":"https:\/\/www.atollplongee.com\/en\/wp-json\/wp\/v2\/profondeur?post=6275"}],"curies":[{"name":"wp","href":"https:\/\/api.w.org\/{rel}","templated":true}]}}