{"id":6119,"date":"2021-01-27T17:25:08","date_gmt":"2021-01-27T16:25:08","guid":{"rendered":"https:\/\/www.atollplongee.com\/?post_type=product&#038;p=6119"},"modified":"2023-02-22T18:09:39","modified_gmt":"2023-02-22T17:09:39","slug":"mieux-sorienter","status":"publish","type":"product","link":"https:\/\/www.atollplongee.com\/en\/product\/mieux-sorienter\/","title":{"rendered":"Sp\u00e9cialit\u00e9 d&#8217;orientation"},"content":{"rendered":"<p>Savoir o\u00f9 l&#8217;on se trouve, quelle direction prendre pour se rendre sur le site recherch\u00e9 ou retrouver le bateau voil\u00e0 les d\u00e9fis de tout plongeur lors de ses explorations :<\/p>\n<p>Et parce que se perdre sous l&#8217;eau peut avoir des cons\u00e9quences (panne d&#8217;air, \u00e9puisement d\u00fb au rallongement de distance, remont\u00e9e en surface dans une zone \u00e0 risque etc&#8230;), d\u00e9velopper son sens de l&#8217;orientation sous l&#8217;eau est indispensable \u00e0 une pratique en toute s\u00e9curit\u00e9 ;<\/p>\n<p>C&#8217;est pour cela que notre \u00e9quipe de moniteurs est l\u00e0 pour vous enseigner non seulement des techniques \u00e9prouv\u00e9es (prise de rep\u00e8res visuels, estimation de distance parcourue, m\u00e9morisation du parcours effectu\u00e9, utilisation de la boussole etc&#8230;) mais aussi vous faire partager leurs ann\u00e9es d&#8217;exp\u00e9rience et leurs &#8220;petits trucs&#8221; pour ne pas se perdre sous l&#8217;eau.<\/p>\n<p>En 2 plong\u00e9es vous apprendrez tout ce qu&#8217;il faut savoir pour &#8220;rentrer \u00e0 bon port&#8221; et ma\u00eetriser votre orientations sous-marine.<\/p>\n<p>Avec les \u00e9quipes MARSEILLE PLONG\u00c9E gardez le bon cap en toute s\u00e9curit\u00e9 !<\/p>\n<p>&nbsp;<\/p>","protected":false},"excerpt":{"rendered":"<p>Vous souhaitez apprendre \u00e0 plonger en toute s\u00e9curit\u00e9 entre 0 et 40 m, toujours encadr\u00e9 par un moniteur professionnel et d\u00e9couvrir plus de 70 sites du Parc des Calanques de Marseille.<\/p>","protected":false},"featured_media":8291,"comment_status":"open","ping_status":"closed","template":"","meta":[],"product_cat":[28,159,158],"product_tag":[87,162],"marques":[],"profondeur":[],"acf":[],"yoast_head":"<!-- This site is optimized with the Yoast SEO plugin v17.9 - https:\/\/yoast.com\/wordpress\/plugins\/seo\/ -->\n<title>Sp\u00e9cialit\u00e9 d&#039;orientation - Atoll Plong\u00e9e Marseille<\/title>\n<meta name=\"robots\" content=\"index, follow, max-snippet:-1, max-image-preview:large, max-video-preview:-1\" \/>\n<link rel=\"canonical\" href=\"https:\/\/www.atollplongee.com\/en\/product\/mieux-sorienter\/\" \/>\n<meta property=\"og:locale\" content=\"en_US\" \/>\n<meta property=\"og:type\" content=\"article\" \/>\n<meta property=\"og:title\" content=\"Sp\u00e9cialit\u00e9 d&#039;orientation - Atoll Plong\u00e9e Marseille\" \/>\n<meta property=\"og:description\" content=\"Vous souhaitez apprendre \u00e0 plonger en toute s\u00e9curit\u00e9 entre 0 et 40 m, toujours encadr\u00e9 par un moniteur professionnel et d\u00e9couvrir plus de 70 sites du Parc des Calanques de Marseille.\" \/>\n<meta property=\"og:url\" content=\"https:\/\/www.atollplongee.com\/en\/product\/mieux-sorienter\/\" \/>\n<meta property=\"og:site_name\" content=\"Atoll Plong\u00e9e Marseille\" \/>\n<meta property=\"article:modified_time\" content=\"2023-02-22T17:09:39+00:00\" \/>\n<meta property=\"og:image\" content=\"https:\/\/www.atollplongee.com\/wp-content\/uploads\/2021\/11\/UN2-b0FkhHx8.jpg\" \/>\n\t<meta property=\"og:image:width\" content=\"1235\" \/>\n\t<meta property=\"og:image:height\" content=\"695\" \/>\n\t<meta property=\"og:image:type\" content=\"image\/jpeg\" \/>\n<meta name=\"twitter:card\" content=\"summary_large_image\" \/>\n<meta name=\"twitter:label1\" content=\"Est. reading time\" \/>\n\t<meta name=\"twitter:data1\" content=\"1 minute\" \/>\n<script type=\"application\/ld+json\" class=\"yoast-schema-graph\">{\"@context\":\"https:\/\/schema.org\",\"@graph\":[{\"@type\":\"Organization\",\"@id\":\"https:\/\/www.atollplongee.com\/#organization\",\"name\":\"Atoll\",\"url\":\"https:\/\/www.atollplongee.com\/\",\"sameAs\":[],\"logo\":{\"@type\":\"ImageObject\",\"@id\":\"https:\/\/www.atollplongee.com\/#logo\",\"inLanguage\":\"en-US\",\"url\":\"https:\/\/www.atollplongee.com\/wp-content\/uploads\/2019\/02\/plonge\\u0301e-marseille-atoll-logo-1.png\",\"contentUrl\":\"https:\/\/www.atollplongee.com\/wp-content\/uploads\/2019\/02\/plonge\\u0301e-marseille-atoll-logo-1.png\",\"width\":167,\"height\":42,\"caption\":\"Atoll\"},\"image\":{\"@id\":\"https:\/\/www.atollplongee.com\/#logo\"}},{\"@type\":\"WebSite\",\"@id\":\"https:\/\/www.atollplongee.com\/#website\",\"url\":\"https:\/\/www.atollplongee.com\/\",\"name\":\"Atoll Plong\\u00e9e Marseille\",\"description\":\"centre de plong\\u00e9e et de formation n\\u00b01 \\u00e0 Marseille\",\"publisher\":{\"@id\":\"https:\/\/www.atollplongee.com\/#organization\"},\"potentialAction\":[{\"@type\":\"SearchAction\",\"target\":{\"@type\":\"EntryPoint\",\"urlTemplate\":\"https:\/\/www.atollplongee.com\/?s={search_term_string}\"},\"query-input\":\"required name=search_term_string\"}],\"inLanguage\":\"en-US\"},{\"@type\":\"ImageObject\",\"@id\":\"https:\/\/www.atollplongee.com\/formation\/mieux-sorienter\/#primaryimage\",\"inLanguage\":\"en-US\",\"url\":\"https:\/\/www.atollplongee.com\/wp-content\/uploads\/2021\/11\/UN2-b0FkhHx8.jpg\",\"contentUrl\":\"https:\/\/www.atollplongee.com\/wp-content\/uploads\/2021\/11\/UN2-b0FkhHx8.jpg\",\"width\":1235,\"height\":695},{\"@type\":\"WebPage\",\"@id\":\"https:\/\/www.atollplongee.com\/formation\/mieux-sorienter\/#webpage\",\"url\":\"https:\/\/www.atollplongee.com\/formation\/mieux-sorienter\/\",\"name\":\"Sp\\u00e9cialit\\u00e9 d'orientation - Atoll Plong\\u00e9e Marseille\",\"isPartOf\":{\"@id\":\"https:\/\/www.atollplongee.com\/#website\"},\"primaryImageOfPage\":{\"@id\":\"https:\/\/www.atollplongee.com\/formation\/mieux-sorienter\/#primaryimage\"},\"datePublished\":\"2021-01-27T16:25:08+00:00\",\"dateModified\":\"2023-02-22T17:09:39+00:00\",\"breadcrumb\":{\"@id\":\"https:\/\/www.atollplongee.com\/formation\/mieux-sorienter\/#breadcrumb\"},\"inLanguage\":\"en-US\",\"potentialAction\":[{\"@type\":\"ReadAction\",\"target\":[\"https:\/\/www.atollplongee.com\/formation\/mieux-sorienter\/\"]}]},{\"@type\":\"BreadcrumbList\",\"@id\":\"https:\/\/www.atollplongee.com\/formation\/mieux-sorienter\/#breadcrumb\",\"itemListElement\":[{\"@type\":\"ListItem\",\"position\":1,\"name\":\"Accueil\",\"item\":\"https:\/\/www.atollplongee.com\/\"},{\"@type\":\"ListItem\",\"position\":2,\"name\":\"Boutique\",\"item\":\"https:\/\/www.atollplongee.com\/boutique\/\"},{\"@type\":\"ListItem\",\"position\":3,\"name\":\"Plong\\u00e9e\"},{\"@type\":\"ListItem\",\"position\":4,\"name\":\"Formation\"},{\"@type\":\"ListItem\",\"position\":5,\"name\":\"Sp\\u00e9cialit\\u00e9 d&#8217;orientation\"}]}]}<\/script>\n<!-- \/ Yoast SEO plugin. -->","yoast_head_json":{"title":"Sp\u00e9cialit\u00e9 d'orientation - Atoll Plong\u00e9e Marseille","robots":{"index":"index","follow":"follow","max-snippet":"max-snippet:-1","max-image-preview":"max-image-preview:large","max-video-preview":"max-video-preview:-1"},"canonical":"https:\/\/www.atollplongee.com\/en\/product\/mieux-sorienter\/","og_locale":"en_US","og_type":"article","og_title":"Sp\u00e9cialit\u00e9 d'orientation - Atoll Plong\u00e9e Marseille","og_description":"Vous souhaitez apprendre \u00e0 plonger en toute s\u00e9curit\u00e9 entre 0 et 40 m, toujours encadr\u00e9 par un moniteur professionnel et d\u00e9couvrir plus de 70 sites du Parc des Calanques de Marseille.","og_url":"https:\/\/www.atollplongee.com\/en\/product\/mieux-sorienter\/","og_site_name":"Atoll Plong\u00e9e Marseille","article_modified_time":"2023-02-22T17:09:39+00:00","og_image":[{"width":1235,"height":695,"url":"https:\/\/www.atollplongee.com\/wp-content\/uploads\/2021\/11\/UN2-b0FkhHx8.jpg","type":"image\/jpeg"}],"twitter_card":"summary_large_image","twitter_misc":{"Est. reading time":"1 minute"},"schema":{"@context":"https:\/\/schema.org","@graph":[{"@type":"Organization","@id":"https:\/\/www.atollplongee.com\/#organization","name":"Atoll","url":"https:\/\/www.atollplongee.com\/","sameAs":[],"logo":{"@type":"ImageObject","@id":"https:\/\/www.atollplongee.com\/#logo","inLanguage":"en-US","url":"https:\/\/www.atollplongee.com\/wp-content\/uploads\/2019\/02\/plonge\u0301e-marseille-atoll-logo-1.png","contentUrl":"https:\/\/www.atollplongee.com\/wp-content\/uploads\/2019\/02\/plonge\u0301e-marseille-atoll-logo-1.png","width":167,"height":42,"caption":"Atoll"},"image":{"@id":"https:\/\/www.atollplongee.com\/#logo"}},{"@type":"WebSite","@id":"https:\/\/www.atollplongee.com\/#website","url":"https:\/\/www.atollplongee.com\/","name":"Atoll Plong\u00e9e Marseille","description":"centre de plong\u00e9e et de formation n\u00b01 \u00e0 Marseille","publisher":{"@id":"https:\/\/www.atollplongee.com\/#organization"},"potentialAction":[{"@type":"SearchAction","target":{"@type":"EntryPoint","urlTemplate":"https:\/\/www.atollplongee.com\/?s={search_term_string}"},"query-input":"required name=search_term_string"}],"inLanguage":"en-US"},{"@type":"ImageObject","@id":"https:\/\/www.atollplongee.com\/formation\/mieux-sorienter\/#primaryimage","inLanguage":"en-US","url":"https:\/\/www.atollplongee.com\/wp-content\/uploads\/2021\/11\/UN2-b0FkhHx8.jpg","contentUrl":"https:\/\/www.atollplongee.com\/wp-content\/uploads\/2021\/11\/UN2-b0FkhHx8.jpg","width":1235,"height":695},{"@type":"WebPage","@id":"https:\/\/www.atollplongee.com\/formation\/mieux-sorienter\/#webpage","url":"https:\/\/www.atollplongee.com\/formation\/mieux-sorienter\/","name":"Sp\u00e9cialit\u00e9 d'orientation - Atoll Plong\u00e9e Marseille","isPartOf":{"@id":"https:\/\/www.atollplongee.com\/#website"},"primaryImageOfPage":{"@id":"https:\/\/www.atollplongee.com\/formation\/mieux-sorienter\/#primaryimage"},"datePublished":"2021-01-27T16:25:08+00:00","dateModified":"2023-02-22T17:09:39+00:00","breadcrumb":{"@id":"https:\/\/www.atollplongee.com\/formation\/mieux-sorienter\/#breadcrumb"},"inLanguage":"en-US","potentialAction":[{"@type":"ReadAction","target":["https:\/\/www.atollplongee.com\/formation\/mieux-sorienter\/"]}]},{"@type":"BreadcrumbList","@id":"https:\/\/www.atollplongee.com\/formation\/mieux-sorienter\/#breadcrumb","itemListElement":[{"@type":"ListItem","position":1,"name":"Accueil","item":"https:\/\/www.atollplongee.com\/"},{"@type":"ListItem","position":2,"name":"Boutique","item":"https:\/\/www.atollplongee.com\/boutique\/"},{"@type":"ListItem","position":3,"name":"Plong\u00e9e"},{"@type":"ListItem","position":4,"name":"Formation"},{"@type":"ListItem","position":5,"name":"Sp\u00e9cialit\u00e9 d&#8217;orientation"}]}]}},"_links":{"self":[{"href":"https:\/\/www.atollplongee.com\/en\/wp-json\/wp\/v2\/product\/6119"}],"collection":[{"href":"https:\/\/www.atollplongee.com\/en\/wp-json\/wp\/v2\/product"}],"about":[{"href":"https:\/\/www.atollplongee.com\/en\/wp-json\/wp\/v2\/types\/product"}],"replies":[{"embeddable":true,"href":"https:\/\/www.atollplongee.com\/en\/wp-json\/wp\/v2\/comments?post=6119"}],"version-history":[{"count":15,"href":"https:\/\/www.atollplongee.com\/en\/wp-json\/wp\/v2\/product\/6119\/revisions"}],"predecessor-version":[{"id":8820,"href":"https:\/\/www.atollplongee.com\/en\/wp-json\/wp\/v2\/product\/6119\/revisions\/8820"}],"wp:featuredmedia":[{"embeddable":true,"href":"https:\/\/www.atollplongee.com\/en\/wp-json\/wp\/v2\/media\/8291"}],"wp:attachment":[{"href":"https:\/\/www.atollplongee.com\/en\/wp-json\/wp\/v2\/media?parent=6119"}],"wp:term":[{"taxonomy":"product_cat","embeddable":true,"href":"https:\/\/www.atollplongee.com\/en\/wp-json\/wp\/v2\/product_cat?post=6119"},{"taxonomy":"product_tag","embeddable":true,"href":"https:\/\/www.atollplongee.com\/en\/wp-json\/wp\/v2\/product_tag?post=6119"},{"taxonomy":"marques","embeddable":true,"href":"https:\/\/www.atollplongee.com\/en\/wp-json\/wp\/v2\/marques?post=6119"},{"taxonomy":"profondeur","embeddable":true,"href":"https:\/\/www.atollplongee.com\/en\/wp-json\/wp\/v2\/profondeur?post=6119"}],"curies":[{"name":"wp","href":"https:\/\/api.w.org\/{rel}","templated":true}]}}