{"id":5686,"date":"2021-01-25T12:33:23","date_gmt":"2021-01-25T11:33:23","guid":{"rendered":"https:\/\/www.atollplongee.com\/?post_type=product&#038;p=5686"},"modified":"2021-02-27T18:28:10","modified_gmt":"2021-02-27T17:28:10","slug":"moniteur-federal-1-er-degre-mf1","status":"publish","type":"product","link":"https:\/\/www.atollplongee.com\/en\/product\/moniteur-federal-1-er-degre-mf1\/","title":{"rendered":"Le Moniteur f\u00e9d\u00e9ral 1er degr\u00e9 MF1"},"content":{"rendered":"<p><strong>Notre engagement :<\/strong><\/p>\n<p>Au sein de notre centre vous allez suivre une formation individualis\u00e9e, pilot\u00e9e par votre tuteur dipl\u00f4m\u00e9 d\u2019\u00e9tat qui vous accompagnera dans toutes vos mises en situation\u00a0et qui assurera un suivi pratique et th\u00e9orique.<\/p>\n<p>Marseille plong\u00e9e est une structure autant experte dans la formation du plongeur individuel (du d\u00e9butant au plongeur profond) que dans l\u2019accueil et l\u2019encadrement des groupes de plongeurs.<\/p>\n<p>C\u2019est l\u2019assurance de diversifier vos exp\u00e9riences dans l\u2019approche du public, l\u2019organisation, et la formation\u2026.<\/p>\n<p>N\u2019h\u00e9sitez pas \u00e0 nous contacter pour plus de renseignements\u00a0!<\/p>","protected":false},"excerpt":{"rendered":"<p>Notre engagement : Au sein de notre centre vous allez suivre une formation individualis\u00e9e, pilot\u00e9e par votre tuteur dipl\u00f4m\u00e9 d\u2019\u00e9tat qui vous accompagnera dans toutes vos mises en situation\u00a0et qui assurera un suivi pratique et th\u00e9orique. Marseille plong\u00e9e est une structure autant experte dans la formation du plongeur individuel (du d\u00e9butant au plongeur profond) que [&hellip;]<\/p>","protected":false},"featured_media":742,"comment_status":"open","ping_status":"closed","template":"","meta":[],"product_cat":[28,159],"product_tag":[59,87],"marques":[],"profondeur":[],"acf":[],"yoast_head":"<!-- This site is optimized with the Yoast SEO plugin v17.9 - https:\/\/yoast.com\/wordpress\/plugins\/seo\/ -->\n<title>Le Moniteur f\u00e9d\u00e9ral 1er degr\u00e9 MF1 - Atoll Plong\u00e9e Marseille<\/title>\n<meta name=\"robots\" content=\"index, follow, max-snippet:-1, max-image-preview:large, max-video-preview:-1\" \/>\n<link rel=\"canonical\" href=\"https:\/\/www.atollplongee.com\/en\/product\/moniteur-federal-1-er-degre-mf1\/\" \/>\n<meta property=\"og:locale\" content=\"en_US\" \/>\n<meta property=\"og:type\" content=\"article\" \/>\n<meta property=\"og:title\" content=\"Le Moniteur f\u00e9d\u00e9ral 1er degr\u00e9 MF1 - Atoll Plong\u00e9e Marseille\" \/>\n<meta property=\"og:description\" content=\"Notre engagement : Au sein de notre centre vous allez suivre une formation individualis\u00e9e, pilot\u00e9e par votre tuteur dipl\u00f4m\u00e9 d\u2019\u00e9tat qui vous accompagnera dans toutes vos mises en situation\u00a0et qui assurera un suivi pratique et th\u00e9orique. Marseille plong\u00e9e est une structure autant experte dans la formation du plongeur individuel (du d\u00e9butant au plongeur profond) que [&hellip;]\" \/>\n<meta property=\"og:url\" content=\"https:\/\/www.atollplongee.com\/en\/product\/moniteur-federal-1-er-degre-mf1\/\" \/>\n<meta property=\"og:site_name\" content=\"Atoll Plong\u00e9e Marseille\" \/>\n<meta property=\"article:modified_time\" content=\"2021-02-27T17:28:10+00:00\" \/>\n<meta property=\"og:image\" content=\"https:\/\/www.atollplongee.com\/wp-content\/uploads\/2019\/03\/jacob-waldrop-1116453-unsplash.jpg\" \/>\n\t<meta property=\"og:image:width\" content=\"2667\" \/>\n\t<meta property=\"og:image:height\" content=\"2000\" \/>\n\t<meta property=\"og:image:type\" content=\"image\/jpeg\" \/>\n<meta name=\"twitter:card\" content=\"summary_large_image\" \/>\n<meta name=\"twitter:label1\" content=\"Est. reading time\" \/>\n\t<meta name=\"twitter:data1\" content=\"1 minute\" \/>\n<script type=\"application\/ld+json\" class=\"yoast-schema-graph\">{\"@context\":\"https:\/\/schema.org\",\"@graph\":[{\"@type\":\"Organization\",\"@id\":\"https:\/\/www.atollplongee.com\/#organization\",\"name\":\"Atoll\",\"url\":\"https:\/\/www.atollplongee.com\/\",\"sameAs\":[],\"logo\":{\"@type\":\"ImageObject\",\"@id\":\"https:\/\/www.atollplongee.com\/#logo\",\"inLanguage\":\"en-US\",\"url\":\"https:\/\/www.atollplongee.com\/wp-content\/uploads\/2019\/02\/plonge\\u0301e-marseille-atoll-logo-1.png\",\"contentUrl\":\"https:\/\/www.atollplongee.com\/wp-content\/uploads\/2019\/02\/plonge\\u0301e-marseille-atoll-logo-1.png\",\"width\":167,\"height\":42,\"caption\":\"Atoll\"},\"image\":{\"@id\":\"https:\/\/www.atollplongee.com\/#logo\"}},{\"@type\":\"WebSite\",\"@id\":\"https:\/\/www.atollplongee.com\/#website\",\"url\":\"https:\/\/www.atollplongee.com\/\",\"name\":\"Atoll Plong\\u00e9e Marseille\",\"description\":\"centre de plong\\u00e9e et de formation n\\u00b01 \\u00e0 Marseille\",\"publisher\":{\"@id\":\"https:\/\/www.atollplongee.com\/#organization\"},\"potentialAction\":[{\"@type\":\"SearchAction\",\"target\":{\"@type\":\"EntryPoint\",\"urlTemplate\":\"https:\/\/www.atollplongee.com\/?s={search_term_string}\"},\"query-input\":\"required name=search_term_string\"}],\"inLanguage\":\"en-US\"},{\"@type\":\"ImageObject\",\"@id\":\"https:\/\/www.atollplongee.com\/formation\/moniteur-federal-1-er-degre-mf1\/#primaryimage\",\"inLanguage\":\"en-US\",\"url\":\"https:\/\/www.atollplongee.com\/wp-content\/uploads\/2019\/03\/jacob-waldrop-1116453-unsplash.jpg\",\"contentUrl\":\"https:\/\/www.atollplongee.com\/wp-content\/uploads\/2019\/03\/jacob-waldrop-1116453-unsplash.jpg\",\"width\":2667,\"height\":2000},{\"@type\":\"WebPage\",\"@id\":\"https:\/\/www.atollplongee.com\/formation\/moniteur-federal-1-er-degre-mf1\/#webpage\",\"url\":\"https:\/\/www.atollplongee.com\/formation\/moniteur-federal-1-er-degre-mf1\/\",\"name\":\"Le Moniteur f\\u00e9d\\u00e9ral 1er degr\\u00e9 MF1 - Atoll Plong\\u00e9e Marseille\",\"isPartOf\":{\"@id\":\"https:\/\/www.atollplongee.com\/#website\"},\"primaryImageOfPage\":{\"@id\":\"https:\/\/www.atollplongee.com\/formation\/moniteur-federal-1-er-degre-mf1\/#primaryimage\"},\"datePublished\":\"2021-01-25T11:33:23+00:00\",\"dateModified\":\"2021-02-27T17:28:10+00:00\",\"breadcrumb\":{\"@id\":\"https:\/\/www.atollplongee.com\/formation\/moniteur-federal-1-er-degre-mf1\/#breadcrumb\"},\"inLanguage\":\"en-US\",\"potentialAction\":[{\"@type\":\"ReadAction\",\"target\":[\"https:\/\/www.atollplongee.com\/formation\/moniteur-federal-1-er-degre-mf1\/\"]}]},{\"@type\":\"BreadcrumbList\",\"@id\":\"https:\/\/www.atollplongee.com\/formation\/moniteur-federal-1-er-degre-mf1\/#breadcrumb\",\"itemListElement\":[{\"@type\":\"ListItem\",\"position\":1,\"name\":\"Accueil\",\"item\":\"https:\/\/www.atollplongee.com\/\"},{\"@type\":\"ListItem\",\"position\":2,\"name\":\"Boutique\",\"item\":\"https:\/\/www.atollplongee.com\/boutique\/\"},{\"@type\":\"ListItem\",\"position\":3,\"name\":\"Devenir Moniteur\"},{\"@type\":\"ListItem\",\"position\":4,\"name\":\"Le Moniteur f\\u00e9d\\u00e9ral 1er degr\\u00e9 MF1\"}]}]}<\/script>\n<!-- \/ Yoast SEO plugin. -->","yoast_head_json":{"title":"Le Moniteur f\u00e9d\u00e9ral 1er degr\u00e9 MF1 - Atoll Plong\u00e9e Marseille","robots":{"index":"index","follow":"follow","max-snippet":"max-snippet:-1","max-image-preview":"max-image-preview:large","max-video-preview":"max-video-preview:-1"},"canonical":"https:\/\/www.atollplongee.com\/en\/product\/moniteur-federal-1-er-degre-mf1\/","og_locale":"en_US","og_type":"article","og_title":"Le Moniteur f\u00e9d\u00e9ral 1er degr\u00e9 MF1 - Atoll Plong\u00e9e Marseille","og_description":"Notre engagement : Au sein de notre centre vous allez suivre une formation individualis\u00e9e, pilot\u00e9e par votre tuteur dipl\u00f4m\u00e9 d\u2019\u00e9tat qui vous accompagnera dans toutes vos mises en situation\u00a0et qui assurera un suivi pratique et th\u00e9orique. Marseille plong\u00e9e est une structure autant experte dans la formation du plongeur individuel (du d\u00e9butant au plongeur profond) que [&hellip;]","og_url":"https:\/\/www.atollplongee.com\/en\/product\/moniteur-federal-1-er-degre-mf1\/","og_site_name":"Atoll Plong\u00e9e Marseille","article_modified_time":"2021-02-27T17:28:10+00:00","og_image":[{"width":2667,"height":2000,"url":"https:\/\/www.atollplongee.com\/wp-content\/uploads\/2019\/03\/jacob-waldrop-1116453-unsplash.jpg","type":"image\/jpeg"}],"twitter_card":"summary_large_image","twitter_misc":{"Est. reading time":"1 minute"},"schema":{"@context":"https:\/\/schema.org","@graph":[{"@type":"Organization","@id":"https:\/\/www.atollplongee.com\/#organization","name":"Atoll","url":"https:\/\/www.atollplongee.com\/","sameAs":[],"logo":{"@type":"ImageObject","@id":"https:\/\/www.atollplongee.com\/#logo","inLanguage":"en-US","url":"https:\/\/www.atollplongee.com\/wp-content\/uploads\/2019\/02\/plonge\u0301e-marseille-atoll-logo-1.png","contentUrl":"https:\/\/www.atollplongee.com\/wp-content\/uploads\/2019\/02\/plonge\u0301e-marseille-atoll-logo-1.png","width":167,"height":42,"caption":"Atoll"},"image":{"@id":"https:\/\/www.atollplongee.com\/#logo"}},{"@type":"WebSite","@id":"https:\/\/www.atollplongee.com\/#website","url":"https:\/\/www.atollplongee.com\/","name":"Atoll Plong\u00e9e Marseille","description":"centre de plong\u00e9e et de formation n\u00b01 \u00e0 Marseille","publisher":{"@id":"https:\/\/www.atollplongee.com\/#organization"},"potentialAction":[{"@type":"SearchAction","target":{"@type":"EntryPoint","urlTemplate":"https:\/\/www.atollplongee.com\/?s={search_term_string}"},"query-input":"required name=search_term_string"}],"inLanguage":"en-US"},{"@type":"ImageObject","@id":"https:\/\/www.atollplongee.com\/formation\/moniteur-federal-1-er-degre-mf1\/#primaryimage","inLanguage":"en-US","url":"https:\/\/www.atollplongee.com\/wp-content\/uploads\/2019\/03\/jacob-waldrop-1116453-unsplash.jpg","contentUrl":"https:\/\/www.atollplongee.com\/wp-content\/uploads\/2019\/03\/jacob-waldrop-1116453-unsplash.jpg","width":2667,"height":2000},{"@type":"WebPage","@id":"https:\/\/www.atollplongee.com\/formation\/moniteur-federal-1-er-degre-mf1\/#webpage","url":"https:\/\/www.atollplongee.com\/formation\/moniteur-federal-1-er-degre-mf1\/","name":"Le Moniteur f\u00e9d\u00e9ral 1er degr\u00e9 MF1 - Atoll Plong\u00e9e Marseille","isPartOf":{"@id":"https:\/\/www.atollplongee.com\/#website"},"primaryImageOfPage":{"@id":"https:\/\/www.atollplongee.com\/formation\/moniteur-federal-1-er-degre-mf1\/#primaryimage"},"datePublished":"2021-01-25T11:33:23+00:00","dateModified":"2021-02-27T17:28:10+00:00","breadcrumb":{"@id":"https:\/\/www.atollplongee.com\/formation\/moniteur-federal-1-er-degre-mf1\/#breadcrumb"},"inLanguage":"en-US","potentialAction":[{"@type":"ReadAction","target":["https:\/\/www.atollplongee.com\/formation\/moniteur-federal-1-er-degre-mf1\/"]}]},{"@type":"BreadcrumbList","@id":"https:\/\/www.atollplongee.com\/formation\/moniteur-federal-1-er-degre-mf1\/#breadcrumb","itemListElement":[{"@type":"ListItem","position":1,"name":"Accueil","item":"https:\/\/www.atollplongee.com\/"},{"@type":"ListItem","position":2,"name":"Boutique","item":"https:\/\/www.atollplongee.com\/boutique\/"},{"@type":"ListItem","position":3,"name":"Devenir Moniteur"},{"@type":"ListItem","position":4,"name":"Le Moniteur f\u00e9d\u00e9ral 1er degr\u00e9 MF1"}]}]}},"_links":{"self":[{"href":"https:\/\/www.atollplongee.com\/en\/wp-json\/wp\/v2\/product\/5686"}],"collection":[{"href":"https:\/\/www.atollplongee.com\/en\/wp-json\/wp\/v2\/product"}],"about":[{"href":"https:\/\/www.atollplongee.com\/en\/wp-json\/wp\/v2\/types\/product"}],"replies":[{"embeddable":true,"href":"https:\/\/www.atollplongee.com\/en\/wp-json\/wp\/v2\/comments?post=5686"}],"version-history":[{"count":15,"href":"https:\/\/www.atollplongee.com\/en\/wp-json\/wp\/v2\/product\/5686\/revisions"}],"predecessor-version":[{"id":7107,"href":"https:\/\/www.atollplongee.com\/en\/wp-json\/wp\/v2\/product\/5686\/revisions\/7107"}],"wp:featuredmedia":[{"embeddable":true,"href":"https:\/\/www.atollplongee.com\/en\/wp-json\/wp\/v2\/media\/742"}],"wp:attachment":[{"href":"https:\/\/www.atollplongee.com\/en\/wp-json\/wp\/v2\/media?parent=5686"}],"wp:term":[{"taxonomy":"product_cat","embeddable":true,"href":"https:\/\/www.atollplongee.com\/en\/wp-json\/wp\/v2\/product_cat?post=5686"},{"taxonomy":"product_tag","embeddable":true,"href":"https:\/\/www.atollplongee.com\/en\/wp-json\/wp\/v2\/product_tag?post=5686"},{"taxonomy":"marques","embeddable":true,"href":"https:\/\/www.atollplongee.com\/en\/wp-json\/wp\/v2\/marques?post=5686"},{"taxonomy":"profondeur","embeddable":true,"href":"https:\/\/www.atollplongee.com\/en\/wp-json\/wp\/v2\/profondeur?post=5686"}],"curies":[{"name":"wp","href":"https:\/\/api.w.org\/{rel}","templated":true}]}}