{"id":5376,"date":"2021-01-19T11:14:50","date_gmt":"2021-01-19T10:14:50","guid":{"rendered":"https:\/\/www.atollplongee.com\/?post_type=product&#038;p=5376"},"modified":"2022-02-03T15:23:14","modified_gmt":"2022-02-03T14:23:14","slug":"scuba-diver-padi","status":"publish","type":"product","link":"https:\/\/www.atollplongee.com\/en\/product\/scuba-diver-padi\/","title":{"rendered":"Scuba Diver PADI"},"content":{"rendered":"<p><span style=\"color: #000000;\"><strong>Si vous disposez de peu de temps, mais avez vraiment envie de devenir un plongeur, cette qualification peut vous convenir, en particulier si vous pr\u00e9f\u00e9rez plonger avec un guide de plong\u00e9e. En un seul WE ou 4 plong\u00e9es, vous pourrez obtenir votre toute 1\u00e8re certification de plongeur international !<\/strong><\/span><\/p>\n<p><strong>Rythme de votre progression :<\/strong><\/p>\n<p>Votre formation s\u2019organise \u00e0 votre convenance, plusieurs possibilit\u00e9s s\u2019offrent \u00e0 vous :<\/p>\n<p>&#8211; En stage bloqu\u00e9 sur 2 jours selon vos dates, avec ou sans h\u00e9bergement sur le centre.<br \/>\n&#8211; Sur 4 demi-journ\u00e9es, \u00e0 votre rythme.<br \/>\n&#8211; La flexibilit\u00e9 des dates d\u00e9pend de votre anticipation \u00e0 r\u00e9server.<\/p>\n<p><strong>Certification :<\/strong><\/p>\n<p>Vous recevrez votre attestation provisoire le jour de votre derni\u00e8re plong\u00e9e, avant votre d\u00e9part. Votre carte Scuba Diver PADI sera disponible en version num\u00e9rique mais peut \u00e9galement vous \u00eatre envoy\u00e9e par courrier \u00e0 l&#8217;issue de votre stage.<\/p>\n<p>&nbsp;<\/p>","protected":false},"excerpt":{"rendered":"<p>Vous souhaitez apprendre \u00e0 plonger en toute s\u00e9curit\u00e9, toujours encadr\u00e9 par un moniteur professionnel et d\u00e9couvrir plus de 40 sites du Parc des Calanques de Marseille.<\/p>","protected":false},"featured_media":4325,"comment_status":"open","ping_status":"closed","template":"","meta":[],"product_cat":[28,164],"product_tag":[90,161],"marques":[],"profondeur":[69],"acf":[],"yoast_head":"<!-- This site is optimized with the Yoast SEO plugin v17.9 - https:\/\/yoast.com\/wordpress\/plugins\/seo\/ -->\n<title>Scuba Diver PADI - Atoll Plong\u00e9e Marseille<\/title>\n<meta name=\"robots\" content=\"index, follow, max-snippet:-1, max-image-preview:large, max-video-preview:-1\" \/>\n<link rel=\"canonical\" href=\"https:\/\/www.atollplongee.com\/en\/product\/scuba-diver-padi\/\" \/>\n<meta property=\"og:locale\" content=\"en_US\" \/>\n<meta property=\"og:type\" content=\"article\" \/>\n<meta property=\"og:title\" content=\"Scuba Diver PADI - Atoll Plong\u00e9e Marseille\" \/>\n<meta property=\"og:description\" content=\"Vous souhaitez apprendre \u00e0 plonger en toute s\u00e9curit\u00e9, toujours encadr\u00e9 par un moniteur professionnel et d\u00e9couvrir plus de 40 sites du Parc des Calanques de Marseille.\" \/>\n<meta property=\"og:url\" content=\"https:\/\/www.atollplongee.com\/en\/product\/scuba-diver-padi\/\" \/>\n<meta property=\"og:site_name\" content=\"Atoll Plong\u00e9e Marseille\" \/>\n<meta property=\"article:modified_time\" content=\"2022-02-03T14:23:14+00:00\" \/>\n<meta property=\"og:image\" content=\"https:\/\/www.atollplongee.com\/wp-content\/uploads\/2020\/12\/FORMATION-ADO.jpg\" \/>\n\t<meta property=\"og:image:width\" content=\"1134\" \/>\n\t<meta property=\"og:image:height\" content=\"2016\" \/>\n\t<meta property=\"og:image:type\" content=\"image\/jpeg\" \/>\n<meta name=\"twitter:card\" content=\"summary_large_image\" \/>\n<meta name=\"twitter:label1\" content=\"Est. reading time\" \/>\n\t<meta name=\"twitter:data1\" content=\"1 minute\" \/>\n<script type=\"application\/ld+json\" class=\"yoast-schema-graph\">{\"@context\":\"https:\/\/schema.org\",\"@graph\":[{\"@type\":\"Organization\",\"@id\":\"https:\/\/www.atollplongee.com\/#organization\",\"name\":\"Atoll\",\"url\":\"https:\/\/www.atollplongee.com\/\",\"sameAs\":[],\"logo\":{\"@type\":\"ImageObject\",\"@id\":\"https:\/\/www.atollplongee.com\/#logo\",\"inLanguage\":\"en-US\",\"url\":\"https:\/\/www.atollplongee.com\/wp-content\/uploads\/2019\/02\/plonge\\u0301e-marseille-atoll-logo-1.png\",\"contentUrl\":\"https:\/\/www.atollplongee.com\/wp-content\/uploads\/2019\/02\/plonge\\u0301e-marseille-atoll-logo-1.png\",\"width\":167,\"height\":42,\"caption\":\"Atoll\"},\"image\":{\"@id\":\"https:\/\/www.atollplongee.com\/#logo\"}},{\"@type\":\"WebSite\",\"@id\":\"https:\/\/www.atollplongee.com\/#website\",\"url\":\"https:\/\/www.atollplongee.com\/\",\"name\":\"Atoll Plong\\u00e9e Marseille\",\"description\":\"centre de plong\\u00e9e et de formation n\\u00b01 \\u00e0 Marseille\",\"publisher\":{\"@id\":\"https:\/\/www.atollplongee.com\/#organization\"},\"potentialAction\":[{\"@type\":\"SearchAction\",\"target\":{\"@type\":\"EntryPoint\",\"urlTemplate\":\"https:\/\/www.atollplongee.com\/?s={search_term_string}\"},\"query-input\":\"required name=search_term_string\"}],\"inLanguage\":\"en-US\"},{\"@type\":\"ImageObject\",\"@id\":\"https:\/\/www.atollplongee.com\/formation\/scuba-diver-padi\/#primaryimage\",\"inLanguage\":\"en-US\",\"url\":\"https:\/\/www.atollplongee.com\/wp-content\/uploads\/2020\/12\/FORMATION-ADO.jpg\",\"contentUrl\":\"https:\/\/www.atollplongee.com\/wp-content\/uploads\/2020\/12\/FORMATION-ADO.jpg\",\"width\":1134,\"height\":2016},{\"@type\":\"WebPage\",\"@id\":\"https:\/\/www.atollplongee.com\/formation\/scuba-diver-padi\/#webpage\",\"url\":\"https:\/\/www.atollplongee.com\/formation\/scuba-diver-padi\/\",\"name\":\"Scuba Diver PADI - Atoll Plong\\u00e9e Marseille\",\"isPartOf\":{\"@id\":\"https:\/\/www.atollplongee.com\/#website\"},\"primaryImageOfPage\":{\"@id\":\"https:\/\/www.atollplongee.com\/formation\/scuba-diver-padi\/#primaryimage\"},\"datePublished\":\"2021-01-19T10:14:50+00:00\",\"dateModified\":\"2022-02-03T14:23:14+00:00\",\"breadcrumb\":{\"@id\":\"https:\/\/www.atollplongee.com\/formation\/scuba-diver-padi\/#breadcrumb\"},\"inLanguage\":\"en-US\",\"potentialAction\":[{\"@type\":\"ReadAction\",\"target\":[\"https:\/\/www.atollplongee.com\/formation\/scuba-diver-padi\/\"]}]},{\"@type\":\"BreadcrumbList\",\"@id\":\"https:\/\/www.atollplongee.com\/formation\/scuba-diver-padi\/#breadcrumb\",\"itemListElement\":[{\"@type\":\"ListItem\",\"position\":1,\"name\":\"Accueil\",\"item\":\"https:\/\/www.atollplongee.com\/\"},{\"@type\":\"ListItem\",\"position\":2,\"name\":\"Boutique\",\"item\":\"https:\/\/www.atollplongee.com\/boutique\/\"},{\"@type\":\"ListItem\",\"position\":3,\"name\":\"Plong\\u00e9e\"},{\"@type\":\"ListItem\",\"position\":4,\"name\":\"Formation\"},{\"@type\":\"ListItem\",\"position\":5,\"name\":\"Scuba Diver PADI\"}]}]}<\/script>\n<!-- \/ Yoast SEO plugin. -->","yoast_head_json":{"title":"Scuba Diver PADI - Atoll Plong\u00e9e Marseille","robots":{"index":"index","follow":"follow","max-snippet":"max-snippet:-1","max-image-preview":"max-image-preview:large","max-video-preview":"max-video-preview:-1"},"canonical":"https:\/\/www.atollplongee.com\/en\/product\/scuba-diver-padi\/","og_locale":"en_US","og_type":"article","og_title":"Scuba Diver PADI - Atoll Plong\u00e9e Marseille","og_description":"Vous souhaitez apprendre \u00e0 plonger en toute s\u00e9curit\u00e9, toujours encadr\u00e9 par un moniteur professionnel et d\u00e9couvrir plus de 40 sites du Parc des Calanques de Marseille.","og_url":"https:\/\/www.atollplongee.com\/en\/product\/scuba-diver-padi\/","og_site_name":"Atoll Plong\u00e9e Marseille","article_modified_time":"2022-02-03T14:23:14+00:00","og_image":[{"width":1134,"height":2016,"url":"https:\/\/www.atollplongee.com\/wp-content\/uploads\/2020\/12\/FORMATION-ADO.jpg","type":"image\/jpeg"}],"twitter_card":"summary_large_image","twitter_misc":{"Est. reading time":"1 minute"},"schema":{"@context":"https:\/\/schema.org","@graph":[{"@type":"Organization","@id":"https:\/\/www.atollplongee.com\/#organization","name":"Atoll","url":"https:\/\/www.atollplongee.com\/","sameAs":[],"logo":{"@type":"ImageObject","@id":"https:\/\/www.atollplongee.com\/#logo","inLanguage":"en-US","url":"https:\/\/www.atollplongee.com\/wp-content\/uploads\/2019\/02\/plonge\u0301e-marseille-atoll-logo-1.png","contentUrl":"https:\/\/www.atollplongee.com\/wp-content\/uploads\/2019\/02\/plonge\u0301e-marseille-atoll-logo-1.png","width":167,"height":42,"caption":"Atoll"},"image":{"@id":"https:\/\/www.atollplongee.com\/#logo"}},{"@type":"WebSite","@id":"https:\/\/www.atollplongee.com\/#website","url":"https:\/\/www.atollplongee.com\/","name":"Atoll Plong\u00e9e Marseille","description":"centre de plong\u00e9e et de formation n\u00b01 \u00e0 Marseille","publisher":{"@id":"https:\/\/www.atollplongee.com\/#organization"},"potentialAction":[{"@type":"SearchAction","target":{"@type":"EntryPoint","urlTemplate":"https:\/\/www.atollplongee.com\/?s={search_term_string}"},"query-input":"required name=search_term_string"}],"inLanguage":"en-US"},{"@type":"ImageObject","@id":"https:\/\/www.atollplongee.com\/formation\/scuba-diver-padi\/#primaryimage","inLanguage":"en-US","url":"https:\/\/www.atollplongee.com\/wp-content\/uploads\/2020\/12\/FORMATION-ADO.jpg","contentUrl":"https:\/\/www.atollplongee.com\/wp-content\/uploads\/2020\/12\/FORMATION-ADO.jpg","width":1134,"height":2016},{"@type":"WebPage","@id":"https:\/\/www.atollplongee.com\/formation\/scuba-diver-padi\/#webpage","url":"https:\/\/www.atollplongee.com\/formation\/scuba-diver-padi\/","name":"Scuba Diver PADI - Atoll Plong\u00e9e Marseille","isPartOf":{"@id":"https:\/\/www.atollplongee.com\/#website"},"primaryImageOfPage":{"@id":"https:\/\/www.atollplongee.com\/formation\/scuba-diver-padi\/#primaryimage"},"datePublished":"2021-01-19T10:14:50+00:00","dateModified":"2022-02-03T14:23:14+00:00","breadcrumb":{"@id":"https:\/\/www.atollplongee.com\/formation\/scuba-diver-padi\/#breadcrumb"},"inLanguage":"en-US","potentialAction":[{"@type":"ReadAction","target":["https:\/\/www.atollplongee.com\/formation\/scuba-diver-padi\/"]}]},{"@type":"BreadcrumbList","@id":"https:\/\/www.atollplongee.com\/formation\/scuba-diver-padi\/#breadcrumb","itemListElement":[{"@type":"ListItem","position":1,"name":"Accueil","item":"https:\/\/www.atollplongee.com\/"},{"@type":"ListItem","position":2,"name":"Boutique","item":"https:\/\/www.atollplongee.com\/boutique\/"},{"@type":"ListItem","position":3,"name":"Plong\u00e9e"},{"@type":"ListItem","position":4,"name":"Formation"},{"@type":"ListItem","position":5,"name":"Scuba Diver PADI"}]}]}},"_links":{"self":[{"href":"https:\/\/www.atollplongee.com\/en\/wp-json\/wp\/v2\/product\/5376"}],"collection":[{"href":"https:\/\/www.atollplongee.com\/en\/wp-json\/wp\/v2\/product"}],"about":[{"href":"https:\/\/www.atollplongee.com\/en\/wp-json\/wp\/v2\/types\/product"}],"replies":[{"embeddable":true,"href":"https:\/\/www.atollplongee.com\/en\/wp-json\/wp\/v2\/comments?post=5376"}],"version-history":[{"count":30,"href":"https:\/\/www.atollplongee.com\/en\/wp-json\/wp\/v2\/product\/5376\/revisions"}],"predecessor-version":[{"id":8716,"href":"https:\/\/www.atollplongee.com\/en\/wp-json\/wp\/v2\/product\/5376\/revisions\/8716"}],"wp:featuredmedia":[{"embeddable":true,"href":"https:\/\/www.atollplongee.com\/en\/wp-json\/wp\/v2\/media\/4325"}],"wp:attachment":[{"href":"https:\/\/www.atollplongee.com\/en\/wp-json\/wp\/v2\/media?parent=5376"}],"wp:term":[{"taxonomy":"product_cat","embeddable":true,"href":"https:\/\/www.atollplongee.com\/en\/wp-json\/wp\/v2\/product_cat?post=5376"},{"taxonomy":"product_tag","embeddable":true,"href":"https:\/\/www.atollplongee.com\/en\/wp-json\/wp\/v2\/product_tag?post=5376"},{"taxonomy":"marques","embeddable":true,"href":"https:\/\/www.atollplongee.com\/en\/wp-json\/wp\/v2\/marques?post=5376"},{"taxonomy":"profondeur","embeddable":true,"href":"https:\/\/www.atollplongee.com\/en\/wp-json\/wp\/v2\/profondeur?post=5376"}],"curies":[{"name":"wp","href":"https:\/\/api.w.org\/{rel}","templated":true}]}}