{"id":5365,"date":"2021-01-19T10:17:11","date_gmt":"2021-01-19T09:17:11","guid":{"rendered":"https:\/\/www.atollplongee.com\/?post_type=product&#038;p=5365"},"modified":"2023-02-22T17:20:17","modified_gmt":"2023-02-22T16:20:17","slug":"la-plongee-decouverte-2","status":"publish","type":"product","link":"https:\/\/www.atollplongee.com\/en\/product\/la-plongee-decouverte-2\/","title":{"rendered":"La plong\u00e9e &#8220;d\u00e9couverte&#8221;"},"content":{"rendered":"<p style=\"text-align: left;\"><span style=\"color: #000000;\">Vous souhaitez vivre votre premi\u00e8re exp\u00e9rience de plong\u00e9e sous-marine, le bapt\u00eame vous permettra de d\u00e9couvrir les sensations li\u00e9es \u00e0 l\u2019immersion et \u00e0 la ventilation subaquatique pour devenir un vrai poisson !\u00a0<\/span><\/p>\n<p style=\"text-align: left;\"><strong>L&#8217;\u00e9quipe MARSEILLE PLONG\u00c9E vous guidera dans cette nouvelle aventure dans le respect, la convivialit\u00e9, la s\u00e9curit\u00e9 et avant tout le plaisir d&#8217;une exp\u00e9rience que vous n&#8217;oublierez jamais !\u00a0<\/strong><\/p>\n<p style=\"text-align: left;\"><strong>L&#8217;organisation :<\/strong><\/p>\n<p style=\"text-align: left;\">Votre initiation s\u2019organise \u00e0 votre convenance sur une demi-journ\u00e9e mais la dur\u00e9e totale de l\u2019activit\u00e9 est de 3 h avec 30 minutes d\u2019immersion.<\/p>\n<p style=\"text-align: left;\">Les rendez-vous au club sont soit le matin \u00e0 8h00 soit l&#8217;apr\u00e8s-midi \u00e0 13h30 (r\u00e9servez au plus t\u00f4t pour un choix optimal de dates !).<\/p>\n<p style=\"text-align: left;\"><strong>Votre certification :<\/strong><\/p>\n<p style=\"text-align: left;\">Vous recevrez un certificat de bapt\u00eame avant votre d\u00e9part du centre.<\/p>","protected":false},"excerpt":{"rendered":"<p>Vivez une des exp\u00e9riences les plus extraordinaires de votre vie : Evoluer sous l&#8217;eau comme\u2026.. un poisson !<\/p>","protected":false},"featured_media":4763,"comment_status":"open","ping_status":"closed","template":"","meta":[],"product_cat":[28,159],"product_tag":[161],"marques":[],"profondeur":[],"acf":[],"yoast_head":"<!-- This site is optimized with the Yoast SEO plugin v17.9 - https:\/\/yoast.com\/wordpress\/plugins\/seo\/ -->\n<title>La plong\u00e9e &quot;d\u00e9couverte&quot; - Atoll Plong\u00e9e Marseille<\/title>\n<meta name=\"robots\" content=\"index, follow, max-snippet:-1, max-image-preview:large, max-video-preview:-1\" \/>\n<link rel=\"canonical\" href=\"https:\/\/www.atollplongee.com\/en\/product\/la-plongee-decouverte-2\/\" \/>\n<meta property=\"og:locale\" content=\"en_US\" \/>\n<meta property=\"og:type\" content=\"article\" \/>\n<meta property=\"og:title\" content=\"La plong\u00e9e &quot;d\u00e9couverte&quot; - Atoll Plong\u00e9e Marseille\" \/>\n<meta property=\"og:description\" content=\"Vivez une des exp\u00e9riences les plus extraordinaires de votre vie : Evoluer sous l&#039;eau comme\u2026.. un poisson !\" \/>\n<meta property=\"og:url\" content=\"https:\/\/www.atollplongee.com\/en\/product\/la-plongee-decouverte-2\/\" \/>\n<meta property=\"og:site_name\" content=\"Atoll Plong\u00e9e Marseille\" \/>\n<meta property=\"article:modified_time\" content=\"2023-02-22T16:20:17+00:00\" \/>\n<meta property=\"og:image\" content=\"https:\/\/www.atollplongee.com\/wp-content\/uploads\/2020\/12\/Cote-dAzur-005624.jpg\" \/>\n\t<meta property=\"og:image:width\" content=\"2000\" \/>\n\t<meta property=\"og:image:height\" content=\"1279\" \/>\n\t<meta property=\"og:image:type\" content=\"image\/jpeg\" \/>\n<meta name=\"twitter:card\" content=\"summary_large_image\" \/>\n<meta name=\"twitter:label1\" content=\"Est. reading time\" \/>\n\t<meta name=\"twitter:data1\" content=\"1 minute\" \/>\n<script type=\"application\/ld+json\" class=\"yoast-schema-graph\">{\"@context\":\"https:\/\/schema.org\",\"@graph\":[{\"@type\":\"Organization\",\"@id\":\"https:\/\/www.atollplongee.com\/#organization\",\"name\":\"Atoll\",\"url\":\"https:\/\/www.atollplongee.com\/\",\"sameAs\":[],\"logo\":{\"@type\":\"ImageObject\",\"@id\":\"https:\/\/www.atollplongee.com\/#logo\",\"inLanguage\":\"en-US\",\"url\":\"https:\/\/www.atollplongee.com\/wp-content\/uploads\/2019\/02\/plonge\\u0301e-marseille-atoll-logo-1.png\",\"contentUrl\":\"https:\/\/www.atollplongee.com\/wp-content\/uploads\/2019\/02\/plonge\\u0301e-marseille-atoll-logo-1.png\",\"width\":167,\"height\":42,\"caption\":\"Atoll\"},\"image\":{\"@id\":\"https:\/\/www.atollplongee.com\/#logo\"}},{\"@type\":\"WebSite\",\"@id\":\"https:\/\/www.atollplongee.com\/#website\",\"url\":\"https:\/\/www.atollplongee.com\/\",\"name\":\"Atoll Plong\\u00e9e Marseille\",\"description\":\"centre de plong\\u00e9e et de formation n\\u00b01 \\u00e0 Marseille\",\"publisher\":{\"@id\":\"https:\/\/www.atollplongee.com\/#organization\"},\"potentialAction\":[{\"@type\":\"SearchAction\",\"target\":{\"@type\":\"EntryPoint\",\"urlTemplate\":\"https:\/\/www.atollplongee.com\/?s={search_term_string}\"},\"query-input\":\"required name=search_term_string\"}],\"inLanguage\":\"en-US\"},{\"@type\":\"ImageObject\",\"@id\":\"https:\/\/www.atollplongee.com\/formation\/la-plongee-decouverte-2\/#primaryimage\",\"inLanguage\":\"en-US\",\"url\":\"https:\/\/www.atollplongee.com\/wp-content\/uploads\/2020\/12\/Cote-dAzur-005624.jpg\",\"contentUrl\":\"https:\/\/www.atollplongee.com\/wp-content\/uploads\/2020\/12\/Cote-dAzur-005624.jpg\",\"width\":2000,\"height\":1279},{\"@type\":\"WebPage\",\"@id\":\"https:\/\/www.atollplongee.com\/formation\/la-plongee-decouverte-2\/#webpage\",\"url\":\"https:\/\/www.atollplongee.com\/formation\/la-plongee-decouverte-2\/\",\"name\":\"La plong\\u00e9e \\\"d\\u00e9couverte\\\" - Atoll Plong\\u00e9e Marseille\",\"isPartOf\":{\"@id\":\"https:\/\/www.atollplongee.com\/#website\"},\"primaryImageOfPage\":{\"@id\":\"https:\/\/www.atollplongee.com\/formation\/la-plongee-decouverte-2\/#primaryimage\"},\"datePublished\":\"2021-01-19T09:17:11+00:00\",\"dateModified\":\"2023-02-22T16:20:17+00:00\",\"breadcrumb\":{\"@id\":\"https:\/\/www.atollplongee.com\/formation\/la-plongee-decouverte-2\/#breadcrumb\"},\"inLanguage\":\"en-US\",\"potentialAction\":[{\"@type\":\"ReadAction\",\"target\":[\"https:\/\/www.atollplongee.com\/formation\/la-plongee-decouverte-2\/\"]}]},{\"@type\":\"BreadcrumbList\",\"@id\":\"https:\/\/www.atollplongee.com\/formation\/la-plongee-decouverte-2\/#breadcrumb\",\"itemListElement\":[{\"@type\":\"ListItem\",\"position\":1,\"name\":\"Accueil\",\"item\":\"https:\/\/www.atollplongee.com\/\"},{\"@type\":\"ListItem\",\"position\":2,\"name\":\"Boutique\",\"item\":\"https:\/\/www.atollplongee.com\/boutique\/\"},{\"@type\":\"ListItem\",\"position\":3,\"name\":\"Plong\\u00e9e\"},{\"@type\":\"ListItem\",\"position\":4,\"name\":\"Formation\"},{\"@type\":\"ListItem\",\"position\":5,\"name\":\"La plong\\u00e9e &#8220;d\\u00e9couverte&#8221;\"}]}]}<\/script>\n<!-- \/ Yoast SEO plugin. -->","yoast_head_json":{"title":"La plong\u00e9e \"d\u00e9couverte\" - Atoll Plong\u00e9e Marseille","robots":{"index":"index","follow":"follow","max-snippet":"max-snippet:-1","max-image-preview":"max-image-preview:large","max-video-preview":"max-video-preview:-1"},"canonical":"https:\/\/www.atollplongee.com\/en\/product\/la-plongee-decouverte-2\/","og_locale":"en_US","og_type":"article","og_title":"La plong\u00e9e \"d\u00e9couverte\" - Atoll Plong\u00e9e Marseille","og_description":"Vivez une des exp\u00e9riences les plus extraordinaires de votre vie : Evoluer sous l'eau comme\u2026.. un poisson !","og_url":"https:\/\/www.atollplongee.com\/en\/product\/la-plongee-decouverte-2\/","og_site_name":"Atoll Plong\u00e9e Marseille","article_modified_time":"2023-02-22T16:20:17+00:00","og_image":[{"width":2000,"height":1279,"url":"https:\/\/www.atollplongee.com\/wp-content\/uploads\/2020\/12\/Cote-dAzur-005624.jpg","type":"image\/jpeg"}],"twitter_card":"summary_large_image","twitter_misc":{"Est. reading time":"1 minute"},"schema":{"@context":"https:\/\/schema.org","@graph":[{"@type":"Organization","@id":"https:\/\/www.atollplongee.com\/#organization","name":"Atoll","url":"https:\/\/www.atollplongee.com\/","sameAs":[],"logo":{"@type":"ImageObject","@id":"https:\/\/www.atollplongee.com\/#logo","inLanguage":"en-US","url":"https:\/\/www.atollplongee.com\/wp-content\/uploads\/2019\/02\/plonge\u0301e-marseille-atoll-logo-1.png","contentUrl":"https:\/\/www.atollplongee.com\/wp-content\/uploads\/2019\/02\/plonge\u0301e-marseille-atoll-logo-1.png","width":167,"height":42,"caption":"Atoll"},"image":{"@id":"https:\/\/www.atollplongee.com\/#logo"}},{"@type":"WebSite","@id":"https:\/\/www.atollplongee.com\/#website","url":"https:\/\/www.atollplongee.com\/","name":"Atoll Plong\u00e9e Marseille","description":"centre de plong\u00e9e et de formation n\u00b01 \u00e0 Marseille","publisher":{"@id":"https:\/\/www.atollplongee.com\/#organization"},"potentialAction":[{"@type":"SearchAction","target":{"@type":"EntryPoint","urlTemplate":"https:\/\/www.atollplongee.com\/?s={search_term_string}"},"query-input":"required name=search_term_string"}],"inLanguage":"en-US"},{"@type":"ImageObject","@id":"https:\/\/www.atollplongee.com\/formation\/la-plongee-decouverte-2\/#primaryimage","inLanguage":"en-US","url":"https:\/\/www.atollplongee.com\/wp-content\/uploads\/2020\/12\/Cote-dAzur-005624.jpg","contentUrl":"https:\/\/www.atollplongee.com\/wp-content\/uploads\/2020\/12\/Cote-dAzur-005624.jpg","width":2000,"height":1279},{"@type":"WebPage","@id":"https:\/\/www.atollplongee.com\/formation\/la-plongee-decouverte-2\/#webpage","url":"https:\/\/www.atollplongee.com\/formation\/la-plongee-decouverte-2\/","name":"La plong\u00e9e \"d\u00e9couverte\" - Atoll Plong\u00e9e Marseille","isPartOf":{"@id":"https:\/\/www.atollplongee.com\/#website"},"primaryImageOfPage":{"@id":"https:\/\/www.atollplongee.com\/formation\/la-plongee-decouverte-2\/#primaryimage"},"datePublished":"2021-01-19T09:17:11+00:00","dateModified":"2023-02-22T16:20:17+00:00","breadcrumb":{"@id":"https:\/\/www.atollplongee.com\/formation\/la-plongee-decouverte-2\/#breadcrumb"},"inLanguage":"en-US","potentialAction":[{"@type":"ReadAction","target":["https:\/\/www.atollplongee.com\/formation\/la-plongee-decouverte-2\/"]}]},{"@type":"BreadcrumbList","@id":"https:\/\/www.atollplongee.com\/formation\/la-plongee-decouverte-2\/#breadcrumb","itemListElement":[{"@type":"ListItem","position":1,"name":"Accueil","item":"https:\/\/www.atollplongee.com\/"},{"@type":"ListItem","position":2,"name":"Boutique","item":"https:\/\/www.atollplongee.com\/boutique\/"},{"@type":"ListItem","position":3,"name":"Plong\u00e9e"},{"@type":"ListItem","position":4,"name":"Formation"},{"@type":"ListItem","position":5,"name":"La plong\u00e9e &#8220;d\u00e9couverte&#8221;"}]}]}},"_links":{"self":[{"href":"https:\/\/www.atollplongee.com\/en\/wp-json\/wp\/v2\/product\/5365"}],"collection":[{"href":"https:\/\/www.atollplongee.com\/en\/wp-json\/wp\/v2\/product"}],"about":[{"href":"https:\/\/www.atollplongee.com\/en\/wp-json\/wp\/v2\/types\/product"}],"replies":[{"embeddable":true,"href":"https:\/\/www.atollplongee.com\/en\/wp-json\/wp\/v2\/comments?post=5365"}],"version-history":[{"count":57,"href":"https:\/\/www.atollplongee.com\/en\/wp-json\/wp\/v2\/product\/5365\/revisions"}],"predecessor-version":[{"id":8815,"href":"https:\/\/www.atollplongee.com\/en\/wp-json\/wp\/v2\/product\/5365\/revisions\/8815"}],"wp:featuredmedia":[{"embeddable":true,"href":"https:\/\/www.atollplongee.com\/en\/wp-json\/wp\/v2\/media\/4763"}],"wp:attachment":[{"href":"https:\/\/www.atollplongee.com\/en\/wp-json\/wp\/v2\/media?parent=5365"}],"wp:term":[{"taxonomy":"product_cat","embeddable":true,"href":"https:\/\/www.atollplongee.com\/en\/wp-json\/wp\/v2\/product_cat?post=5365"},{"taxonomy":"product_tag","embeddable":true,"href":"https:\/\/www.atollplongee.com\/en\/wp-json\/wp\/v2\/product_tag?post=5365"},{"taxonomy":"marques","embeddable":true,"href":"https:\/\/www.atollplongee.com\/en\/wp-json\/wp\/v2\/marques?post=5365"},{"taxonomy":"profondeur","embeddable":true,"href":"https:\/\/www.atollplongee.com\/en\/wp-json\/wp\/v2\/profondeur?post=5365"}],"curies":[{"name":"wp","href":"https:\/\/api.w.org\/{rel}","templated":true}]}}