{"id":4929,"date":"2020-12-14T07:34:50","date_gmt":"2020-12-14T06:34:50","guid":{"rendered":"https:\/\/www.atollplongee.com\/?post_type=product&#038;p=4929"},"modified":"2023-02-22T18:47:20","modified_gmt":"2023-02-22T17:47:20","slug":"formation-secourisme-en-plongee-le-rifa","status":"publish","type":"product","link":"https:\/\/www.atollplongee.com\/en\/product\/formation-secourisme-en-plongee-le-rifa\/","title":{"rendered":"Le secourisme en France : Le RIFA plong\u00e9e FFESSM"},"content":{"rendered":"<p><strong>Ce cours a pour objet d&#8217;acqu\u00e9rir un savoir et un savoir-faire n\u00e9cessaires \u00e0 la bonne ex\u00e9cution des gestes destin\u00e9s \u00e0 pr\u00e9server l&#8217;int\u00e9grit\u00e9 physique d&#8217;une victime d&#8217;accident de plong\u00e9e, avant sa prise en charge par les services de secours.<\/strong><\/p>\n<p><strong>Votre stage et son rythme de progression :<\/strong><\/p>\n<p><u>Le RIFA se divise en 2 parties<\/u> :<\/p>\n<ul>\n<li>Un tronc commun de secourisme<span style=\"font-size: 10.0pt;\"> (correspondant \u00e0 l&#8217;acquisition des comp\u00e9tences 4, 5, 6 du RIFA).<br \/>\n<\/span><\/li>\n<li>Une unit\u00e9 de comp\u00e9tences sp\u00e9cifiques \u00e0 la plong\u00e9e.<\/li>\n<\/ul>\n<p>Les formations se d\u00e9roulent sur une journ\u00e9e et sur r\u00e9servation.<\/p>\n<p><strong>Certification :\u00a0<\/strong><\/p>\n<p><u>Selon votre organisme de formation, nous pouvons vous proposer une certification<\/u>\u00a0:<\/p>\n<ul>\n<li>RIFA plong\u00e9e FFESSM.<\/li>\n<li>S\u00e9curit\u00e9 et pr\u00e9vention en milieu subaquatique (SPMS) ANMP.<\/li>\n<\/ul>\n<p>Dans les 2 cas, vous obtiendrez votre attestation provisoire avant votre d\u00e9part. Vous recevrez directement votre carte \u00e0 votre domicile.<\/p>\n<p>&nbsp;<\/p>","protected":false},"excerpt":{"rendered":"<p>Ce cours a pour objet d&#8217;acqu\u00e9rir un savoir et un savoir-faire n\u00e9cessaires \u00e0 la bonne ex\u00e9cution des gestes destin\u00e9s \u00e0 pr\u00e9server l&#8217;int\u00e9grit\u00e9 physique d&#8217;une victime d&#8217;accident de plong\u00e9e, avant sa prise en charge par les services de secours. Votre stage et son rythme de progression : Le RIFA se divise en 2 parties : Un [&hellip;]<\/p>","protected":false},"featured_media":6315,"comment_status":"open","ping_status":"closed","template":"","meta":[],"product_cat":[28],"product_tag":[91,87],"marques":[],"profondeur":[],"acf":[],"yoast_head":"<!-- This site is optimized with the Yoast SEO plugin v17.9 - https:\/\/yoast.com\/wordpress\/plugins\/seo\/ -->\n<title>Le secourisme en France : Le RIFA plong\u00e9e FFESSM - Atoll Plong\u00e9e Marseille<\/title>\n<meta name=\"robots\" content=\"index, follow, max-snippet:-1, max-image-preview:large, max-video-preview:-1\" \/>\n<link rel=\"canonical\" href=\"https:\/\/www.atollplongee.com\/en\/product\/formation-secourisme-en-plongee-le-rifa\/\" \/>\n<meta property=\"og:locale\" content=\"en_US\" \/>\n<meta property=\"og:type\" content=\"article\" \/>\n<meta property=\"og:title\" content=\"Le secourisme en France : Le RIFA plong\u00e9e FFESSM - Atoll Plong\u00e9e Marseille\" \/>\n<meta property=\"og:description\" content=\"Ce cours a pour objet d&#8217;acqu\u00e9rir un savoir et un savoir-faire n\u00e9cessaires \u00e0 la bonne ex\u00e9cution des gestes destin\u00e9s \u00e0 pr\u00e9server l&#8217;int\u00e9grit\u00e9 physique d&#8217;une victime d&#8217;accident de plong\u00e9e, avant sa prise en charge par les services de secours. Votre stage et son rythme de progression : Le RIFA se divise en 2 parties : Un [&hellip;]\" \/>\n<meta property=\"og:url\" content=\"https:\/\/www.atollplongee.com\/en\/product\/formation-secourisme-en-plongee-le-rifa\/\" \/>\n<meta property=\"og:site_name\" content=\"Atoll Plong\u00e9e Marseille\" \/>\n<meta property=\"article:modified_time\" content=\"2023-02-22T17:47:20+00:00\" \/>\n<meta property=\"og:image\" content=\"https:\/\/www.atollplongee.com\/wp-content\/uploads\/2020\/12\/sauvetage.png\" \/>\n\t<meta property=\"og:image:width\" content=\"590\" \/>\n\t<meta property=\"og:image:height\" content=\"411\" \/>\n\t<meta property=\"og:image:type\" content=\"image\/png\" \/>\n<meta name=\"twitter:card\" content=\"summary_large_image\" \/>\n<meta name=\"twitter:label1\" content=\"Est. reading time\" \/>\n\t<meta name=\"twitter:data1\" content=\"1 minute\" \/>\n<script type=\"application\/ld+json\" class=\"yoast-schema-graph\">{\"@context\":\"https:\/\/schema.org\",\"@graph\":[{\"@type\":\"Organization\",\"@id\":\"https:\/\/www.atollplongee.com\/#organization\",\"name\":\"Atoll\",\"url\":\"https:\/\/www.atollplongee.com\/\",\"sameAs\":[],\"logo\":{\"@type\":\"ImageObject\",\"@id\":\"https:\/\/www.atollplongee.com\/#logo\",\"inLanguage\":\"en-US\",\"url\":\"https:\/\/www.atollplongee.com\/wp-content\/uploads\/2019\/02\/plonge\\u0301e-marseille-atoll-logo-1.png\",\"contentUrl\":\"https:\/\/www.atollplongee.com\/wp-content\/uploads\/2019\/02\/plonge\\u0301e-marseille-atoll-logo-1.png\",\"width\":167,\"height\":42,\"caption\":\"Atoll\"},\"image\":{\"@id\":\"https:\/\/www.atollplongee.com\/#logo\"}},{\"@type\":\"WebSite\",\"@id\":\"https:\/\/www.atollplongee.com\/#website\",\"url\":\"https:\/\/www.atollplongee.com\/\",\"name\":\"Atoll Plong\\u00e9e Marseille\",\"description\":\"centre de plong\\u00e9e et de formation n\\u00b01 \\u00e0 Marseille\",\"publisher\":{\"@id\":\"https:\/\/www.atollplongee.com\/#organization\"},\"potentialAction\":[{\"@type\":\"SearchAction\",\"target\":{\"@type\":\"EntryPoint\",\"urlTemplate\":\"https:\/\/www.atollplongee.com\/?s={search_term_string}\"},\"query-input\":\"required name=search_term_string\"}],\"inLanguage\":\"en-US\"},{\"@type\":\"ImageObject\",\"@id\":\"https:\/\/www.atollplongee.com\/formation\/formation-secourisme-en-plongee-le-rifa\/#primaryimage\",\"inLanguage\":\"en-US\",\"url\":\"https:\/\/www.atollplongee.com\/wp-content\/uploads\/2020\/12\/sauvetage.png\",\"contentUrl\":\"https:\/\/www.atollplongee.com\/wp-content\/uploads\/2020\/12\/sauvetage.png\",\"width\":590,\"height\":411},{\"@type\":\"WebPage\",\"@id\":\"https:\/\/www.atollplongee.com\/formation\/formation-secourisme-en-plongee-le-rifa\/#webpage\",\"url\":\"https:\/\/www.atollplongee.com\/formation\/formation-secourisme-en-plongee-le-rifa\/\",\"name\":\"Le secourisme en France : Le RIFA plong\\u00e9e FFESSM - Atoll Plong\\u00e9e Marseille\",\"isPartOf\":{\"@id\":\"https:\/\/www.atollplongee.com\/#website\"},\"primaryImageOfPage\":{\"@id\":\"https:\/\/www.atollplongee.com\/formation\/formation-secourisme-en-plongee-le-rifa\/#primaryimage\"},\"datePublished\":\"2020-12-14T06:34:50+00:00\",\"dateModified\":\"2023-02-22T17:47:20+00:00\",\"breadcrumb\":{\"@id\":\"https:\/\/www.atollplongee.com\/formation\/formation-secourisme-en-plongee-le-rifa\/#breadcrumb\"},\"inLanguage\":\"en-US\",\"potentialAction\":[{\"@type\":\"ReadAction\",\"target\":[\"https:\/\/www.atollplongee.com\/formation\/formation-secourisme-en-plongee-le-rifa\/\"]}]},{\"@type\":\"BreadcrumbList\",\"@id\":\"https:\/\/www.atollplongee.com\/formation\/formation-secourisme-en-plongee-le-rifa\/#breadcrumb\",\"itemListElement\":[{\"@type\":\"ListItem\",\"position\":1,\"name\":\"Accueil\",\"item\":\"https:\/\/www.atollplongee.com\/\"},{\"@type\":\"ListItem\",\"position\":2,\"name\":\"Boutique\",\"item\":\"https:\/\/www.atollplongee.com\/boutique\/\"},{\"@type\":\"ListItem\",\"position\":3,\"name\":\"Plong\\u00e9e\"},{\"@type\":\"ListItem\",\"position\":4,\"name\":\"Formation\"},{\"@type\":\"ListItem\",\"position\":5,\"name\":\"Le secourisme en France : Le RIFA plong\\u00e9e FFESSM\"}]}]}<\/script>\n<!-- \/ Yoast SEO plugin. -->","yoast_head_json":{"title":"Le secourisme en France : Le RIFA plong\u00e9e FFESSM - Atoll Plong\u00e9e Marseille","robots":{"index":"index","follow":"follow","max-snippet":"max-snippet:-1","max-image-preview":"max-image-preview:large","max-video-preview":"max-video-preview:-1"},"canonical":"https:\/\/www.atollplongee.com\/en\/product\/formation-secourisme-en-plongee-le-rifa\/","og_locale":"en_US","og_type":"article","og_title":"Le secourisme en France : Le RIFA plong\u00e9e FFESSM - Atoll Plong\u00e9e Marseille","og_description":"Ce cours a pour objet d&#8217;acqu\u00e9rir un savoir et un savoir-faire n\u00e9cessaires \u00e0 la bonne ex\u00e9cution des gestes destin\u00e9s \u00e0 pr\u00e9server l&#8217;int\u00e9grit\u00e9 physique d&#8217;une victime d&#8217;accident de plong\u00e9e, avant sa prise en charge par les services de secours. Votre stage et son rythme de progression : Le RIFA se divise en 2 parties : Un [&hellip;]","og_url":"https:\/\/www.atollplongee.com\/en\/product\/formation-secourisme-en-plongee-le-rifa\/","og_site_name":"Atoll Plong\u00e9e Marseille","article_modified_time":"2023-02-22T17:47:20+00:00","og_image":[{"width":590,"height":411,"url":"https:\/\/www.atollplongee.com\/wp-content\/uploads\/2020\/12\/sauvetage.png","type":"image\/png"}],"twitter_card":"summary_large_image","twitter_misc":{"Est. reading time":"1 minute"},"schema":{"@context":"https:\/\/schema.org","@graph":[{"@type":"Organization","@id":"https:\/\/www.atollplongee.com\/#organization","name":"Atoll","url":"https:\/\/www.atollplongee.com\/","sameAs":[],"logo":{"@type":"ImageObject","@id":"https:\/\/www.atollplongee.com\/#logo","inLanguage":"en-US","url":"https:\/\/www.atollplongee.com\/wp-content\/uploads\/2019\/02\/plonge\u0301e-marseille-atoll-logo-1.png","contentUrl":"https:\/\/www.atollplongee.com\/wp-content\/uploads\/2019\/02\/plonge\u0301e-marseille-atoll-logo-1.png","width":167,"height":42,"caption":"Atoll"},"image":{"@id":"https:\/\/www.atollplongee.com\/#logo"}},{"@type":"WebSite","@id":"https:\/\/www.atollplongee.com\/#website","url":"https:\/\/www.atollplongee.com\/","name":"Atoll Plong\u00e9e Marseille","description":"centre de plong\u00e9e et de formation n\u00b01 \u00e0 Marseille","publisher":{"@id":"https:\/\/www.atollplongee.com\/#organization"},"potentialAction":[{"@type":"SearchAction","target":{"@type":"EntryPoint","urlTemplate":"https:\/\/www.atollplongee.com\/?s={search_term_string}"},"query-input":"required name=search_term_string"}],"inLanguage":"en-US"},{"@type":"ImageObject","@id":"https:\/\/www.atollplongee.com\/formation\/formation-secourisme-en-plongee-le-rifa\/#primaryimage","inLanguage":"en-US","url":"https:\/\/www.atollplongee.com\/wp-content\/uploads\/2020\/12\/sauvetage.png","contentUrl":"https:\/\/www.atollplongee.com\/wp-content\/uploads\/2020\/12\/sauvetage.png","width":590,"height":411},{"@type":"WebPage","@id":"https:\/\/www.atollplongee.com\/formation\/formation-secourisme-en-plongee-le-rifa\/#webpage","url":"https:\/\/www.atollplongee.com\/formation\/formation-secourisme-en-plongee-le-rifa\/","name":"Le secourisme en France : Le RIFA plong\u00e9e FFESSM - Atoll Plong\u00e9e Marseille","isPartOf":{"@id":"https:\/\/www.atollplongee.com\/#website"},"primaryImageOfPage":{"@id":"https:\/\/www.atollplongee.com\/formation\/formation-secourisme-en-plongee-le-rifa\/#primaryimage"},"datePublished":"2020-12-14T06:34:50+00:00","dateModified":"2023-02-22T17:47:20+00:00","breadcrumb":{"@id":"https:\/\/www.atollplongee.com\/formation\/formation-secourisme-en-plongee-le-rifa\/#breadcrumb"},"inLanguage":"en-US","potentialAction":[{"@type":"ReadAction","target":["https:\/\/www.atollplongee.com\/formation\/formation-secourisme-en-plongee-le-rifa\/"]}]},{"@type":"BreadcrumbList","@id":"https:\/\/www.atollplongee.com\/formation\/formation-secourisme-en-plongee-le-rifa\/#breadcrumb","itemListElement":[{"@type":"ListItem","position":1,"name":"Accueil","item":"https:\/\/www.atollplongee.com\/"},{"@type":"ListItem","position":2,"name":"Boutique","item":"https:\/\/www.atollplongee.com\/boutique\/"},{"@type":"ListItem","position":3,"name":"Plong\u00e9e"},{"@type":"ListItem","position":4,"name":"Formation"},{"@type":"ListItem","position":5,"name":"Le secourisme en France : Le RIFA plong\u00e9e FFESSM"}]}]}},"_links":{"self":[{"href":"https:\/\/www.atollplongee.com\/en\/wp-json\/wp\/v2\/product\/4929"}],"collection":[{"href":"https:\/\/www.atollplongee.com\/en\/wp-json\/wp\/v2\/product"}],"about":[{"href":"https:\/\/www.atollplongee.com\/en\/wp-json\/wp\/v2\/types\/product"}],"replies":[{"embeddable":true,"href":"https:\/\/www.atollplongee.com\/en\/wp-json\/wp\/v2\/comments?post=4929"}],"version-history":[{"count":20,"href":"https:\/\/www.atollplongee.com\/en\/wp-json\/wp\/v2\/product\/4929\/revisions"}],"predecessor-version":[{"id":8828,"href":"https:\/\/www.atollplongee.com\/en\/wp-json\/wp\/v2\/product\/4929\/revisions\/8828"}],"wp:featuredmedia":[{"embeddable":true,"href":"https:\/\/www.atollplongee.com\/en\/wp-json\/wp\/v2\/media\/6315"}],"wp:attachment":[{"href":"https:\/\/www.atollplongee.com\/en\/wp-json\/wp\/v2\/media?parent=4929"}],"wp:term":[{"taxonomy":"product_cat","embeddable":true,"href":"https:\/\/www.atollplongee.com\/en\/wp-json\/wp\/v2\/product_cat?post=4929"},{"taxonomy":"product_tag","embeddable":true,"href":"https:\/\/www.atollplongee.com\/en\/wp-json\/wp\/v2\/product_tag?post=4929"},{"taxonomy":"marques","embeddable":true,"href":"https:\/\/www.atollplongee.com\/en\/wp-json\/wp\/v2\/marques?post=4929"},{"taxonomy":"profondeur","embeddable":true,"href":"https:\/\/www.atollplongee.com\/en\/wp-json\/wp\/v2\/profondeur?post=4929"}],"curies":[{"name":"wp","href":"https:\/\/api.w.org\/{rel}","templated":true}]}}