{"id":4003,"date":"2020-12-06T05:49:32","date_gmt":"2020-12-06T04:49:32","guid":{"rendered":"https:\/\/www.atollplongee.com\/?post_type=product&#038;p=4003"},"modified":"2021-03-03T19:17:26","modified_gmt":"2021-03-03T18:17:26","slug":"pack-decouverte","status":"publish","type":"product","link":"https:\/\/www.atollplongee.com\/en\/product\/pack-decouverte\/","title":{"rendered":"Pack D\u00e9couverte"},"content":{"rendered":"<p>En seulement 3 plong\u00e9es, ce programme va vous permettre de d\u00e9couvrir les rudiments, les gestes de base ainsi qu&#8217;appr\u00e9hender les merveilles du \u00ab monde du silence \u00bb.<\/p>\n<p><strong>Votre formation s\u2019organise \u00e0 votre convenance et plusieurs possibilit\u00e9s s\u2019offrent \u00e0 vous :<\/strong><br \/>\n&#8211; En stage bloqu\u00e9 sur 1 jour et demi selon vos dates, avec ou sans h\u00e9bergement sur le centre.<br \/>\n&#8211; Sur 3 demi-journ\u00e9es, \u00e0 votre rythme.<\/p>\n<p>La flexibilit\u00e9 des dates d\u00e9pend de votre anticipation \u00e0 r\u00e9server.<\/p>\n<p><strong>Certification :<\/strong><\/p>\n<ul>\n<li>Le Pack D\u00e9couverte permet de valider 3 s\u00e9ances d&#8217;activit\u00e9s subaquatiques au moyen d&#8217;un carnet de plong\u00e9e sp\u00e9cifique, pouvant \u00eatre ult\u00e9rieurement incorpor\u00e9 au carnet de plong\u00e9e et \u00e0 une formation.<\/li>\n<li>L&#8217;acquisition du titre Pack D\u00e9couverte est mat\u00e9rialis\u00e9e par une carte provisoire.<\/li>\n<li>A l&#8217;issue des 3 s\u00e9ances d&#8217;activit\u00e9s subaquatiques, le titulaire du Pack D\u00e9couverte peut s&#8217;inscrire en ligne pour la d\u00e9livrance de la carte d\u00e9finitive Pack D\u00e9couverte, qu&#8217;il recevra par voie postale.<\/li>\n<\/ul>\n<p>&nbsp;<\/p>","protected":false},"excerpt":{"rendered":"<p>Vous souhaitez vous initier \u00e0 la plong\u00e9e sous-marine sans forc\u00e9ment vous engager dans un cursus de formation : respirer sous l\u2019eau, nager au milieu des poissons\u2026<br \/>\nEn seulement 3 plong\u00e9es, ce programme va vous permettre de d\u00e9couvrir les rudiments, les gestes de base ainsi qu&#8217;appr\u00e9hender les merveilles du \u00ab monde du silence \u00bb.<\/p>","protected":false},"featured_media":4245,"comment_status":"open","ping_status":"closed","template":"","meta":[],"product_cat":[28,159],"product_tag":[161,163],"marques":[],"profondeur":[124],"acf":[],"yoast_head":"<!-- This site is optimized with the Yoast SEO plugin v17.9 - https:\/\/yoast.com\/wordpress\/plugins\/seo\/ -->\n<title>Pack D\u00e9couverte - Atoll Plong\u00e9e Marseille<\/title>\n<meta name=\"description\" content=\"Un week end pour d\u00e9couvrir le Parc des Calanques\" \/>\n<meta name=\"robots\" content=\"index, follow, max-snippet:-1, max-image-preview:large, max-video-preview:-1\" \/>\n<link rel=\"canonical\" href=\"https:\/\/www.atollplongee.com\/en\/product\/pack-decouverte\/\" \/>\n<meta property=\"og:locale\" content=\"en_US\" \/>\n<meta property=\"og:type\" content=\"article\" \/>\n<meta property=\"og:title\" content=\"Pack D\u00e9couverte - Atoll Plong\u00e9e Marseille\" \/>\n<meta property=\"og:description\" content=\"Un week end pour d\u00e9couvrir le Parc des Calanques\" \/>\n<meta property=\"og:url\" content=\"https:\/\/www.atollplongee.com\/en\/product\/pack-decouverte\/\" \/>\n<meta property=\"og:site_name\" content=\"Atoll Plong\u00e9e Marseille\" \/>\n<meta property=\"article:modified_time\" content=\"2021-03-03T18:17:26+00:00\" \/>\n<meta property=\"og:image\" content=\"https:\/\/www.atollplongee.com\/wp-content\/uploads\/2020\/12\/d175a936-1ac0-4b39-b69c-de04456b791c.jpg\" \/>\n\t<meta property=\"og:image:width\" content=\"1024\" \/>\n\t<meta property=\"og:image:height\" content=\"530\" \/>\n\t<meta property=\"og:image:type\" content=\"image\/jpeg\" \/>\n<meta name=\"twitter:card\" content=\"summary_large_image\" \/>\n<meta name=\"twitter:label1\" content=\"Est. reading time\" \/>\n\t<meta name=\"twitter:data1\" content=\"1 minute\" \/>\n<script type=\"application\/ld+json\" class=\"yoast-schema-graph\">{\"@context\":\"https:\/\/schema.org\",\"@graph\":[{\"@type\":\"Organization\",\"@id\":\"https:\/\/www.atollplongee.com\/#organization\",\"name\":\"Atoll\",\"url\":\"https:\/\/www.atollplongee.com\/\",\"sameAs\":[],\"logo\":{\"@type\":\"ImageObject\",\"@id\":\"https:\/\/www.atollplongee.com\/#logo\",\"inLanguage\":\"en-US\",\"url\":\"https:\/\/www.atollplongee.com\/wp-content\/uploads\/2019\/02\/plonge\\u0301e-marseille-atoll-logo-1.png\",\"contentUrl\":\"https:\/\/www.atollplongee.com\/wp-content\/uploads\/2019\/02\/plonge\\u0301e-marseille-atoll-logo-1.png\",\"width\":167,\"height\":42,\"caption\":\"Atoll\"},\"image\":{\"@id\":\"https:\/\/www.atollplongee.com\/#logo\"}},{\"@type\":\"WebSite\",\"@id\":\"https:\/\/www.atollplongee.com\/#website\",\"url\":\"https:\/\/www.atollplongee.com\/\",\"name\":\"Atoll Plong\\u00e9e Marseille\",\"description\":\"centre de plong\\u00e9e et de formation n\\u00b01 \\u00e0 Marseille\",\"publisher\":{\"@id\":\"https:\/\/www.atollplongee.com\/#organization\"},\"potentialAction\":[{\"@type\":\"SearchAction\",\"target\":{\"@type\":\"EntryPoint\",\"urlTemplate\":\"https:\/\/www.atollplongee.com\/?s={search_term_string}\"},\"query-input\":\"required name=search_term_string\"}],\"inLanguage\":\"en-US\"},{\"@type\":\"ImageObject\",\"@id\":\"https:\/\/www.atollplongee.com\/formation\/pack-decouverte\/#primaryimage\",\"inLanguage\":\"en-US\",\"url\":\"https:\/\/www.atollplongee.com\/wp-content\/uploads\/2020\/12\/d175a936-1ac0-4b39-b69c-de04456b791c.jpg\",\"contentUrl\":\"https:\/\/www.atollplongee.com\/wp-content\/uploads\/2020\/12\/d175a936-1ac0-4b39-b69c-de04456b791c.jpg\",\"width\":1024,\"height\":530},{\"@type\":\"WebPage\",\"@id\":\"https:\/\/www.atollplongee.com\/formation\/pack-decouverte\/#webpage\",\"url\":\"https:\/\/www.atollplongee.com\/formation\/pack-decouverte\/\",\"name\":\"Pack D\\u00e9couverte - Atoll Plong\\u00e9e Marseille\",\"isPartOf\":{\"@id\":\"https:\/\/www.atollplongee.com\/#website\"},\"primaryImageOfPage\":{\"@id\":\"https:\/\/www.atollplongee.com\/formation\/pack-decouverte\/#primaryimage\"},\"datePublished\":\"2020-12-06T04:49:32+00:00\",\"dateModified\":\"2021-03-03T18:17:26+00:00\",\"description\":\"Un week end pour d\\u00e9couvrir le Parc des Calanques\",\"breadcrumb\":{\"@id\":\"https:\/\/www.atollplongee.com\/formation\/pack-decouverte\/#breadcrumb\"},\"inLanguage\":\"en-US\",\"potentialAction\":[{\"@type\":\"ReadAction\",\"target\":[\"https:\/\/www.atollplongee.com\/formation\/pack-decouverte\/\"]}]},{\"@type\":\"BreadcrumbList\",\"@id\":\"https:\/\/www.atollplongee.com\/formation\/pack-decouverte\/#breadcrumb\",\"itemListElement\":[{\"@type\":\"ListItem\",\"position\":1,\"name\":\"Accueil\",\"item\":\"https:\/\/www.atollplongee.com\/\"},{\"@type\":\"ListItem\",\"position\":2,\"name\":\"Boutique\",\"item\":\"https:\/\/www.atollplongee.com\/boutique\/\"},{\"@type\":\"ListItem\",\"position\":3,\"name\":\"Plong\\u00e9e\"},{\"@type\":\"ListItem\",\"position\":4,\"name\":\"Formation\"},{\"@type\":\"ListItem\",\"position\":5,\"name\":\"Pack D\\u00e9couverte\"}]}]}<\/script>\n<!-- \/ Yoast SEO plugin. -->","yoast_head_json":{"title":"Pack D\u00e9couverte - Atoll Plong\u00e9e Marseille","description":"Un week end pour d\u00e9couvrir le Parc des Calanques","robots":{"index":"index","follow":"follow","max-snippet":"max-snippet:-1","max-image-preview":"max-image-preview:large","max-video-preview":"max-video-preview:-1"},"canonical":"https:\/\/www.atollplongee.com\/en\/product\/pack-decouverte\/","og_locale":"en_US","og_type":"article","og_title":"Pack D\u00e9couverte - Atoll Plong\u00e9e Marseille","og_description":"Un week end pour d\u00e9couvrir le Parc des Calanques","og_url":"https:\/\/www.atollplongee.com\/en\/product\/pack-decouverte\/","og_site_name":"Atoll Plong\u00e9e Marseille","article_modified_time":"2021-03-03T18:17:26+00:00","og_image":[{"width":1024,"height":530,"url":"https:\/\/www.atollplongee.com\/wp-content\/uploads\/2020\/12\/d175a936-1ac0-4b39-b69c-de04456b791c.jpg","type":"image\/jpeg"}],"twitter_card":"summary_large_image","twitter_misc":{"Est. reading time":"1 minute"},"schema":{"@context":"https:\/\/schema.org","@graph":[{"@type":"Organization","@id":"https:\/\/www.atollplongee.com\/#organization","name":"Atoll","url":"https:\/\/www.atollplongee.com\/","sameAs":[],"logo":{"@type":"ImageObject","@id":"https:\/\/www.atollplongee.com\/#logo","inLanguage":"en-US","url":"https:\/\/www.atollplongee.com\/wp-content\/uploads\/2019\/02\/plonge\u0301e-marseille-atoll-logo-1.png","contentUrl":"https:\/\/www.atollplongee.com\/wp-content\/uploads\/2019\/02\/plonge\u0301e-marseille-atoll-logo-1.png","width":167,"height":42,"caption":"Atoll"},"image":{"@id":"https:\/\/www.atollplongee.com\/#logo"}},{"@type":"WebSite","@id":"https:\/\/www.atollplongee.com\/#website","url":"https:\/\/www.atollplongee.com\/","name":"Atoll Plong\u00e9e Marseille","description":"centre de plong\u00e9e et de formation n\u00b01 \u00e0 Marseille","publisher":{"@id":"https:\/\/www.atollplongee.com\/#organization"},"potentialAction":[{"@type":"SearchAction","target":{"@type":"EntryPoint","urlTemplate":"https:\/\/www.atollplongee.com\/?s={search_term_string}"},"query-input":"required name=search_term_string"}],"inLanguage":"en-US"},{"@type":"ImageObject","@id":"https:\/\/www.atollplongee.com\/formation\/pack-decouverte\/#primaryimage","inLanguage":"en-US","url":"https:\/\/www.atollplongee.com\/wp-content\/uploads\/2020\/12\/d175a936-1ac0-4b39-b69c-de04456b791c.jpg","contentUrl":"https:\/\/www.atollplongee.com\/wp-content\/uploads\/2020\/12\/d175a936-1ac0-4b39-b69c-de04456b791c.jpg","width":1024,"height":530},{"@type":"WebPage","@id":"https:\/\/www.atollplongee.com\/formation\/pack-decouverte\/#webpage","url":"https:\/\/www.atollplongee.com\/formation\/pack-decouverte\/","name":"Pack D\u00e9couverte - Atoll Plong\u00e9e Marseille","isPartOf":{"@id":"https:\/\/www.atollplongee.com\/#website"},"primaryImageOfPage":{"@id":"https:\/\/www.atollplongee.com\/formation\/pack-decouverte\/#primaryimage"},"datePublished":"2020-12-06T04:49:32+00:00","dateModified":"2021-03-03T18:17:26+00:00","description":"Un week end pour d\u00e9couvrir le Parc des Calanques","breadcrumb":{"@id":"https:\/\/www.atollplongee.com\/formation\/pack-decouverte\/#breadcrumb"},"inLanguage":"en-US","potentialAction":[{"@type":"ReadAction","target":["https:\/\/www.atollplongee.com\/formation\/pack-decouverte\/"]}]},{"@type":"BreadcrumbList","@id":"https:\/\/www.atollplongee.com\/formation\/pack-decouverte\/#breadcrumb","itemListElement":[{"@type":"ListItem","position":1,"name":"Accueil","item":"https:\/\/www.atollplongee.com\/"},{"@type":"ListItem","position":2,"name":"Boutique","item":"https:\/\/www.atollplongee.com\/boutique\/"},{"@type":"ListItem","position":3,"name":"Plong\u00e9e"},{"@type":"ListItem","position":4,"name":"Formation"},{"@type":"ListItem","position":5,"name":"Pack D\u00e9couverte"}]}]}},"_links":{"self":[{"href":"https:\/\/www.atollplongee.com\/en\/wp-json\/wp\/v2\/product\/4003"}],"collection":[{"href":"https:\/\/www.atollplongee.com\/en\/wp-json\/wp\/v2\/product"}],"about":[{"href":"https:\/\/www.atollplongee.com\/en\/wp-json\/wp\/v2\/types\/product"}],"replies":[{"embeddable":true,"href":"https:\/\/www.atollplongee.com\/en\/wp-json\/wp\/v2\/comments?post=4003"}],"version-history":[{"count":21,"href":"https:\/\/www.atollplongee.com\/en\/wp-json\/wp\/v2\/product\/4003\/revisions"}],"predecessor-version":[{"id":6033,"href":"https:\/\/www.atollplongee.com\/en\/wp-json\/wp\/v2\/product\/4003\/revisions\/6033"}],"wp:featuredmedia":[{"embeddable":true,"href":"https:\/\/www.atollplongee.com\/en\/wp-json\/wp\/v2\/media\/4245"}],"wp:attachment":[{"href":"https:\/\/www.atollplongee.com\/en\/wp-json\/wp\/v2\/media?parent=4003"}],"wp:term":[{"taxonomy":"product_cat","embeddable":true,"href":"https:\/\/www.atollplongee.com\/en\/wp-json\/wp\/v2\/product_cat?post=4003"},{"taxonomy":"product_tag","embeddable":true,"href":"https:\/\/www.atollplongee.com\/en\/wp-json\/wp\/v2\/product_tag?post=4003"},{"taxonomy":"marques","embeddable":true,"href":"https:\/\/www.atollplongee.com\/en\/wp-json\/wp\/v2\/marques?post=4003"},{"taxonomy":"profondeur","embeddable":true,"href":"https:\/\/www.atollplongee.com\/en\/wp-json\/wp\/v2\/profondeur?post=4003"}],"curies":[{"name":"wp","href":"https:\/\/api.w.org\/{rel}","templated":true}]}}