{"id":2611,"date":"2020-04-14T14:10:31","date_gmt":"2020-04-14T13:10:31","guid":{"rendered":"https:\/\/www.atollplongee.com\/?post_type=product&#038;p=2611"},"modified":"2022-01-29T15:57:26","modified_gmt":"2022-01-29T14:57:26","slug":"bubble-maker-et-seal-team","status":"publish","type":"product","link":"https:\/\/www.atollplongee.com\/en\/product\/bubble-maker-et-seal-team\/","title":{"rendered":"Bubble Maker et Seal Team"},"content":{"rendered":"<p><strong>A qui s&#8217;adresse ces stages de plong\u00e9e enfant ?<\/strong><\/p>\n<p>A tous les enfants \u00e0 partir de 8 ans. Ils doivent \u00eatre \u00e0 l&#8217;aise dans l&#8217;eau, mais aucune exp\u00e9rience pr\u00e9alable n\u2019est n\u00e9cessaire. Les cursus de plong\u00e9e enfants PADI sont adapt\u00e9s \u00e0 l\u2019international, si vous pensez voyager ou m\u00eame vous installer plus tard hors m\u00e9tropole, n\u2019h\u00e9sitez pas \u00e0 orienter vos enfants dans cette voie\u2026<\/p>\n<p><strong>Dur\u00e9e du stage\u00a0: rythme de progression\u00a0: <\/strong><\/p>\n<p>Ces stages s\u2019organisent \u00e0 votre convenance : plusieurs possibilit\u00e9s s\u2019offrent \u00e0 vous :<\/p>\n<p>&#8211; En stage bloqu\u00e9 sur plusieurs jours selon vos dates.<br \/>\n&#8211; Par demi-journ\u00e9e, \u00e0 votre rythme (le nombre de demi-journ\u00e9e n\u2019est pas d\u00e9termin\u00e9).<\/p>\n<p>La flexibilit\u00e9 des dates d\u00e9pend de votre anticipation \u00e0 r\u00e9server.<\/p>\n<p>&nbsp;<\/p>\n<p>&nbsp;<\/p>","protected":false},"excerpt":{"rendered":"<p>Faites d\u00e9couvrir \u00e0 vos enfants la plong\u00e9e sous-marine gr\u00e2ce au syst\u00e8me PADI.<\/p>","protected":false},"featured_media":8710,"comment_status":"open","ping_status":"closed","template":"","meta":[],"product_cat":[42,28,159],"product_tag":[90,163],"marques":[],"profondeur":[124],"acf":[],"yoast_head":"<!-- This site is optimized with the Yoast SEO plugin v17.9 - https:\/\/yoast.com\/wordpress\/plugins\/seo\/ -->\n<title>Bubble Maker et Seal Team - Atoll Plong\u00e9e Marseille<\/title>\n<meta name=\"robots\" content=\"index, follow, max-snippet:-1, max-image-preview:large, max-video-preview:-1\" \/>\n<link rel=\"canonical\" href=\"https:\/\/www.atollplongee.com\/en\/product\/bubble-maker-et-seal-team\/\" \/>\n<meta property=\"og:locale\" content=\"en_US\" \/>\n<meta property=\"og:type\" content=\"article\" \/>\n<meta property=\"og:title\" content=\"Bubble Maker et Seal Team - Atoll Plong\u00e9e Marseille\" \/>\n<meta property=\"og:description\" content=\"Faites d\u00e9couvrir \u00e0 vos enfants la plong\u00e9e sous-marine gr\u00e2ce au syst\u00e8me PADI.\" \/>\n<meta property=\"og:url\" content=\"https:\/\/www.atollplongee.com\/en\/product\/bubble-maker-et-seal-team\/\" \/>\n<meta property=\"og:site_name\" content=\"Atoll Plong\u00e9e Marseille\" \/>\n<meta property=\"article:modified_time\" content=\"2022-01-29T14:57:26+00:00\" \/>\n<meta property=\"og:image\" content=\"https:\/\/www.atollplongee.com\/wp-content\/uploads\/2020\/04\/Unknown-3.jpg\" \/>\n\t<meta property=\"og:image:width\" content=\"252\" \/>\n\t<meta property=\"og:image:height\" content=\"200\" \/>\n\t<meta property=\"og:image:type\" content=\"image\/jpeg\" \/>\n<meta name=\"twitter:card\" content=\"summary_large_image\" \/>\n<meta name=\"twitter:label1\" content=\"Est. reading time\" \/>\n\t<meta name=\"twitter:data1\" content=\"1 minute\" \/>\n<script type=\"application\/ld+json\" class=\"yoast-schema-graph\">{\"@context\":\"https:\/\/schema.org\",\"@graph\":[{\"@type\":\"Organization\",\"@id\":\"https:\/\/www.atollplongee.com\/#organization\",\"name\":\"Atoll\",\"url\":\"https:\/\/www.atollplongee.com\/\",\"sameAs\":[],\"logo\":{\"@type\":\"ImageObject\",\"@id\":\"https:\/\/www.atollplongee.com\/#logo\",\"inLanguage\":\"en-US\",\"url\":\"https:\/\/www.atollplongee.com\/wp-content\/uploads\/2019\/02\/plonge\\u0301e-marseille-atoll-logo-1.png\",\"contentUrl\":\"https:\/\/www.atollplongee.com\/wp-content\/uploads\/2019\/02\/plonge\\u0301e-marseille-atoll-logo-1.png\",\"width\":167,\"height\":42,\"caption\":\"Atoll\"},\"image\":{\"@id\":\"https:\/\/www.atollplongee.com\/#logo\"}},{\"@type\":\"WebSite\",\"@id\":\"https:\/\/www.atollplongee.com\/#website\",\"url\":\"https:\/\/www.atollplongee.com\/\",\"name\":\"Atoll Plong\\u00e9e Marseille\",\"description\":\"centre de plong\\u00e9e et de formation n\\u00b01 \\u00e0 Marseille\",\"publisher\":{\"@id\":\"https:\/\/www.atollplongee.com\/#organization\"},\"potentialAction\":[{\"@type\":\"SearchAction\",\"target\":{\"@type\":\"EntryPoint\",\"urlTemplate\":\"https:\/\/www.atollplongee.com\/?s={search_term_string}\"},\"query-input\":\"required name=search_term_string\"}],\"inLanguage\":\"en-US\"},{\"@type\":\"ImageObject\",\"@id\":\"https:\/\/www.atollplongee.com\/exploration\/bubble-maker-et-seal-team\/#primaryimage\",\"inLanguage\":\"en-US\",\"url\":\"https:\/\/www.atollplongee.com\/wp-content\/uploads\/2020\/04\/Unknown-3.jpg\",\"contentUrl\":\"https:\/\/www.atollplongee.com\/wp-content\/uploads\/2020\/04\/Unknown-3.jpg\",\"width\":252,\"height\":200},{\"@type\":\"WebPage\",\"@id\":\"https:\/\/www.atollplongee.com\/exploration\/bubble-maker-et-seal-team\/#webpage\",\"url\":\"https:\/\/www.atollplongee.com\/exploration\/bubble-maker-et-seal-team\/\",\"name\":\"Bubble Maker et Seal Team - Atoll Plong\\u00e9e Marseille\",\"isPartOf\":{\"@id\":\"https:\/\/www.atollplongee.com\/#website\"},\"primaryImageOfPage\":{\"@id\":\"https:\/\/www.atollplongee.com\/exploration\/bubble-maker-et-seal-team\/#primaryimage\"},\"datePublished\":\"2020-04-14T13:10:31+00:00\",\"dateModified\":\"2022-01-29T14:57:26+00:00\",\"breadcrumb\":{\"@id\":\"https:\/\/www.atollplongee.com\/exploration\/bubble-maker-et-seal-team\/#breadcrumb\"},\"inLanguage\":\"en-US\",\"potentialAction\":[{\"@type\":\"ReadAction\",\"target\":[\"https:\/\/www.atollplongee.com\/exploration\/bubble-maker-et-seal-team\/\"]}]},{\"@type\":\"BreadcrumbList\",\"@id\":\"https:\/\/www.atollplongee.com\/exploration\/bubble-maker-et-seal-team\/#breadcrumb\",\"itemListElement\":[{\"@type\":\"ListItem\",\"position\":1,\"name\":\"Accueil\",\"item\":\"https:\/\/www.atollplongee.com\/\"},{\"@type\":\"ListItem\",\"position\":2,\"name\":\"Boutique\",\"item\":\"https:\/\/www.atollplongee.com\/boutique\/\"},{\"@type\":\"ListItem\",\"position\":3,\"name\":\"Plong\\u00e9e\"},{\"@type\":\"ListItem\",\"position\":4,\"name\":\"Exploration\"},{\"@type\":\"ListItem\",\"position\":5,\"name\":\"Bubble Maker et Seal Team\"}]}]}<\/script>\n<!-- \/ Yoast SEO plugin. -->","yoast_head_json":{"title":"Bubble Maker et Seal Team - Atoll Plong\u00e9e Marseille","robots":{"index":"index","follow":"follow","max-snippet":"max-snippet:-1","max-image-preview":"max-image-preview:large","max-video-preview":"max-video-preview:-1"},"canonical":"https:\/\/www.atollplongee.com\/en\/product\/bubble-maker-et-seal-team\/","og_locale":"en_US","og_type":"article","og_title":"Bubble Maker et Seal Team - Atoll Plong\u00e9e Marseille","og_description":"Faites d\u00e9couvrir \u00e0 vos enfants la plong\u00e9e sous-marine gr\u00e2ce au syst\u00e8me PADI.","og_url":"https:\/\/www.atollplongee.com\/en\/product\/bubble-maker-et-seal-team\/","og_site_name":"Atoll Plong\u00e9e Marseille","article_modified_time":"2022-01-29T14:57:26+00:00","og_image":[{"width":252,"height":200,"url":"https:\/\/www.atollplongee.com\/wp-content\/uploads\/2020\/04\/Unknown-3.jpg","type":"image\/jpeg"}],"twitter_card":"summary_large_image","twitter_misc":{"Est. reading time":"1 minute"},"schema":{"@context":"https:\/\/schema.org","@graph":[{"@type":"Organization","@id":"https:\/\/www.atollplongee.com\/#organization","name":"Atoll","url":"https:\/\/www.atollplongee.com\/","sameAs":[],"logo":{"@type":"ImageObject","@id":"https:\/\/www.atollplongee.com\/#logo","inLanguage":"en-US","url":"https:\/\/www.atollplongee.com\/wp-content\/uploads\/2019\/02\/plonge\u0301e-marseille-atoll-logo-1.png","contentUrl":"https:\/\/www.atollplongee.com\/wp-content\/uploads\/2019\/02\/plonge\u0301e-marseille-atoll-logo-1.png","width":167,"height":42,"caption":"Atoll"},"image":{"@id":"https:\/\/www.atollplongee.com\/#logo"}},{"@type":"WebSite","@id":"https:\/\/www.atollplongee.com\/#website","url":"https:\/\/www.atollplongee.com\/","name":"Atoll Plong\u00e9e Marseille","description":"centre de plong\u00e9e et de formation n\u00b01 \u00e0 Marseille","publisher":{"@id":"https:\/\/www.atollplongee.com\/#organization"},"potentialAction":[{"@type":"SearchAction","target":{"@type":"EntryPoint","urlTemplate":"https:\/\/www.atollplongee.com\/?s={search_term_string}"},"query-input":"required name=search_term_string"}],"inLanguage":"en-US"},{"@type":"ImageObject","@id":"https:\/\/www.atollplongee.com\/exploration\/bubble-maker-et-seal-team\/#primaryimage","inLanguage":"en-US","url":"https:\/\/www.atollplongee.com\/wp-content\/uploads\/2020\/04\/Unknown-3.jpg","contentUrl":"https:\/\/www.atollplongee.com\/wp-content\/uploads\/2020\/04\/Unknown-3.jpg","width":252,"height":200},{"@type":"WebPage","@id":"https:\/\/www.atollplongee.com\/exploration\/bubble-maker-et-seal-team\/#webpage","url":"https:\/\/www.atollplongee.com\/exploration\/bubble-maker-et-seal-team\/","name":"Bubble Maker et Seal Team - Atoll Plong\u00e9e Marseille","isPartOf":{"@id":"https:\/\/www.atollplongee.com\/#website"},"primaryImageOfPage":{"@id":"https:\/\/www.atollplongee.com\/exploration\/bubble-maker-et-seal-team\/#primaryimage"},"datePublished":"2020-04-14T13:10:31+00:00","dateModified":"2022-01-29T14:57:26+00:00","breadcrumb":{"@id":"https:\/\/www.atollplongee.com\/exploration\/bubble-maker-et-seal-team\/#breadcrumb"},"inLanguage":"en-US","potentialAction":[{"@type":"ReadAction","target":["https:\/\/www.atollplongee.com\/exploration\/bubble-maker-et-seal-team\/"]}]},{"@type":"BreadcrumbList","@id":"https:\/\/www.atollplongee.com\/exploration\/bubble-maker-et-seal-team\/#breadcrumb","itemListElement":[{"@type":"ListItem","position":1,"name":"Accueil","item":"https:\/\/www.atollplongee.com\/"},{"@type":"ListItem","position":2,"name":"Boutique","item":"https:\/\/www.atollplongee.com\/boutique\/"},{"@type":"ListItem","position":3,"name":"Plong\u00e9e"},{"@type":"ListItem","position":4,"name":"Exploration"},{"@type":"ListItem","position":5,"name":"Bubble Maker et Seal Team"}]}]}},"_links":{"self":[{"href":"https:\/\/www.atollplongee.com\/en\/wp-json\/wp\/v2\/product\/2611"}],"collection":[{"href":"https:\/\/www.atollplongee.com\/en\/wp-json\/wp\/v2\/product"}],"about":[{"href":"https:\/\/www.atollplongee.com\/en\/wp-json\/wp\/v2\/types\/product"}],"replies":[{"embeddable":true,"href":"https:\/\/www.atollplongee.com\/en\/wp-json\/wp\/v2\/comments?post=2611"}],"version-history":[{"count":17,"href":"https:\/\/www.atollplongee.com\/en\/wp-json\/wp\/v2\/product\/2611\/revisions"}],"predecessor-version":[{"id":7537,"href":"https:\/\/www.atollplongee.com\/en\/wp-json\/wp\/v2\/product\/2611\/revisions\/7537"}],"wp:featuredmedia":[{"embeddable":true,"href":"https:\/\/www.atollplongee.com\/en\/wp-json\/wp\/v2\/media\/8710"}],"wp:attachment":[{"href":"https:\/\/www.atollplongee.com\/en\/wp-json\/wp\/v2\/media?parent=2611"}],"wp:term":[{"taxonomy":"product_cat","embeddable":true,"href":"https:\/\/www.atollplongee.com\/en\/wp-json\/wp\/v2\/product_cat?post=2611"},{"taxonomy":"product_tag","embeddable":true,"href":"https:\/\/www.atollplongee.com\/en\/wp-json\/wp\/v2\/product_tag?post=2611"},{"taxonomy":"marques","embeddable":true,"href":"https:\/\/www.atollplongee.com\/en\/wp-json\/wp\/v2\/marques?post=2611"},{"taxonomy":"profondeur","embeddable":true,"href":"https:\/\/www.atollplongee.com\/en\/wp-json\/wp\/v2\/profondeur?post=2611"}],"curies":[{"name":"wp","href":"https:\/\/api.w.org\/{rel}","templated":true}]}}