{"id":2561,"date":"2020-03-31T06:51:03","date_gmt":"2020-03-31T05:51:03","guid":{"rendered":"https:\/\/www.atollplongee.com\/?post_type=product&#038;p=2561"},"modified":"2023-02-22T19:18:14","modified_gmt":"2023-02-22T18:18:14","slug":"la-plongee-exploration","status":"publish","type":"product","link":"https:\/\/www.atollplongee.com\/en\/product\/la-plongee-exploration\/","title":{"rendered":"La Plong\u00e9e Exploration"},"content":{"rendered":"<p><strong>L&#8217;ouverture de Marseille sur la mer depuis plus de 2600 ans fait d&#8217;elle un des hauts lieux de l&#8217;histoire subaquatique mondiale ! Marseille est bel et bien le berceau de la plong\u00e9e sous-marine.<\/strong><\/p>\n<p><strong>Pourquoi plonger \u00e0 Marseille\u00a0:<\/strong><\/p>\n<p>La plong\u00e9e phoc\u00e9enne compte environ 70 sites plus diff\u00e9rents les uns que les autres.<\/p>\n<p>Que vous soyez d\u00e9butant ou plongeur confirm\u00e9, il y en a pour tous les go\u00fbts :<\/p>\n<ul>\n<li>Des spots de plong\u00e9e multi-profondeurs de 0 \u00e0 60m.<\/li>\n<li>Une architecture sous-marine tr\u00e8s diversifi\u00e9e : des plateaux, tombants profonds, arches, grottes ou encore \u00e9paves . Vous en avez r\u00eav\u00e9, ils sont bien tous pr\u00e9sents&#8230;.<\/li>\n<\/ul>\n<p>Une biodiversit\u00e9 extraordinaire et vari\u00e9e :<\/p>\n<ul>\n<li>Des bancs de poissons multicolores en pleine eau dans un bleu profond pour d\u00e9cor.<\/li>\n<li>Une faune fixe \u00e9tonnante avec des champs de gorgones pourpres, jaunes\u2026\u00a0 et plus encore. Un paradis pour les photographes et les amateurs d&#8217;ambiance.<\/li>\n<\/ul>\n<p>La pr\u00e9sence de nos magnifiques \u00eeles ( Archipel de RIOU et du FRIOUL, et l&#8217;\u00eelot du PLANIER ) fait que m\u00eame si Marseille compte pr\u00e8s de 300 jours de vents par an, en fonction de son orientation il y a toujours un un site abrit\u00e9 !<strong>\u00a0<\/strong><strong>\u00a0<\/strong><\/p>\n<p><b>Marseille plong\u00e9e, un site d\u00e9di\u00e9 au bien \u00eatre du plongeur :<\/b><\/p>\n<ul>\n<li>Infrastructure de 600 m2 ( h\u00e9bergement, restauration, cours avec terrasse et jacuzzi, accueil, magasin, vestiaires\u2026)<\/li>\n<li>Station de gonflage air \/ nitrox \/ trimix.<\/li>\n<li>Du mat\u00e9riel de location neuf et r\u00e9vis\u00e9 chaque hiver\u2026<\/li>\n<\/ul>\n<p><strong>Nos diff\u00e9rentes formules :\u00a0nous vous proposons diff\u00e9rentes possibilit\u00e9s :<\/strong><\/p>\n<ul>\n<li>Une plong\u00e9e exploration \u00e0 la demi-journ\u00e9e, encadr\u00e9 par nos soins ou en autonomie en fonction de votre niveau.<\/li>\n<li>Une formule 2 plong\u00e9es avec restauration sur place.<\/li>\n<\/ul>\n<p><strong>Une organisation bien rod\u00e9e\u00a0:<\/strong><\/p>\n<ul>\n<li>Toute l&#8217;\u00e9quipe d&#8217;MARSEILLE PLONGEE vous accueille matin et\/ou apr\u00e8s-midi. Les rendez-vous sont fix\u00e9s \u00e0 8h00 et 13h30 au club.<\/li>\n<li>Apr\u00e8s un caf\u00e9 de bienvenue, la v\u00e9rification de vos cartes et mat\u00e9riel, un briefing \u00ab made by MARSEILLE PLONGEE \u00bb dessin\u00e9 au tableau par nos soins vous sera fait afin que vous ne manquiez rien de votre exploration.<\/li>\n<\/ul>\n<p><strong>Vous sera demand\u00e9\u00a0:<\/strong><\/p>\n<ul>\n<li>Votre carte de niveau et carnet de plong\u00e9e.<\/li>\n<li>Un certificat m\u00e9dical de non contre-indication \u00e0 la plong\u00e9e datant de moins d&#8217;un an et \u00e9tabli par un m\u00e9decin g\u00e9n\u00e9raliste.<\/li>\n<\/ul>","protected":false},"excerpt":{"rendered":"<p>Venez passer un bon moment au sein m\u00eame du Parc des Calanques. Faune, flore, ambiance et d\u00e9paysement seront au rendez vous.<\/p>","protected":false},"featured_media":2608,"comment_status":"open","ping_status":"closed","template":"","meta":[],"product_cat":[42,159],"product_tag":[161,87],"marques":[],"profondeur":[69],"acf":[],"yoast_head":"<!-- This site is optimized with the Yoast SEO plugin v17.9 - https:\/\/yoast.com\/wordpress\/plugins\/seo\/ -->\n<title>La Plong\u00e9e Exploration - Atoll Plong\u00e9e Marseille<\/title>\n<meta name=\"robots\" content=\"index, follow, max-snippet:-1, max-image-preview:large, max-video-preview:-1\" \/>\n<link rel=\"canonical\" href=\"https:\/\/www.atollplongee.com\/en\/product\/la-plongee-exploration\/\" \/>\n<meta property=\"og:locale\" content=\"en_US\" \/>\n<meta property=\"og:type\" content=\"article\" \/>\n<meta property=\"og:title\" content=\"La Plong\u00e9e Exploration - Atoll Plong\u00e9e Marseille\" \/>\n<meta property=\"og:description\" content=\"Venez passer un bon moment au sein m\u00eame du Parc des Calanques. Faune, flore, ambiance et d\u00e9paysement seront au rendez vous.\" \/>\n<meta property=\"og:url\" content=\"https:\/\/www.atollplongee.com\/en\/product\/la-plongee-exploration\/\" \/>\n<meta property=\"og:site_name\" content=\"Atoll Plong\u00e9e Marseille\" \/>\n<meta property=\"article:modified_time\" content=\"2023-02-22T18:18:14+00:00\" \/>\n<meta property=\"og:image\" content=\"https:\/\/www.atollplongee.com\/wp-content\/uploads\/2020\/03\/essai-2.jpg\" \/>\n\t<meta property=\"og:image:width\" content=\"1240\" \/>\n\t<meta property=\"og:image:height\" content=\"1754\" \/>\n\t<meta property=\"og:image:type\" content=\"image\/jpeg\" \/>\n<meta name=\"twitter:card\" content=\"summary_large_image\" \/>\n<meta name=\"twitter:label1\" content=\"Est. reading time\" \/>\n\t<meta name=\"twitter:data1\" content=\"2 minutes\" \/>\n<script type=\"application\/ld+json\" class=\"yoast-schema-graph\">{\"@context\":\"https:\/\/schema.org\",\"@graph\":[{\"@type\":\"Organization\",\"@id\":\"https:\/\/www.atollplongee.com\/#organization\",\"name\":\"Atoll\",\"url\":\"https:\/\/www.atollplongee.com\/\",\"sameAs\":[],\"logo\":{\"@type\":\"ImageObject\",\"@id\":\"https:\/\/www.atollplongee.com\/#logo\",\"inLanguage\":\"en-US\",\"url\":\"https:\/\/www.atollplongee.com\/wp-content\/uploads\/2019\/02\/plonge\\u0301e-marseille-atoll-logo-1.png\",\"contentUrl\":\"https:\/\/www.atollplongee.com\/wp-content\/uploads\/2019\/02\/plonge\\u0301e-marseille-atoll-logo-1.png\",\"width\":167,\"height\":42,\"caption\":\"Atoll\"},\"image\":{\"@id\":\"https:\/\/www.atollplongee.com\/#logo\"}},{\"@type\":\"WebSite\",\"@id\":\"https:\/\/www.atollplongee.com\/#website\",\"url\":\"https:\/\/www.atollplongee.com\/\",\"name\":\"Atoll Plong\\u00e9e Marseille\",\"description\":\"centre de plong\\u00e9e et de formation n\\u00b01 \\u00e0 Marseille\",\"publisher\":{\"@id\":\"https:\/\/www.atollplongee.com\/#organization\"},\"potentialAction\":[{\"@type\":\"SearchAction\",\"target\":{\"@type\":\"EntryPoint\",\"urlTemplate\":\"https:\/\/www.atollplongee.com\/?s={search_term_string}\"},\"query-input\":\"required name=search_term_string\"}],\"inLanguage\":\"en-US\"},{\"@type\":\"ImageObject\",\"@id\":\"https:\/\/www.atollplongee.com\/exploration\/la-plongee-exploration\/#primaryimage\",\"inLanguage\":\"en-US\",\"url\":\"https:\/\/www.atollplongee.com\/wp-content\/uploads\/2020\/03\/essai-2.jpg\",\"contentUrl\":\"https:\/\/www.atollplongee.com\/wp-content\/uploads\/2020\/03\/essai-2.jpg\",\"width\":1240,\"height\":1754},{\"@type\":\"WebPage\",\"@id\":\"https:\/\/www.atollplongee.com\/exploration\/la-plongee-exploration\/#webpage\",\"url\":\"https:\/\/www.atollplongee.com\/exploration\/la-plongee-exploration\/\",\"name\":\"La Plong\\u00e9e Exploration - Atoll Plong\\u00e9e Marseille\",\"isPartOf\":{\"@id\":\"https:\/\/www.atollplongee.com\/#website\"},\"primaryImageOfPage\":{\"@id\":\"https:\/\/www.atollplongee.com\/exploration\/la-plongee-exploration\/#primaryimage\"},\"datePublished\":\"2020-03-31T05:51:03+00:00\",\"dateModified\":\"2023-02-22T18:18:14+00:00\",\"breadcrumb\":{\"@id\":\"https:\/\/www.atollplongee.com\/exploration\/la-plongee-exploration\/#breadcrumb\"},\"inLanguage\":\"en-US\",\"potentialAction\":[{\"@type\":\"ReadAction\",\"target\":[\"https:\/\/www.atollplongee.com\/exploration\/la-plongee-exploration\/\"]}]},{\"@type\":\"BreadcrumbList\",\"@id\":\"https:\/\/www.atollplongee.com\/exploration\/la-plongee-exploration\/#breadcrumb\",\"itemListElement\":[{\"@type\":\"ListItem\",\"position\":1,\"name\":\"Accueil\",\"item\":\"https:\/\/www.atollplongee.com\/\"},{\"@type\":\"ListItem\",\"position\":2,\"name\":\"Boutique\",\"item\":\"https:\/\/www.atollplongee.com\/boutique\/\"},{\"@type\":\"ListItem\",\"position\":3,\"name\":\"Plong\\u00e9e\"},{\"@type\":\"ListItem\",\"position\":4,\"name\":\"Exploration\"},{\"@type\":\"ListItem\",\"position\":5,\"name\":\"La Plong\\u00e9e Exploration\"}]}]}<\/script>\n<!-- \/ Yoast SEO plugin. -->","yoast_head_json":{"title":"La Plong\u00e9e Exploration - Atoll Plong\u00e9e Marseille","robots":{"index":"index","follow":"follow","max-snippet":"max-snippet:-1","max-image-preview":"max-image-preview:large","max-video-preview":"max-video-preview:-1"},"canonical":"https:\/\/www.atollplongee.com\/en\/product\/la-plongee-exploration\/","og_locale":"en_US","og_type":"article","og_title":"La Plong\u00e9e Exploration - Atoll Plong\u00e9e Marseille","og_description":"Venez passer un bon moment au sein m\u00eame du Parc des Calanques. Faune, flore, ambiance et d\u00e9paysement seront au rendez vous.","og_url":"https:\/\/www.atollplongee.com\/en\/product\/la-plongee-exploration\/","og_site_name":"Atoll Plong\u00e9e Marseille","article_modified_time":"2023-02-22T18:18:14+00:00","og_image":[{"width":1240,"height":1754,"url":"https:\/\/www.atollplongee.com\/wp-content\/uploads\/2020\/03\/essai-2.jpg","type":"image\/jpeg"}],"twitter_card":"summary_large_image","twitter_misc":{"Est. reading time":"2 minutes"},"schema":{"@context":"https:\/\/schema.org","@graph":[{"@type":"Organization","@id":"https:\/\/www.atollplongee.com\/#organization","name":"Atoll","url":"https:\/\/www.atollplongee.com\/","sameAs":[],"logo":{"@type":"ImageObject","@id":"https:\/\/www.atollplongee.com\/#logo","inLanguage":"en-US","url":"https:\/\/www.atollplongee.com\/wp-content\/uploads\/2019\/02\/plonge\u0301e-marseille-atoll-logo-1.png","contentUrl":"https:\/\/www.atollplongee.com\/wp-content\/uploads\/2019\/02\/plonge\u0301e-marseille-atoll-logo-1.png","width":167,"height":42,"caption":"Atoll"},"image":{"@id":"https:\/\/www.atollplongee.com\/#logo"}},{"@type":"WebSite","@id":"https:\/\/www.atollplongee.com\/#website","url":"https:\/\/www.atollplongee.com\/","name":"Atoll Plong\u00e9e Marseille","description":"centre de plong\u00e9e et de formation n\u00b01 \u00e0 Marseille","publisher":{"@id":"https:\/\/www.atollplongee.com\/#organization"},"potentialAction":[{"@type":"SearchAction","target":{"@type":"EntryPoint","urlTemplate":"https:\/\/www.atollplongee.com\/?s={search_term_string}"},"query-input":"required name=search_term_string"}],"inLanguage":"en-US"},{"@type":"ImageObject","@id":"https:\/\/www.atollplongee.com\/exploration\/la-plongee-exploration\/#primaryimage","inLanguage":"en-US","url":"https:\/\/www.atollplongee.com\/wp-content\/uploads\/2020\/03\/essai-2.jpg","contentUrl":"https:\/\/www.atollplongee.com\/wp-content\/uploads\/2020\/03\/essai-2.jpg","width":1240,"height":1754},{"@type":"WebPage","@id":"https:\/\/www.atollplongee.com\/exploration\/la-plongee-exploration\/#webpage","url":"https:\/\/www.atollplongee.com\/exploration\/la-plongee-exploration\/","name":"La Plong\u00e9e Exploration - Atoll Plong\u00e9e Marseille","isPartOf":{"@id":"https:\/\/www.atollplongee.com\/#website"},"primaryImageOfPage":{"@id":"https:\/\/www.atollplongee.com\/exploration\/la-plongee-exploration\/#primaryimage"},"datePublished":"2020-03-31T05:51:03+00:00","dateModified":"2023-02-22T18:18:14+00:00","breadcrumb":{"@id":"https:\/\/www.atollplongee.com\/exploration\/la-plongee-exploration\/#breadcrumb"},"inLanguage":"en-US","potentialAction":[{"@type":"ReadAction","target":["https:\/\/www.atollplongee.com\/exploration\/la-plongee-exploration\/"]}]},{"@type":"BreadcrumbList","@id":"https:\/\/www.atollplongee.com\/exploration\/la-plongee-exploration\/#breadcrumb","itemListElement":[{"@type":"ListItem","position":1,"name":"Accueil","item":"https:\/\/www.atollplongee.com\/"},{"@type":"ListItem","position":2,"name":"Boutique","item":"https:\/\/www.atollplongee.com\/boutique\/"},{"@type":"ListItem","position":3,"name":"Plong\u00e9e"},{"@type":"ListItem","position":4,"name":"Exploration"},{"@type":"ListItem","position":5,"name":"La Plong\u00e9e Exploration"}]}]}},"_links":{"self":[{"href":"https:\/\/www.atollplongee.com\/en\/wp-json\/wp\/v2\/product\/2561"}],"collection":[{"href":"https:\/\/www.atollplongee.com\/en\/wp-json\/wp\/v2\/product"}],"about":[{"href":"https:\/\/www.atollplongee.com\/en\/wp-json\/wp\/v2\/types\/product"}],"replies":[{"embeddable":true,"href":"https:\/\/www.atollplongee.com\/en\/wp-json\/wp\/v2\/comments?post=2561"}],"version-history":[{"count":21,"href":"https:\/\/www.atollplongee.com\/en\/wp-json\/wp\/v2\/product\/2561\/revisions"}],"predecessor-version":[{"id":8835,"href":"https:\/\/www.atollplongee.com\/en\/wp-json\/wp\/v2\/product\/2561\/revisions\/8835"}],"wp:featuredmedia":[{"embeddable":true,"href":"https:\/\/www.atollplongee.com\/en\/wp-json\/wp\/v2\/media\/2608"}],"wp:attachment":[{"href":"https:\/\/www.atollplongee.com\/en\/wp-json\/wp\/v2\/media?parent=2561"}],"wp:term":[{"taxonomy":"product_cat","embeddable":true,"href":"https:\/\/www.atollplongee.com\/en\/wp-json\/wp\/v2\/product_cat?post=2561"},{"taxonomy":"product_tag","embeddable":true,"href":"https:\/\/www.atollplongee.com\/en\/wp-json\/wp\/v2\/product_tag?post=2561"},{"taxonomy":"marques","embeddable":true,"href":"https:\/\/www.atollplongee.com\/en\/wp-json\/wp\/v2\/marques?post=2561"},{"taxonomy":"profondeur","embeddable":true,"href":"https:\/\/www.atollplongee.com\/en\/wp-json\/wp\/v2\/profondeur?post=2561"}],"curies":[{"name":"wp","href":"https:\/\/api.w.org\/{rel}","templated":true}]}}