{"id":2133,"date":"2020-01-17T13:12:08","date_gmt":"2020-01-17T12:12:08","guid":{"rendered":"https:\/\/www.atollplongee.com\/?post_type=product&#038;p=2133"},"modified":"2025-01-14T14:11:13","modified_gmt":"2025-01-14T13:11:13","slug":"specialite-etanche-dry-suit","status":"publish","type":"product","link":"https:\/\/www.atollplongee.com\/en\/product\/specialite-etanche-dry-suit\/","title":{"rendered":"Formation Etanche \/ Dry Suit"},"content":{"rendered":"<p><strong>Rythme de progession :<\/strong><\/p>\n<p><span style=\"font-size: 10.5pt;\">La combinaison \u00e9tanche de par ses aspects techniques peut modifier certaines sensations et rep\u00e8res ; une prise en main accompagn\u00e9e par un moniteur est n\u00e9cessaire. <\/span><\/p>\n<p>Atoll vous propose diff\u00e9rentes formules individualis\u00e9es \u00e0 vos besoins, \u00e0 votre niveau :<\/p>\n<ul>\n<li>1 plong\u00e9e d&#8217;initiation : dans le cadre d&#8217;une d\u00e9couverte ou en cours de stage de formation comme l&#8217;Advanced Open Water ou le niveau 2.<\/li>\n<li>1 stage complet incluant 3 plong\u00e9es (pr\u00e9voir 3 demi-journ\u00e9es ) :<\/li>\n<\/ul>\n<p>Le principe de l&#8217;individualisation \u00e9tant de s&#8217;adapter aux niveaux et besoins des plongeurs, il sera peut-\u00eatre n\u00e9cessaire de pr\u00e9voir 1 plong\u00e9e suppl\u00e9mentaire.<\/p>\n<p><strong>Certification :<\/strong><\/p>\n<p>Selon votre organisme de formation, nous pouvons vous proposer une certification FFESSM, ANMP ou PADI.<\/p>\n<p>A l\u2019issue de votre formation, vous obtiendrez votre attestation provisoire et disposerez d&#8217;une certification num\u00e9rique.<\/p>\n<p>&nbsp;<\/p>","protected":false},"excerpt":{"rendered":"<p>Vous souhaitez apprendre \u00e0 plonger en toute s\u00e9curit\u00e9 entre 0 et 20 m, toujours encadr\u00e9 par un moniteur professionnel et d\u00e9couvrir plus de 40 sites du Parc des Calanques de Marseille.<\/p>","protected":false},"featured_media":2065,"comment_status":"open","ping_status":"closed","template":"","meta":[],"product_cat":[28,159,158],"product_tag":[87],"marques":[],"profondeur":[],"acf":[],"yoast_head":"<!-- This site is optimized with the Yoast SEO plugin v17.9 - https:\/\/yoast.com\/wordpress\/plugins\/seo\/ -->\n<title>Formation Etanche \/ Dry Suit - Atoll Plong\u00e9e Marseille<\/title>\n<meta name=\"robots\" content=\"index, follow, max-snippet:-1, max-image-preview:large, max-video-preview:-1\" \/>\n<link rel=\"canonical\" href=\"https:\/\/www.atollplongee.com\/en\/product\/specialite-etanche-dry-suit\/\" \/>\n<meta property=\"og:locale\" content=\"en_US\" \/>\n<meta property=\"og:type\" content=\"article\" \/>\n<meta property=\"og:title\" content=\"Formation Etanche \/ Dry Suit - Atoll Plong\u00e9e Marseille\" \/>\n<meta property=\"og:description\" content=\"Vous souhaitez apprendre \u00e0 plonger en toute s\u00e9curit\u00e9 entre 0 et 20 m, toujours encadr\u00e9 par un moniteur professionnel et d\u00e9couvrir plus de 40 sites du Parc des Calanques de Marseille.\" \/>\n<meta property=\"og:url\" content=\"https:\/\/www.atollplongee.com\/en\/product\/specialite-etanche-dry-suit\/\" \/>\n<meta property=\"og:site_name\" content=\"Atoll Plong\u00e9e Marseille\" \/>\n<meta property=\"article:modified_time\" content=\"2025-01-14T13:11:13+00:00\" \/>\n<meta property=\"og:image\" content=\"https:\/\/www.atollplongee.com\/wp-content\/uploads\/2020\/01\/EVERTECH_DRY_BREATHABLE_LADY_60.321.X_139.jpg\" \/>\n\t<meta property=\"og:image:width\" content=\"626\" \/>\n\t<meta property=\"og:image:height\" content=\"1200\" \/>\n\t<meta property=\"og:image:type\" content=\"image\/jpeg\" \/>\n<meta name=\"twitter:card\" content=\"summary_large_image\" \/>\n<meta name=\"twitter:label1\" content=\"Est. reading time\" \/>\n\t<meta name=\"twitter:data1\" content=\"1 minute\" \/>\n<script type=\"application\/ld+json\" class=\"yoast-schema-graph\">{\"@context\":\"https:\/\/schema.org\",\"@graph\":[{\"@type\":\"Organization\",\"@id\":\"https:\/\/www.atollplongee.com\/#organization\",\"name\":\"Atoll\",\"url\":\"https:\/\/www.atollplongee.com\/\",\"sameAs\":[],\"logo\":{\"@type\":\"ImageObject\",\"@id\":\"https:\/\/www.atollplongee.com\/#logo\",\"inLanguage\":\"en-US\",\"url\":\"https:\/\/www.atollplongee.com\/wp-content\/uploads\/2019\/02\/plonge\\u0301e-marseille-atoll-logo-1.png\",\"contentUrl\":\"https:\/\/www.atollplongee.com\/wp-content\/uploads\/2019\/02\/plonge\\u0301e-marseille-atoll-logo-1.png\",\"width\":167,\"height\":42,\"caption\":\"Atoll\"},\"image\":{\"@id\":\"https:\/\/www.atollplongee.com\/#logo\"}},{\"@type\":\"WebSite\",\"@id\":\"https:\/\/www.atollplongee.com\/#website\",\"url\":\"https:\/\/www.atollplongee.com\/\",\"name\":\"Atoll Plong\\u00e9e Marseille\",\"description\":\"centre de plong\\u00e9e et de formation n\\u00b01 \\u00e0 Marseille\",\"publisher\":{\"@id\":\"https:\/\/www.atollplongee.com\/#organization\"},\"potentialAction\":[{\"@type\":\"SearchAction\",\"target\":{\"@type\":\"EntryPoint\",\"urlTemplate\":\"https:\/\/www.atollplongee.com\/?s={search_term_string}\"},\"query-input\":\"required name=search_term_string\"}],\"inLanguage\":\"en-US\"},{\"@type\":\"ImageObject\",\"@id\":\"https:\/\/www.atollplongee.com\/formation\/specialite-etanche-dry-suit\/#primaryimage\",\"inLanguage\":\"en-US\",\"url\":\"https:\/\/www.atollplongee.com\/wp-content\/uploads\/2020\/01\/EVERTECH_DRY_BREATHABLE_LADY_60.321.X_139.jpg\",\"contentUrl\":\"https:\/\/www.atollplongee.com\/wp-content\/uploads\/2020\/01\/EVERTECH_DRY_BREATHABLE_LADY_60.321.X_139.jpg\",\"width\":626,\"height\":1200},{\"@type\":\"WebPage\",\"@id\":\"https:\/\/www.atollplongee.com\/formation\/specialite-etanche-dry-suit\/#webpage\",\"url\":\"https:\/\/www.atollplongee.com\/formation\/specialite-etanche-dry-suit\/\",\"name\":\"Formation Etanche \/ Dry Suit - Atoll Plong\\u00e9e Marseille\",\"isPartOf\":{\"@id\":\"https:\/\/www.atollplongee.com\/#website\"},\"primaryImageOfPage\":{\"@id\":\"https:\/\/www.atollplongee.com\/formation\/specialite-etanche-dry-suit\/#primaryimage\"},\"datePublished\":\"2020-01-17T12:12:08+00:00\",\"dateModified\":\"2025-01-14T13:11:13+00:00\",\"breadcrumb\":{\"@id\":\"https:\/\/www.atollplongee.com\/formation\/specialite-etanche-dry-suit\/#breadcrumb\"},\"inLanguage\":\"en-US\",\"potentialAction\":[{\"@type\":\"ReadAction\",\"target\":[\"https:\/\/www.atollplongee.com\/formation\/specialite-etanche-dry-suit\/\"]}]},{\"@type\":\"BreadcrumbList\",\"@id\":\"https:\/\/www.atollplongee.com\/formation\/specialite-etanche-dry-suit\/#breadcrumb\",\"itemListElement\":[{\"@type\":\"ListItem\",\"position\":1,\"name\":\"Accueil\",\"item\":\"https:\/\/www.atollplongee.com\/\"},{\"@type\":\"ListItem\",\"position\":2,\"name\":\"Boutique\",\"item\":\"https:\/\/www.atollplongee.com\/boutique\/\"},{\"@type\":\"ListItem\",\"position\":3,\"name\":\"Plong\\u00e9e\"},{\"@type\":\"ListItem\",\"position\":4,\"name\":\"Formation\"},{\"@type\":\"ListItem\",\"position\":5,\"name\":\"Formation Etanche \/ Dry Suit\"}]}]}<\/script>\n<!-- \/ Yoast SEO plugin. -->","yoast_head_json":{"title":"Formation Etanche \/ Dry Suit - Atoll Plong\u00e9e Marseille","robots":{"index":"index","follow":"follow","max-snippet":"max-snippet:-1","max-image-preview":"max-image-preview:large","max-video-preview":"max-video-preview:-1"},"canonical":"https:\/\/www.atollplongee.com\/en\/product\/specialite-etanche-dry-suit\/","og_locale":"en_US","og_type":"article","og_title":"Formation Etanche \/ Dry Suit - Atoll Plong\u00e9e Marseille","og_description":"Vous souhaitez apprendre \u00e0 plonger en toute s\u00e9curit\u00e9 entre 0 et 20 m, toujours encadr\u00e9 par un moniteur professionnel et d\u00e9couvrir plus de 40 sites du Parc des Calanques de Marseille.","og_url":"https:\/\/www.atollplongee.com\/en\/product\/specialite-etanche-dry-suit\/","og_site_name":"Atoll Plong\u00e9e Marseille","article_modified_time":"2025-01-14T13:11:13+00:00","og_image":[{"width":626,"height":1200,"url":"https:\/\/www.atollplongee.com\/wp-content\/uploads\/2020\/01\/EVERTECH_DRY_BREATHABLE_LADY_60.321.X_139.jpg","type":"image\/jpeg"}],"twitter_card":"summary_large_image","twitter_misc":{"Est. reading time":"1 minute"},"schema":{"@context":"https:\/\/schema.org","@graph":[{"@type":"Organization","@id":"https:\/\/www.atollplongee.com\/#organization","name":"Atoll","url":"https:\/\/www.atollplongee.com\/","sameAs":[],"logo":{"@type":"ImageObject","@id":"https:\/\/www.atollplongee.com\/#logo","inLanguage":"en-US","url":"https:\/\/www.atollplongee.com\/wp-content\/uploads\/2019\/02\/plonge\u0301e-marseille-atoll-logo-1.png","contentUrl":"https:\/\/www.atollplongee.com\/wp-content\/uploads\/2019\/02\/plonge\u0301e-marseille-atoll-logo-1.png","width":167,"height":42,"caption":"Atoll"},"image":{"@id":"https:\/\/www.atollplongee.com\/#logo"}},{"@type":"WebSite","@id":"https:\/\/www.atollplongee.com\/#website","url":"https:\/\/www.atollplongee.com\/","name":"Atoll Plong\u00e9e Marseille","description":"centre de plong\u00e9e et de formation n\u00b01 \u00e0 Marseille","publisher":{"@id":"https:\/\/www.atollplongee.com\/#organization"},"potentialAction":[{"@type":"SearchAction","target":{"@type":"EntryPoint","urlTemplate":"https:\/\/www.atollplongee.com\/?s={search_term_string}"},"query-input":"required name=search_term_string"}],"inLanguage":"en-US"},{"@type":"ImageObject","@id":"https:\/\/www.atollplongee.com\/formation\/specialite-etanche-dry-suit\/#primaryimage","inLanguage":"en-US","url":"https:\/\/www.atollplongee.com\/wp-content\/uploads\/2020\/01\/EVERTECH_DRY_BREATHABLE_LADY_60.321.X_139.jpg","contentUrl":"https:\/\/www.atollplongee.com\/wp-content\/uploads\/2020\/01\/EVERTECH_DRY_BREATHABLE_LADY_60.321.X_139.jpg","width":626,"height":1200},{"@type":"WebPage","@id":"https:\/\/www.atollplongee.com\/formation\/specialite-etanche-dry-suit\/#webpage","url":"https:\/\/www.atollplongee.com\/formation\/specialite-etanche-dry-suit\/","name":"Formation Etanche \/ Dry Suit - Atoll Plong\u00e9e Marseille","isPartOf":{"@id":"https:\/\/www.atollplongee.com\/#website"},"primaryImageOfPage":{"@id":"https:\/\/www.atollplongee.com\/formation\/specialite-etanche-dry-suit\/#primaryimage"},"datePublished":"2020-01-17T12:12:08+00:00","dateModified":"2025-01-14T13:11:13+00:00","breadcrumb":{"@id":"https:\/\/www.atollplongee.com\/formation\/specialite-etanche-dry-suit\/#breadcrumb"},"inLanguage":"en-US","potentialAction":[{"@type":"ReadAction","target":["https:\/\/www.atollplongee.com\/formation\/specialite-etanche-dry-suit\/"]}]},{"@type":"BreadcrumbList","@id":"https:\/\/www.atollplongee.com\/formation\/specialite-etanche-dry-suit\/#breadcrumb","itemListElement":[{"@type":"ListItem","position":1,"name":"Accueil","item":"https:\/\/www.atollplongee.com\/"},{"@type":"ListItem","position":2,"name":"Boutique","item":"https:\/\/www.atollplongee.com\/boutique\/"},{"@type":"ListItem","position":3,"name":"Plong\u00e9e"},{"@type":"ListItem","position":4,"name":"Formation"},{"@type":"ListItem","position":5,"name":"Formation Etanche \/ Dry Suit"}]}]}},"_links":{"self":[{"href":"https:\/\/www.atollplongee.com\/en\/wp-json\/wp\/v2\/product\/2133"}],"collection":[{"href":"https:\/\/www.atollplongee.com\/en\/wp-json\/wp\/v2\/product"}],"about":[{"href":"https:\/\/www.atollplongee.com\/en\/wp-json\/wp\/v2\/types\/product"}],"replies":[{"embeddable":true,"href":"https:\/\/www.atollplongee.com\/en\/wp-json\/wp\/v2\/comments?post=2133"}],"version-history":[{"count":13,"href":"https:\/\/www.atollplongee.com\/en\/wp-json\/wp\/v2\/product\/2133\/revisions"}],"predecessor-version":[{"id":6879,"href":"https:\/\/www.atollplongee.com\/en\/wp-json\/wp\/v2\/product\/2133\/revisions\/6879"}],"wp:featuredmedia":[{"embeddable":true,"href":"https:\/\/www.atollplongee.com\/en\/wp-json\/wp\/v2\/media\/2065"}],"wp:attachment":[{"href":"https:\/\/www.atollplongee.com\/en\/wp-json\/wp\/v2\/media?parent=2133"}],"wp:term":[{"taxonomy":"product_cat","embeddable":true,"href":"https:\/\/www.atollplongee.com\/en\/wp-json\/wp\/v2\/product_cat?post=2133"},{"taxonomy":"product_tag","embeddable":true,"href":"https:\/\/www.atollplongee.com\/en\/wp-json\/wp\/v2\/product_tag?post=2133"},{"taxonomy":"marques","embeddable":true,"href":"https:\/\/www.atollplongee.com\/en\/wp-json\/wp\/v2\/marques?post=2133"},{"taxonomy":"profondeur","embeddable":true,"href":"https:\/\/www.atollplongee.com\/en\/wp-json\/wp\/v2\/profondeur?post=2133"}],"curies":[{"name":"wp","href":"https:\/\/api.w.org\/{rel}","templated":true}]}}