{"id":2032,"date":"2020-01-14T14:54:59","date_gmt":"2020-01-14T13:54:59","guid":{"rendered":"https:\/\/www.atollplongee.com\/?post_type=product&#038;p=2032"},"modified":"2023-02-22T18:20:05","modified_gmt":"2023-02-22T17:20:05","slug":"divemaster","status":"publish","type":"product","link":"https:\/\/www.atollplongee.com\/en\/product\/divemaster\/","title":{"rendered":"Divemaster Padi"},"content":{"rendered":"<p><span style=\"color: #000000;\"><strong>Devenir un guide \u00e0 l&#8217;\u00e9tranger, voil\u00e0 tout l&#8217;enjeu de votre formation\u2026<\/strong><\/span><\/p>\n<p><strong>Rythme de votre progression : <\/strong><\/p>\n<p>Votre formation s\u2019organise \u00e0 votre convenance et plusieurs possibilit\u00e9s s\u2019offrent \u00e0 vous :<\/p>\n<ul>\n<li>En &#8220;stage bloqu\u00e9 MARSEILLE PLONGEE&#8221; de 7 jours ou plus.<\/li>\n<li>En stage continu selon vos dates, avec ou sans h\u00e9bergement sur le centre.<\/li>\n<li>Par journ\u00e9e, \u00e0 votre rythme (le nombre n\u2019est pas d\u00e9termin\u00e9).<\/li>\n<\/ul>\n<p>La flexibilit\u00e9 des dates d\u00e9pend de votre anticipation \u00e0 r\u00e9server.<\/p>\n<p><strong>Le tarif ne comprend pas le &#8220;crewpack&#8221; qui correspond au kit complet du futur Divemaster et incluant entre autre le manuel de l&#8217;instructeur et le livre Divemaster, l&#8217;encyclop\u00e9die de la plong\u00e9e, les diff\u00e9rentes &#8220;cue cards&#8221; n\u00e9cessaires \u00e0 la bonne r\u00e9alisation des ateliers, etc&#8230;<\/strong><\/p>\n<p><strong>Certification :<\/strong><\/p>\n<p>Vous obtiendrez une carte num\u00e9rique de professionnel Divemaster. Vous aurez \u00e9galement la possibilit\u00e9 de recevoir une carte par courrier \u00e0 l\u2019adresse indiqu\u00e9e dans son dossier.<\/p>\n<p>&nbsp;<\/p>\n<p>&nbsp;<\/p>\n<p>&nbsp;<\/p>","protected":false},"excerpt":{"rendered":"<p>Vous souhaitez apprendre \u00e0 plonger en toute s\u00e9curit\u00e9 entre 0 et 20 m, toujours encadr\u00e9 par un moniteur professionnel et d\u00e9couvrir plus de 40 sites du Parc des Calanques de Marseille.<\/p>","protected":false},"featured_media":5127,"comment_status":"open","ping_status":"closed","template":"","meta":[],"product_cat":[28,164,159],"product_tag":[67,59,87],"marques":[],"profondeur":[],"acf":[],"yoast_head":"<!-- This site is optimized with the Yoast SEO plugin v17.9 - https:\/\/yoast.com\/wordpress\/plugins\/seo\/ -->\n<title>Divemaster Padi - Atoll Plong\u00e9e Marseille<\/title>\n<meta name=\"robots\" content=\"index, follow, max-snippet:-1, max-image-preview:large, max-video-preview:-1\" \/>\n<link rel=\"canonical\" href=\"https:\/\/www.atollplongee.com\/en\/product\/divemaster\/\" \/>\n<meta property=\"og:locale\" content=\"en_US\" \/>\n<meta property=\"og:type\" content=\"article\" \/>\n<meta property=\"og:title\" content=\"Divemaster Padi - Atoll Plong\u00e9e Marseille\" \/>\n<meta property=\"og:description\" content=\"Vous souhaitez apprendre \u00e0 plonger en toute s\u00e9curit\u00e9 entre 0 et 20 m, toujours encadr\u00e9 par un moniteur professionnel et d\u00e9couvrir plus de 40 sites du Parc des Calanques de Marseille.\" \/>\n<meta property=\"og:url\" content=\"https:\/\/www.atollplongee.com\/en\/product\/divemaster\/\" \/>\n<meta property=\"og:site_name\" content=\"Atoll Plong\u00e9e Marseille\" \/>\n<meta property=\"article:modified_time\" content=\"2023-02-22T17:20:05+00:00\" \/>\n<meta property=\"og:image\" content=\"https:\/\/www.atollplongee.com\/wp-content\/uploads\/2020\/04\/58781445_2341798762530128_8867980514066169856_n.jpg\" \/>\n\t<meta property=\"og:image:width\" content=\"960\" \/>\n\t<meta property=\"og:image:height\" content=\"720\" \/>\n\t<meta property=\"og:image:type\" content=\"image\/jpeg\" \/>\n<meta name=\"twitter:card\" content=\"summary_large_image\" \/>\n<meta name=\"twitter:label1\" content=\"Est. reading time\" \/>\n\t<meta name=\"twitter:data1\" content=\"1 minute\" \/>\n<script type=\"application\/ld+json\" class=\"yoast-schema-graph\">{\"@context\":\"https:\/\/schema.org\",\"@graph\":[{\"@type\":\"Organization\",\"@id\":\"https:\/\/www.atollplongee.com\/#organization\",\"name\":\"Atoll\",\"url\":\"https:\/\/www.atollplongee.com\/\",\"sameAs\":[],\"logo\":{\"@type\":\"ImageObject\",\"@id\":\"https:\/\/www.atollplongee.com\/#logo\",\"inLanguage\":\"en-US\",\"url\":\"https:\/\/www.atollplongee.com\/wp-content\/uploads\/2019\/02\/plonge\\u0301e-marseille-atoll-logo-1.png\",\"contentUrl\":\"https:\/\/www.atollplongee.com\/wp-content\/uploads\/2019\/02\/plonge\\u0301e-marseille-atoll-logo-1.png\",\"width\":167,\"height\":42,\"caption\":\"Atoll\"},\"image\":{\"@id\":\"https:\/\/www.atollplongee.com\/#logo\"}},{\"@type\":\"WebSite\",\"@id\":\"https:\/\/www.atollplongee.com\/#website\",\"url\":\"https:\/\/www.atollplongee.com\/\",\"name\":\"Atoll Plong\\u00e9e Marseille\",\"description\":\"centre de plong\\u00e9e et de formation n\\u00b01 \\u00e0 Marseille\",\"publisher\":{\"@id\":\"https:\/\/www.atollplongee.com\/#organization\"},\"potentialAction\":[{\"@type\":\"SearchAction\",\"target\":{\"@type\":\"EntryPoint\",\"urlTemplate\":\"https:\/\/www.atollplongee.com\/?s={search_term_string}\"},\"query-input\":\"required name=search_term_string\"}],\"inLanguage\":\"en-US\"},{\"@type\":\"ImageObject\",\"@id\":\"https:\/\/www.atollplongee.com\/formation\/divemaster\/#primaryimage\",\"inLanguage\":\"en-US\",\"url\":\"https:\/\/www.atollplongee.com\/wp-content\/uploads\/2020\/04\/58781445_2341798762530128_8867980514066169856_n.jpg\",\"contentUrl\":\"https:\/\/www.atollplongee.com\/wp-content\/uploads\/2020\/04\/58781445_2341798762530128_8867980514066169856_n.jpg\",\"width\":960,\"height\":720},{\"@type\":\"WebPage\",\"@id\":\"https:\/\/www.atollplongee.com\/formation\/divemaster\/#webpage\",\"url\":\"https:\/\/www.atollplongee.com\/formation\/divemaster\/\",\"name\":\"Divemaster Padi - Atoll Plong\\u00e9e Marseille\",\"isPartOf\":{\"@id\":\"https:\/\/www.atollplongee.com\/#website\"},\"primaryImageOfPage\":{\"@id\":\"https:\/\/www.atollplongee.com\/formation\/divemaster\/#primaryimage\"},\"datePublished\":\"2020-01-14T13:54:59+00:00\",\"dateModified\":\"2023-02-22T17:20:05+00:00\",\"breadcrumb\":{\"@id\":\"https:\/\/www.atollplongee.com\/formation\/divemaster\/#breadcrumb\"},\"inLanguage\":\"en-US\",\"potentialAction\":[{\"@type\":\"ReadAction\",\"target\":[\"https:\/\/www.atollplongee.com\/formation\/divemaster\/\"]}]},{\"@type\":\"BreadcrumbList\",\"@id\":\"https:\/\/www.atollplongee.com\/formation\/divemaster\/#breadcrumb\",\"itemListElement\":[{\"@type\":\"ListItem\",\"position\":1,\"name\":\"Accueil\",\"item\":\"https:\/\/www.atollplongee.com\/\"},{\"@type\":\"ListItem\",\"position\":2,\"name\":\"Boutique\",\"item\":\"https:\/\/www.atollplongee.com\/boutique\/\"},{\"@type\":\"ListItem\",\"position\":3,\"name\":\"Devenir Guide de palanqu\\u00e9e\"},{\"@type\":\"ListItem\",\"position\":4,\"name\":\"Divemaster Padi\"}]}]}<\/script>\n<!-- \/ Yoast SEO plugin. -->","yoast_head_json":{"title":"Divemaster Padi - Atoll Plong\u00e9e Marseille","robots":{"index":"index","follow":"follow","max-snippet":"max-snippet:-1","max-image-preview":"max-image-preview:large","max-video-preview":"max-video-preview:-1"},"canonical":"https:\/\/www.atollplongee.com\/en\/product\/divemaster\/","og_locale":"en_US","og_type":"article","og_title":"Divemaster Padi - Atoll Plong\u00e9e Marseille","og_description":"Vous souhaitez apprendre \u00e0 plonger en toute s\u00e9curit\u00e9 entre 0 et 20 m, toujours encadr\u00e9 par un moniteur professionnel et d\u00e9couvrir plus de 40 sites du Parc des Calanques de Marseille.","og_url":"https:\/\/www.atollplongee.com\/en\/product\/divemaster\/","og_site_name":"Atoll Plong\u00e9e Marseille","article_modified_time":"2023-02-22T17:20:05+00:00","og_image":[{"width":960,"height":720,"url":"https:\/\/www.atollplongee.com\/wp-content\/uploads\/2020\/04\/58781445_2341798762530128_8867980514066169856_n.jpg","type":"image\/jpeg"}],"twitter_card":"summary_large_image","twitter_misc":{"Est. reading time":"1 minute"},"schema":{"@context":"https:\/\/schema.org","@graph":[{"@type":"Organization","@id":"https:\/\/www.atollplongee.com\/#organization","name":"Atoll","url":"https:\/\/www.atollplongee.com\/","sameAs":[],"logo":{"@type":"ImageObject","@id":"https:\/\/www.atollplongee.com\/#logo","inLanguage":"en-US","url":"https:\/\/www.atollplongee.com\/wp-content\/uploads\/2019\/02\/plonge\u0301e-marseille-atoll-logo-1.png","contentUrl":"https:\/\/www.atollplongee.com\/wp-content\/uploads\/2019\/02\/plonge\u0301e-marseille-atoll-logo-1.png","width":167,"height":42,"caption":"Atoll"},"image":{"@id":"https:\/\/www.atollplongee.com\/#logo"}},{"@type":"WebSite","@id":"https:\/\/www.atollplongee.com\/#website","url":"https:\/\/www.atollplongee.com\/","name":"Atoll Plong\u00e9e Marseille","description":"centre de plong\u00e9e et de formation n\u00b01 \u00e0 Marseille","publisher":{"@id":"https:\/\/www.atollplongee.com\/#organization"},"potentialAction":[{"@type":"SearchAction","target":{"@type":"EntryPoint","urlTemplate":"https:\/\/www.atollplongee.com\/?s={search_term_string}"},"query-input":"required name=search_term_string"}],"inLanguage":"en-US"},{"@type":"ImageObject","@id":"https:\/\/www.atollplongee.com\/formation\/divemaster\/#primaryimage","inLanguage":"en-US","url":"https:\/\/www.atollplongee.com\/wp-content\/uploads\/2020\/04\/58781445_2341798762530128_8867980514066169856_n.jpg","contentUrl":"https:\/\/www.atollplongee.com\/wp-content\/uploads\/2020\/04\/58781445_2341798762530128_8867980514066169856_n.jpg","width":960,"height":720},{"@type":"WebPage","@id":"https:\/\/www.atollplongee.com\/formation\/divemaster\/#webpage","url":"https:\/\/www.atollplongee.com\/formation\/divemaster\/","name":"Divemaster Padi - Atoll Plong\u00e9e Marseille","isPartOf":{"@id":"https:\/\/www.atollplongee.com\/#website"},"primaryImageOfPage":{"@id":"https:\/\/www.atollplongee.com\/formation\/divemaster\/#primaryimage"},"datePublished":"2020-01-14T13:54:59+00:00","dateModified":"2023-02-22T17:20:05+00:00","breadcrumb":{"@id":"https:\/\/www.atollplongee.com\/formation\/divemaster\/#breadcrumb"},"inLanguage":"en-US","potentialAction":[{"@type":"ReadAction","target":["https:\/\/www.atollplongee.com\/formation\/divemaster\/"]}]},{"@type":"BreadcrumbList","@id":"https:\/\/www.atollplongee.com\/formation\/divemaster\/#breadcrumb","itemListElement":[{"@type":"ListItem","position":1,"name":"Accueil","item":"https:\/\/www.atollplongee.com\/"},{"@type":"ListItem","position":2,"name":"Boutique","item":"https:\/\/www.atollplongee.com\/boutique\/"},{"@type":"ListItem","position":3,"name":"Devenir Guide de palanqu\u00e9e"},{"@type":"ListItem","position":4,"name":"Divemaster Padi"}]}]}},"_links":{"self":[{"href":"https:\/\/www.atollplongee.com\/en\/wp-json\/wp\/v2\/product\/2032"}],"collection":[{"href":"https:\/\/www.atollplongee.com\/en\/wp-json\/wp\/v2\/product"}],"about":[{"href":"https:\/\/www.atollplongee.com\/en\/wp-json\/wp\/v2\/types\/product"}],"replies":[{"embeddable":true,"href":"https:\/\/www.atollplongee.com\/en\/wp-json\/wp\/v2\/comments?post=2032"}],"version-history":[{"count":17,"href":"https:\/\/www.atollplongee.com\/en\/wp-json\/wp\/v2\/product\/2032\/revisions"}],"predecessor-version":[{"id":8823,"href":"https:\/\/www.atollplongee.com\/en\/wp-json\/wp\/v2\/product\/2032\/revisions\/8823"}],"wp:featuredmedia":[{"embeddable":true,"href":"https:\/\/www.atollplongee.com\/en\/wp-json\/wp\/v2\/media\/5127"}],"wp:attachment":[{"href":"https:\/\/www.atollplongee.com\/en\/wp-json\/wp\/v2\/media?parent=2032"}],"wp:term":[{"taxonomy":"product_cat","embeddable":true,"href":"https:\/\/www.atollplongee.com\/en\/wp-json\/wp\/v2\/product_cat?post=2032"},{"taxonomy":"product_tag","embeddable":true,"href":"https:\/\/www.atollplongee.com\/en\/wp-json\/wp\/v2\/product_tag?post=2032"},{"taxonomy":"marques","embeddable":true,"href":"https:\/\/www.atollplongee.com\/en\/wp-json\/wp\/v2\/marques?post=2032"},{"taxonomy":"profondeur","embeddable":true,"href":"https:\/\/www.atollplongee.com\/en\/wp-json\/wp\/v2\/profondeur?post=2032"}],"curies":[{"name":"wp","href":"https:\/\/api.w.org\/{rel}","templated":true}]}}