{"id":2006,"date":"2020-01-14T09:07:47","date_gmt":"2020-01-14T08:07:47","guid":{"rendered":"https:\/\/www.atollplongee.com\/?post_type=product&#038;p=2006"},"modified":"2021-03-15T08:51:00","modified_gmt":"2021-03-15T07:51:00","slug":"trimix-ccr-diver-trimix-hypoxique","status":"publish","type":"product","link":"https:\/\/www.atollplongee.com\/en\/product\/trimix-ccr-diver-trimix-hypoxique\/","title":{"rendered":"Formation Trimix Hypoxique CCR Diver"},"content":{"rendered":"<p><strong>D\u00e9roulement :<\/strong><\/p>\n<ul>\n<li>2 Plong\u00e9es de fondamentaux (max. 30m)<\/li>\n<li>4 Plong\u00e9es de gestion et d\u2019application de techniques (50 &#8211; 80m)<\/li>\n<li>3 S\u00e9ances \u00e0 terre (configuration et connaissances th\u00e9oriques)<\/li>\n<\/ul>\n<p><strong>Rythme de progression<\/strong><\/p>\n<p>Votre formation s\u2019organise \u00e0 votre convenance, deux possibilit\u00e9s s\u2019offrent \u00e0 vous :<br \/>\n\u2022 En stage sur 5 jours, selon vos dates avec une arriv\u00e9e la veille dans l&#8217;apr\u00e8s midi du lundi au dimanche<br \/>\n\u2022 Sur 2 WE-s (2 x 3 jours, ne pr\u00e9voyez pas plus d\u2019un mois, tarif diff\u00e9rant)<br \/>\nVous plongerez 1 ou 2 fois par jour et le suivi th\u00e9orique se fera apr\u00e8s midi si 1 plong\u00e9e par jour ou en fin d\u2019apr\u00e8s midi si 2 plong\u00e9es par jours, sur la terrasse ou en salle.<\/p>\n<p><strong>Certification<\/strong><\/p>\n<p>Vous recevrez votre attestation provisoire le jour de votre derni\u00e8re plong\u00e9e, avant votre d\u00e9part. Votre carte vous sera envoy\u00e9e par courrier dans les 15 jours suivant votre stage.<\/p>","protected":false},"excerpt":{"rendered":"<p>D\u00e9roulement : 2 Plong\u00e9es de fondamentaux (max. 30m) 4 Plong\u00e9es de gestion et d\u2019application de techniques (50 &#8211; 80m) 3 S\u00e9ances \u00e0 terre (configuration et connaissances th\u00e9oriques) Rythme de progression Votre formation s\u2019organise \u00e0 votre convenance, deux possibilit\u00e9s s\u2019offrent \u00e0 vous : \u2022 En stage sur 5 jours, selon vos dates avec une arriv\u00e9e la [&hellip;]<\/p>","protected":false},"featured_media":7797,"comment_status":"open","ping_status":"closed","template":"","meta":[],"product_cat":[28,159],"product_tag":[57,88],"marques":[],"profondeur":[],"acf":[],"yoast_head":"<!-- This site is optimized with the Yoast SEO plugin v17.9 - https:\/\/yoast.com\/wordpress\/plugins\/seo\/ -->\n<title>Formation Trimix Hypoxique CCR Diver - Atoll Plong\u00e9e Marseille<\/title>\n<meta name=\"robots\" content=\"index, follow, max-snippet:-1, max-image-preview:large, max-video-preview:-1\" \/>\n<link rel=\"canonical\" href=\"https:\/\/www.atollplongee.com\/en\/product\/trimix-ccr-diver-trimix-hypoxique\/\" \/>\n<meta property=\"og:locale\" content=\"en_US\" \/>\n<meta property=\"og:type\" content=\"article\" \/>\n<meta property=\"og:title\" content=\"Formation Trimix Hypoxique CCR Diver - Atoll Plong\u00e9e Marseille\" \/>\n<meta property=\"og:description\" content=\"D\u00e9roulement : 2 Plong\u00e9es de fondamentaux (max. 30m) 4 Plong\u00e9es de gestion et d\u2019application de techniques (50 &#8211; 80m) 3 S\u00e9ances \u00e0 terre (configuration et connaissances th\u00e9oriques) Rythme de progression Votre formation s\u2019organise \u00e0 votre convenance, deux possibilit\u00e9s s\u2019offrent \u00e0 vous : \u2022 En stage sur 5 jours, selon vos dates avec une arriv\u00e9e la [&hellip;]\" \/>\n<meta property=\"og:url\" content=\"https:\/\/www.atollplongee.com\/en\/product\/trimix-ccr-diver-trimix-hypoxique\/\" \/>\n<meta property=\"og:site_name\" content=\"Atoll Plong\u00e9e Marseille\" \/>\n<meta property=\"article:modified_time\" content=\"2021-03-15T07:51:00+00:00\" \/>\n<meta property=\"og:image\" content=\"https:\/\/www.atollplongee.com\/wp-content\/uploads\/2020\/01\/Capture-de\u0301cran-2021-03-09-a\u0300-18.00.51-1-e1615311720751.png\" \/>\n\t<meta property=\"og:image:width\" content=\"2114\" \/>\n\t<meta property=\"og:image:height\" content=\"935\" \/>\n\t<meta property=\"og:image:type\" content=\"image\/png\" \/>\n<meta name=\"twitter:card\" content=\"summary_large_image\" \/>\n<meta name=\"twitter:label1\" content=\"Est. reading time\" \/>\n\t<meta name=\"twitter:data1\" content=\"1 minute\" \/>\n<script type=\"application\/ld+json\" class=\"yoast-schema-graph\">{\"@context\":\"https:\/\/schema.org\",\"@graph\":[{\"@type\":\"Organization\",\"@id\":\"https:\/\/www.atollplongee.com\/#organization\",\"name\":\"Atoll\",\"url\":\"https:\/\/www.atollplongee.com\/\",\"sameAs\":[],\"logo\":{\"@type\":\"ImageObject\",\"@id\":\"https:\/\/www.atollplongee.com\/#logo\",\"inLanguage\":\"en-US\",\"url\":\"https:\/\/www.atollplongee.com\/wp-content\/uploads\/2019\/02\/plonge\\u0301e-marseille-atoll-logo-1.png\",\"contentUrl\":\"https:\/\/www.atollplongee.com\/wp-content\/uploads\/2019\/02\/plonge\\u0301e-marseille-atoll-logo-1.png\",\"width\":167,\"height\":42,\"caption\":\"Atoll\"},\"image\":{\"@id\":\"https:\/\/www.atollplongee.com\/#logo\"}},{\"@type\":\"WebSite\",\"@id\":\"https:\/\/www.atollplongee.com\/#website\",\"url\":\"https:\/\/www.atollplongee.com\/\",\"name\":\"Atoll Plong\\u00e9e Marseille\",\"description\":\"centre de plong\\u00e9e et de formation n\\u00b01 \\u00e0 Marseille\",\"publisher\":{\"@id\":\"https:\/\/www.atollplongee.com\/#organization\"},\"potentialAction\":[{\"@type\":\"SearchAction\",\"target\":{\"@type\":\"EntryPoint\",\"urlTemplate\":\"https:\/\/www.atollplongee.com\/?s={search_term_string}\"},\"query-input\":\"required name=search_term_string\"}],\"inLanguage\":\"en-US\"},{\"@type\":\"ImageObject\",\"@id\":\"https:\/\/www.atollplongee.com\/formation\/trimix-ccr-diver-trimix-hypoxique\/#primaryimage\",\"inLanguage\":\"en-US\",\"url\":\"https:\/\/www.atollplongee.com\/wp-content\/uploads\/2020\/01\/Capture-de\\u0301cran-2021-03-09-a\\u0300-18.00.51-1-e1615311720751.png\",\"contentUrl\":\"https:\/\/www.atollplongee.com\/wp-content\/uploads\/2020\/01\/Capture-de\\u0301cran-2021-03-09-a\\u0300-18.00.51-1-e1615311720751.png\",\"width\":2114,\"height\":935},{\"@type\":\"WebPage\",\"@id\":\"https:\/\/www.atollplongee.com\/formation\/trimix-ccr-diver-trimix-hypoxique\/#webpage\",\"url\":\"https:\/\/www.atollplongee.com\/formation\/trimix-ccr-diver-trimix-hypoxique\/\",\"name\":\"Formation Trimix Hypoxique CCR Diver - Atoll Plong\\u00e9e Marseille\",\"isPartOf\":{\"@id\":\"https:\/\/www.atollplongee.com\/#website\"},\"primaryImageOfPage\":{\"@id\":\"https:\/\/www.atollplongee.com\/formation\/trimix-ccr-diver-trimix-hypoxique\/#primaryimage\"},\"datePublished\":\"2020-01-14T08:07:47+00:00\",\"dateModified\":\"2021-03-15T07:51:00+00:00\",\"breadcrumb\":{\"@id\":\"https:\/\/www.atollplongee.com\/formation\/trimix-ccr-diver-trimix-hypoxique\/#breadcrumb\"},\"inLanguage\":\"en-US\",\"potentialAction\":[{\"@type\":\"ReadAction\",\"target\":[\"https:\/\/www.atollplongee.com\/formation\/trimix-ccr-diver-trimix-hypoxique\/\"]}]},{\"@type\":\"BreadcrumbList\",\"@id\":\"https:\/\/www.atollplongee.com\/formation\/trimix-ccr-diver-trimix-hypoxique\/#breadcrumb\",\"itemListElement\":[{\"@type\":\"ListItem\",\"position\":1,\"name\":\"Accueil\",\"item\":\"https:\/\/www.atollplongee.com\/\"},{\"@type\":\"ListItem\",\"position\":2,\"name\":\"Boutique\",\"item\":\"https:\/\/www.atollplongee.com\/boutique\/\"},{\"@type\":\"ListItem\",\"position\":3,\"name\":\"Plong\\u00e9e\"},{\"@type\":\"ListItem\",\"position\":4,\"name\":\"Formation\"},{\"@type\":\"ListItem\",\"position\":5,\"name\":\"Formation Trimix Hypoxique CCR Diver\"}]}]}<\/script>\n<!-- \/ Yoast SEO plugin. -->","yoast_head_json":{"title":"Formation Trimix Hypoxique CCR Diver - Atoll Plong\u00e9e Marseille","robots":{"index":"index","follow":"follow","max-snippet":"max-snippet:-1","max-image-preview":"max-image-preview:large","max-video-preview":"max-video-preview:-1"},"canonical":"https:\/\/www.atollplongee.com\/en\/product\/trimix-ccr-diver-trimix-hypoxique\/","og_locale":"en_US","og_type":"article","og_title":"Formation Trimix Hypoxique CCR Diver - Atoll Plong\u00e9e Marseille","og_description":"D\u00e9roulement : 2 Plong\u00e9es de fondamentaux (max. 30m) 4 Plong\u00e9es de gestion et d\u2019application de techniques (50 &#8211; 80m) 3 S\u00e9ances \u00e0 terre (configuration et connaissances th\u00e9oriques) Rythme de progression Votre formation s\u2019organise \u00e0 votre convenance, deux possibilit\u00e9s s\u2019offrent \u00e0 vous : \u2022 En stage sur 5 jours, selon vos dates avec une arriv\u00e9e la [&hellip;]","og_url":"https:\/\/www.atollplongee.com\/en\/product\/trimix-ccr-diver-trimix-hypoxique\/","og_site_name":"Atoll Plong\u00e9e Marseille","article_modified_time":"2021-03-15T07:51:00+00:00","og_image":[{"width":2114,"height":935,"url":"https:\/\/www.atollplongee.com\/wp-content\/uploads\/2020\/01\/Capture-de\u0301cran-2021-03-09-a\u0300-18.00.51-1-e1615311720751.png","type":"image\/png"}],"twitter_card":"summary_large_image","twitter_misc":{"Est. reading time":"1 minute"},"schema":{"@context":"https:\/\/schema.org","@graph":[{"@type":"Organization","@id":"https:\/\/www.atollplongee.com\/#organization","name":"Atoll","url":"https:\/\/www.atollplongee.com\/","sameAs":[],"logo":{"@type":"ImageObject","@id":"https:\/\/www.atollplongee.com\/#logo","inLanguage":"en-US","url":"https:\/\/www.atollplongee.com\/wp-content\/uploads\/2019\/02\/plonge\u0301e-marseille-atoll-logo-1.png","contentUrl":"https:\/\/www.atollplongee.com\/wp-content\/uploads\/2019\/02\/plonge\u0301e-marseille-atoll-logo-1.png","width":167,"height":42,"caption":"Atoll"},"image":{"@id":"https:\/\/www.atollplongee.com\/#logo"}},{"@type":"WebSite","@id":"https:\/\/www.atollplongee.com\/#website","url":"https:\/\/www.atollplongee.com\/","name":"Atoll Plong\u00e9e Marseille","description":"centre de plong\u00e9e et de formation n\u00b01 \u00e0 Marseille","publisher":{"@id":"https:\/\/www.atollplongee.com\/#organization"},"potentialAction":[{"@type":"SearchAction","target":{"@type":"EntryPoint","urlTemplate":"https:\/\/www.atollplongee.com\/?s={search_term_string}"},"query-input":"required name=search_term_string"}],"inLanguage":"en-US"},{"@type":"ImageObject","@id":"https:\/\/www.atollplongee.com\/formation\/trimix-ccr-diver-trimix-hypoxique\/#primaryimage","inLanguage":"en-US","url":"https:\/\/www.atollplongee.com\/wp-content\/uploads\/2020\/01\/Capture-de\u0301cran-2021-03-09-a\u0300-18.00.51-1-e1615311720751.png","contentUrl":"https:\/\/www.atollplongee.com\/wp-content\/uploads\/2020\/01\/Capture-de\u0301cran-2021-03-09-a\u0300-18.00.51-1-e1615311720751.png","width":2114,"height":935},{"@type":"WebPage","@id":"https:\/\/www.atollplongee.com\/formation\/trimix-ccr-diver-trimix-hypoxique\/#webpage","url":"https:\/\/www.atollplongee.com\/formation\/trimix-ccr-diver-trimix-hypoxique\/","name":"Formation Trimix Hypoxique CCR Diver - Atoll Plong\u00e9e Marseille","isPartOf":{"@id":"https:\/\/www.atollplongee.com\/#website"},"primaryImageOfPage":{"@id":"https:\/\/www.atollplongee.com\/formation\/trimix-ccr-diver-trimix-hypoxique\/#primaryimage"},"datePublished":"2020-01-14T08:07:47+00:00","dateModified":"2021-03-15T07:51:00+00:00","breadcrumb":{"@id":"https:\/\/www.atollplongee.com\/formation\/trimix-ccr-diver-trimix-hypoxique\/#breadcrumb"},"inLanguage":"en-US","potentialAction":[{"@type":"ReadAction","target":["https:\/\/www.atollplongee.com\/formation\/trimix-ccr-diver-trimix-hypoxique\/"]}]},{"@type":"BreadcrumbList","@id":"https:\/\/www.atollplongee.com\/formation\/trimix-ccr-diver-trimix-hypoxique\/#breadcrumb","itemListElement":[{"@type":"ListItem","position":1,"name":"Accueil","item":"https:\/\/www.atollplongee.com\/"},{"@type":"ListItem","position":2,"name":"Boutique","item":"https:\/\/www.atollplongee.com\/boutique\/"},{"@type":"ListItem","position":3,"name":"Plong\u00e9e"},{"@type":"ListItem","position":4,"name":"Formation"},{"@type":"ListItem","position":5,"name":"Formation Trimix Hypoxique CCR Diver"}]}]}},"_links":{"self":[{"href":"https:\/\/www.atollplongee.com\/en\/wp-json\/wp\/v2\/product\/2006"}],"collection":[{"href":"https:\/\/www.atollplongee.com\/en\/wp-json\/wp\/v2\/product"}],"about":[{"href":"https:\/\/www.atollplongee.com\/en\/wp-json\/wp\/v2\/types\/product"}],"replies":[{"embeddable":true,"href":"https:\/\/www.atollplongee.com\/en\/wp-json\/wp\/v2\/comments?post=2006"}],"version-history":[{"count":25,"href":"https:\/\/www.atollplongee.com\/en\/wp-json\/wp\/v2\/product\/2006\/revisions"}],"predecessor-version":[{"id":8094,"href":"https:\/\/www.atollplongee.com\/en\/wp-json\/wp\/v2\/product\/2006\/revisions\/8094"}],"wp:featuredmedia":[{"embeddable":true,"href":"https:\/\/www.atollplongee.com\/en\/wp-json\/wp\/v2\/media\/7797"}],"wp:attachment":[{"href":"https:\/\/www.atollplongee.com\/en\/wp-json\/wp\/v2\/media?parent=2006"}],"wp:term":[{"taxonomy":"product_cat","embeddable":true,"href":"https:\/\/www.atollplongee.com\/en\/wp-json\/wp\/v2\/product_cat?post=2006"},{"taxonomy":"product_tag","embeddable":true,"href":"https:\/\/www.atollplongee.com\/en\/wp-json\/wp\/v2\/product_tag?post=2006"},{"taxonomy":"marques","embeddable":true,"href":"https:\/\/www.atollplongee.com\/en\/wp-json\/wp\/v2\/marques?post=2006"},{"taxonomy":"profondeur","embeddable":true,"href":"https:\/\/www.atollplongee.com\/en\/wp-json\/wp\/v2\/profondeur?post=2006"}],"curies":[{"name":"wp","href":"https:\/\/api.w.org\/{rel}","templated":true}]}}