{"id":1997,"date":"2020-01-13T13:26:52","date_gmt":"2020-01-13T12:26:52","guid":{"rendered":"https:\/\/www.atollplongee.com\/?post_type=product&#038;p=1997"},"modified":"2023-02-22T18:49:33","modified_gmt":"2023-02-22T17:49:33","slug":"l-efr-padi","status":"publish","type":"product","link":"https:\/\/www.atollplongee.com\/en\/product\/l-efr-padi\/","title":{"rendered":"Formation secourisme l&#8217;EFR PADI"},"content":{"rendered":"<p>Ce cursus est principalement ax\u00e9 sur la RCP (r\u00e9animation cardio-pulmonaire) et s\u2019adresse aussi bien aux plongeurs qu&#8217;aux non-plongeurs. Il correspond \u00e0 peu de choses pr\u00e8s \u00e0 l&#8217;\u00e9quivalent du PSC1. Mais le plus de l&#8217;EFR est sa reconnaissance internationale!<\/p>\n<p>Ce cours satisfait aux conditions requises en RCP et en premiers secours pour l&#8217;obtention du Rescue Diver et toutes les qualifications de niveau professionnel PADI.<\/p>\n<p><strong>Votre formation et son rythme de progression :<\/strong><\/p>\n<p>Les Formations se d\u00e9roulent sur une journ\u00e9e et regroupent des s\u00e9ances tr\u00e8s &#8220;pratiques&#8221; effectu\u00e9es \u00e0 partir de mise en situation d&#8217;accidents simul\u00e9s, de d\u00e9monstration et d&#8217;apprentissage de gestes.<span style=\"font-size: 10.0pt;\">\u00a0<\/span><\/p>\n<p>Les techniques de secours \u00e9voluant en permanence, MARSEILLE PLONGEE vous propose aussi bien des sessions de formation que des recyclages et des week-ends d\u00e9di\u00e9s. La formation initiale re\u00e7ue doit \u00eatre entretenue\u2026 Il est conseill\u00e9 de rafra\u00eechir ses connaissances tous les ans afin de bien remettre en m\u00e9moire les gestes qui sauvent!<\/p>\n<p><strong>Certification :\u00a0<\/strong><\/p>\n<p>A l&#8217;issue de votre formation, vous disposerez d&#8217;une certification num\u00e9rique. Une carte peut \u00e9galement vous \u00eatre envoy\u00e9 par courrier.<\/p>\n<p>&nbsp;<\/p>","protected":false},"excerpt":{"rendered":"<p>Ce cursus est principalement ax\u00e9 sur la RCP (r\u00e9animation cardio-pulmonaire) et s\u2019adresse aussi bien aux plongeurs qu&#8217;aux non-plongeurs. Il correspond \u00e0 peu de choses pr\u00e8s \u00e0 l&#8217;\u00e9quivalent du PSC1. Mais le plus de l&#8217;EFR est sa reconnaissance internationale! Ce cours satisfait aux conditions requises en RCP et en premiers secours pour l&#8217;obtention du Rescue Diver [&hellip;]<\/p>","protected":false},"featured_media":1883,"comment_status":"open","ping_status":"closed","template":"","meta":[],"product_cat":[28,159],"product_tag":[87],"marques":[],"profondeur":[],"acf":[],"yoast_head":"<!-- This site is optimized with the Yoast SEO plugin v17.9 - https:\/\/yoast.com\/wordpress\/plugins\/seo\/ -->\n<title>Formation secourisme l&#039;EFR PADI - Atoll Plong\u00e9e Marseille<\/title>\n<meta name=\"robots\" content=\"index, follow, max-snippet:-1, max-image-preview:large, max-video-preview:-1\" \/>\n<link rel=\"canonical\" href=\"https:\/\/www.atollplongee.com\/en\/product\/l-efr-padi\/\" \/>\n<meta property=\"og:locale\" content=\"en_US\" \/>\n<meta property=\"og:type\" content=\"article\" \/>\n<meta property=\"og:title\" content=\"Formation secourisme l&#039;EFR PADI - Atoll Plong\u00e9e Marseille\" \/>\n<meta property=\"og:description\" content=\"Ce cursus est principalement ax\u00e9 sur la RCP (r\u00e9animation cardio-pulmonaire) et s\u2019adresse aussi bien aux plongeurs qu&#8217;aux non-plongeurs. Il correspond \u00e0 peu de choses pr\u00e8s \u00e0 l&#8217;\u00e9quivalent du PSC1. Mais le plus de l&#8217;EFR est sa reconnaissance internationale! Ce cours satisfait aux conditions requises en RCP et en premiers secours pour l&#8217;obtention du Rescue Diver [&hellip;]\" \/>\n<meta property=\"og:url\" content=\"https:\/\/www.atollplongee.com\/en\/product\/l-efr-padi\/\" \/>\n<meta property=\"og:site_name\" content=\"Atoll Plong\u00e9e Marseille\" \/>\n<meta property=\"article:modified_time\" content=\"2023-02-22T17:49:33+00:00\" \/>\n<meta property=\"og:image\" content=\"https:\/\/www.atollplongee.com\/wp-content\/uploads\/2020\/01\/01-Photo-Cap-Caveau.png\" \/>\n\t<meta property=\"og:image:width\" content=\"1462\" \/>\n\t<meta property=\"og:image:height\" content=\"885\" \/>\n\t<meta property=\"og:image:type\" content=\"image\/png\" \/>\n<meta name=\"twitter:card\" content=\"summary_large_image\" \/>\n<meta name=\"twitter:label1\" content=\"Est. reading time\" \/>\n\t<meta name=\"twitter:data1\" content=\"1 minute\" \/>\n<script type=\"application\/ld+json\" class=\"yoast-schema-graph\">{\"@context\":\"https:\/\/schema.org\",\"@graph\":[{\"@type\":\"Organization\",\"@id\":\"https:\/\/www.atollplongee.com\/#organization\",\"name\":\"Atoll\",\"url\":\"https:\/\/www.atollplongee.com\/\",\"sameAs\":[],\"logo\":{\"@type\":\"ImageObject\",\"@id\":\"https:\/\/www.atollplongee.com\/#logo\",\"inLanguage\":\"en-US\",\"url\":\"https:\/\/www.atollplongee.com\/wp-content\/uploads\/2019\/02\/plonge\\u0301e-marseille-atoll-logo-1.png\",\"contentUrl\":\"https:\/\/www.atollplongee.com\/wp-content\/uploads\/2019\/02\/plonge\\u0301e-marseille-atoll-logo-1.png\",\"width\":167,\"height\":42,\"caption\":\"Atoll\"},\"image\":{\"@id\":\"https:\/\/www.atollplongee.com\/#logo\"}},{\"@type\":\"WebSite\",\"@id\":\"https:\/\/www.atollplongee.com\/#website\",\"url\":\"https:\/\/www.atollplongee.com\/\",\"name\":\"Atoll Plong\\u00e9e Marseille\",\"description\":\"centre de plong\\u00e9e et de formation n\\u00b01 \\u00e0 Marseille\",\"publisher\":{\"@id\":\"https:\/\/www.atollplongee.com\/#organization\"},\"potentialAction\":[{\"@type\":\"SearchAction\",\"target\":{\"@type\":\"EntryPoint\",\"urlTemplate\":\"https:\/\/www.atollplongee.com\/?s={search_term_string}\"},\"query-input\":\"required name=search_term_string\"}],\"inLanguage\":\"en-US\"},{\"@type\":\"ImageObject\",\"@id\":\"https:\/\/www.atollplongee.com\/formation\/l-efr-padi\/#primaryimage\",\"inLanguage\":\"en-US\",\"url\":\"https:\/\/www.atollplongee.com\/wp-content\/uploads\/2020\/01\/01-Photo-Cap-Caveau.png\",\"contentUrl\":\"https:\/\/www.atollplongee.com\/wp-content\/uploads\/2020\/01\/01-Photo-Cap-Caveau.png\",\"width\":1462,\"height\":885},{\"@type\":\"WebPage\",\"@id\":\"https:\/\/www.atollplongee.com\/formation\/l-efr-padi\/#webpage\",\"url\":\"https:\/\/www.atollplongee.com\/formation\/l-efr-padi\/\",\"name\":\"Formation secourisme l'EFR PADI - Atoll Plong\\u00e9e Marseille\",\"isPartOf\":{\"@id\":\"https:\/\/www.atollplongee.com\/#website\"},\"primaryImageOfPage\":{\"@id\":\"https:\/\/www.atollplongee.com\/formation\/l-efr-padi\/#primaryimage\"},\"datePublished\":\"2020-01-13T12:26:52+00:00\",\"dateModified\":\"2023-02-22T17:49:33+00:00\",\"breadcrumb\":{\"@id\":\"https:\/\/www.atollplongee.com\/formation\/l-efr-padi\/#breadcrumb\"},\"inLanguage\":\"en-US\",\"potentialAction\":[{\"@type\":\"ReadAction\",\"target\":[\"https:\/\/www.atollplongee.com\/formation\/l-efr-padi\/\"]}]},{\"@type\":\"BreadcrumbList\",\"@id\":\"https:\/\/www.atollplongee.com\/formation\/l-efr-padi\/#breadcrumb\",\"itemListElement\":[{\"@type\":\"ListItem\",\"position\":1,\"name\":\"Accueil\",\"item\":\"https:\/\/www.atollplongee.com\/\"},{\"@type\":\"ListItem\",\"position\":2,\"name\":\"Boutique\",\"item\":\"https:\/\/www.atollplongee.com\/boutique\/\"},{\"@type\":\"ListItem\",\"position\":3,\"name\":\"Plong\\u00e9e\"},{\"@type\":\"ListItem\",\"position\":4,\"name\":\"Formation\"},{\"@type\":\"ListItem\",\"position\":5,\"name\":\"Formation secourisme l&#8217;EFR PADI\"}]}]}<\/script>\n<!-- \/ Yoast SEO plugin. -->","yoast_head_json":{"title":"Formation secourisme l'EFR PADI - Atoll Plong\u00e9e Marseille","robots":{"index":"index","follow":"follow","max-snippet":"max-snippet:-1","max-image-preview":"max-image-preview:large","max-video-preview":"max-video-preview:-1"},"canonical":"https:\/\/www.atollplongee.com\/en\/product\/l-efr-padi\/","og_locale":"en_US","og_type":"article","og_title":"Formation secourisme l'EFR PADI - Atoll Plong\u00e9e Marseille","og_description":"Ce cursus est principalement ax\u00e9 sur la RCP (r\u00e9animation cardio-pulmonaire) et s\u2019adresse aussi bien aux plongeurs qu&#8217;aux non-plongeurs. Il correspond \u00e0 peu de choses pr\u00e8s \u00e0 l&#8217;\u00e9quivalent du PSC1. Mais le plus de l&#8217;EFR est sa reconnaissance internationale! Ce cours satisfait aux conditions requises en RCP et en premiers secours pour l&#8217;obtention du Rescue Diver [&hellip;]","og_url":"https:\/\/www.atollplongee.com\/en\/product\/l-efr-padi\/","og_site_name":"Atoll Plong\u00e9e Marseille","article_modified_time":"2023-02-22T17:49:33+00:00","og_image":[{"width":1462,"height":885,"url":"https:\/\/www.atollplongee.com\/wp-content\/uploads\/2020\/01\/01-Photo-Cap-Caveau.png","type":"image\/png"}],"twitter_card":"summary_large_image","twitter_misc":{"Est. reading time":"1 minute"},"schema":{"@context":"https:\/\/schema.org","@graph":[{"@type":"Organization","@id":"https:\/\/www.atollplongee.com\/#organization","name":"Atoll","url":"https:\/\/www.atollplongee.com\/","sameAs":[],"logo":{"@type":"ImageObject","@id":"https:\/\/www.atollplongee.com\/#logo","inLanguage":"en-US","url":"https:\/\/www.atollplongee.com\/wp-content\/uploads\/2019\/02\/plonge\u0301e-marseille-atoll-logo-1.png","contentUrl":"https:\/\/www.atollplongee.com\/wp-content\/uploads\/2019\/02\/plonge\u0301e-marseille-atoll-logo-1.png","width":167,"height":42,"caption":"Atoll"},"image":{"@id":"https:\/\/www.atollplongee.com\/#logo"}},{"@type":"WebSite","@id":"https:\/\/www.atollplongee.com\/#website","url":"https:\/\/www.atollplongee.com\/","name":"Atoll Plong\u00e9e Marseille","description":"centre de plong\u00e9e et de formation n\u00b01 \u00e0 Marseille","publisher":{"@id":"https:\/\/www.atollplongee.com\/#organization"},"potentialAction":[{"@type":"SearchAction","target":{"@type":"EntryPoint","urlTemplate":"https:\/\/www.atollplongee.com\/?s={search_term_string}"},"query-input":"required name=search_term_string"}],"inLanguage":"en-US"},{"@type":"ImageObject","@id":"https:\/\/www.atollplongee.com\/formation\/l-efr-padi\/#primaryimage","inLanguage":"en-US","url":"https:\/\/www.atollplongee.com\/wp-content\/uploads\/2020\/01\/01-Photo-Cap-Caveau.png","contentUrl":"https:\/\/www.atollplongee.com\/wp-content\/uploads\/2020\/01\/01-Photo-Cap-Caveau.png","width":1462,"height":885},{"@type":"WebPage","@id":"https:\/\/www.atollplongee.com\/formation\/l-efr-padi\/#webpage","url":"https:\/\/www.atollplongee.com\/formation\/l-efr-padi\/","name":"Formation secourisme l'EFR PADI - Atoll Plong\u00e9e Marseille","isPartOf":{"@id":"https:\/\/www.atollplongee.com\/#website"},"primaryImageOfPage":{"@id":"https:\/\/www.atollplongee.com\/formation\/l-efr-padi\/#primaryimage"},"datePublished":"2020-01-13T12:26:52+00:00","dateModified":"2023-02-22T17:49:33+00:00","breadcrumb":{"@id":"https:\/\/www.atollplongee.com\/formation\/l-efr-padi\/#breadcrumb"},"inLanguage":"en-US","potentialAction":[{"@type":"ReadAction","target":["https:\/\/www.atollplongee.com\/formation\/l-efr-padi\/"]}]},{"@type":"BreadcrumbList","@id":"https:\/\/www.atollplongee.com\/formation\/l-efr-padi\/#breadcrumb","itemListElement":[{"@type":"ListItem","position":1,"name":"Accueil","item":"https:\/\/www.atollplongee.com\/"},{"@type":"ListItem","position":2,"name":"Boutique","item":"https:\/\/www.atollplongee.com\/boutique\/"},{"@type":"ListItem","position":3,"name":"Plong\u00e9e"},{"@type":"ListItem","position":4,"name":"Formation"},{"@type":"ListItem","position":5,"name":"Formation secourisme l&#8217;EFR PADI"}]}]}},"_links":{"self":[{"href":"https:\/\/www.atollplongee.com\/en\/wp-json\/wp\/v2\/product\/1997"}],"collection":[{"href":"https:\/\/www.atollplongee.com\/en\/wp-json\/wp\/v2\/product"}],"about":[{"href":"https:\/\/www.atollplongee.com\/en\/wp-json\/wp\/v2\/types\/product"}],"replies":[{"embeddable":true,"href":"https:\/\/www.atollplongee.com\/en\/wp-json\/wp\/v2\/comments?post=1997"}],"version-history":[{"count":22,"href":"https:\/\/www.atollplongee.com\/en\/wp-json\/wp\/v2\/product\/1997\/revisions"}],"predecessor-version":[{"id":8829,"href":"https:\/\/www.atollplongee.com\/en\/wp-json\/wp\/v2\/product\/1997\/revisions\/8829"}],"wp:featuredmedia":[{"embeddable":true,"href":"https:\/\/www.atollplongee.com\/en\/wp-json\/wp\/v2\/media\/1883"}],"wp:attachment":[{"href":"https:\/\/www.atollplongee.com\/en\/wp-json\/wp\/v2\/media?parent=1997"}],"wp:term":[{"taxonomy":"product_cat","embeddable":true,"href":"https:\/\/www.atollplongee.com\/en\/wp-json\/wp\/v2\/product_cat?post=1997"},{"taxonomy":"product_tag","embeddable":true,"href":"https:\/\/www.atollplongee.com\/en\/wp-json\/wp\/v2\/product_tag?post=1997"},{"taxonomy":"marques","embeddable":true,"href":"https:\/\/www.atollplongee.com\/en\/wp-json\/wp\/v2\/marques?post=1997"},{"taxonomy":"profondeur","embeddable":true,"href":"https:\/\/www.atollplongee.com\/en\/wp-json\/wp\/v2\/profondeur?post=1997"}],"curies":[{"name":"wp","href":"https:\/\/api.w.org\/{rel}","templated":true}]}}