{"id":1958,"date":"2020-01-13T10:41:50","date_gmt":"2020-01-13T09:41:50","guid":{"rendered":"https:\/\/www.atollplongee.com\/?post_type=product&#038;p=1958"},"modified":"2023-02-22T18:57:32","modified_gmt":"2023-02-22T17:57:32","slug":"plongeur-encadre-a-40m-pe40","status":"publish","type":"product","link":"https:\/\/www.atollplongee.com\/en\/product\/plongeur-encadre-a-40m-pe40\/","title":{"rendered":"Plongeur encadr\u00e9 \u00e0 40m (PE40)"},"content":{"rendered":"<p><span style=\"color: #000000;\"><strong>La formation PE40 se d\u00e9roule sur 3 plong\u00e9es pendant lesquelles vous vous acclimaterez petit \u00e0 petit \u00e0 la profondeur.<\/strong><\/span><\/p>\n<p><strong>Rythme de progression<\/strong><\/p>\n<p>Votre formation s\u2019organise \u00e0 votre convenance et plusieurs possibilit\u00e9s s\u2019offrent \u00e0 vous :<br \/>\n&#8211; Sur 3 demi-journ\u00e9es, \u00e0 votre rythme (ne pr\u00e9voyez pas plus d\u2019un trimestre).<br \/>\n&#8211; En stage sur 2 jours ou plus, selon vos dates. Vous plongerez 2 fois par jour, (8h00 et 13h30) et le suivi th\u00e9orique se fait en fin d\u2019apr\u00e8s-midi, sur la terrasse ou en salle. Le repas peut se pr\u00e9voir sur le centre.<\/p>\n<p>La flexibilit\u00e9 des dates d\u00e9pend de votre anticipation \u00e0 r\u00e9server.<\/p>\n<p><strong>Votre certification<\/strong><\/p>\n<p>Vous recevrez votre attestation provisoire le jour de votre derni\u00e8re plong\u00e9e, avant votre d\u00e9part.<br \/>\nVotre carte FFESSM\/CMAS ou ANMP vous sera envoy\u00e9e par courrier dans les 15 jours suivant votre stage.<\/p>","protected":false},"excerpt":{"rendered":"<p>Vous souhaitez apprendre \u00e0 plonger en toute s\u00e9curit\u00e9 entre 0 et 40 m toujours encadr\u00e9 par un moniteur professionnel et d\u00e9couvrir plus de 40 sites du Parc des Calanques de Marseille.<\/p>","protected":false},"featured_media":742,"comment_status":"open","ping_status":"closed","template":"","meta":[],"product_cat":[28,164,159],"product_tag":[87],"marques":[],"profondeur":[],"acf":[],"yoast_head":"<!-- This site is optimized with the Yoast SEO plugin v17.9 - https:\/\/yoast.com\/wordpress\/plugins\/seo\/ -->\n<title>Plongeur encadr\u00e9 \u00e0 40m (PE40) - Atoll Plong\u00e9e Marseille<\/title>\n<meta name=\"robots\" content=\"index, follow, max-snippet:-1, max-image-preview:large, max-video-preview:-1\" \/>\n<link rel=\"canonical\" href=\"https:\/\/www.atollplongee.com\/en\/product\/plongeur-encadre-a-40m-pe40\/\" \/>\n<meta property=\"og:locale\" content=\"en_US\" \/>\n<meta property=\"og:type\" content=\"article\" \/>\n<meta property=\"og:title\" content=\"Plongeur encadr\u00e9 \u00e0 40m (PE40) - Atoll Plong\u00e9e Marseille\" \/>\n<meta property=\"og:description\" content=\"Vous souhaitez apprendre \u00e0 plonger en toute s\u00e9curit\u00e9 entre 0 et 40 m toujours encadr\u00e9 par un moniteur professionnel et d\u00e9couvrir plus de 40 sites du Parc des Calanques de Marseille.\" \/>\n<meta property=\"og:url\" content=\"https:\/\/www.atollplongee.com\/en\/product\/plongeur-encadre-a-40m-pe40\/\" \/>\n<meta property=\"og:site_name\" content=\"Atoll Plong\u00e9e Marseille\" \/>\n<meta property=\"article:modified_time\" content=\"2023-02-22T17:57:32+00:00\" \/>\n<meta property=\"og:image\" content=\"https:\/\/www.atollplongee.com\/wp-content\/uploads\/2019\/03\/jacob-waldrop-1116453-unsplash.jpg\" \/>\n\t<meta property=\"og:image:width\" content=\"2667\" \/>\n\t<meta property=\"og:image:height\" content=\"2000\" \/>\n\t<meta property=\"og:image:type\" content=\"image\/jpeg\" \/>\n<meta name=\"twitter:card\" content=\"summary_large_image\" \/>\n<meta name=\"twitter:label1\" content=\"Est. reading time\" \/>\n\t<meta name=\"twitter:data1\" content=\"1 minute\" \/>\n<script type=\"application\/ld+json\" class=\"yoast-schema-graph\">{\"@context\":\"https:\/\/schema.org\",\"@graph\":[{\"@type\":\"Organization\",\"@id\":\"https:\/\/www.atollplongee.com\/#organization\",\"name\":\"Atoll\",\"url\":\"https:\/\/www.atollplongee.com\/\",\"sameAs\":[],\"logo\":{\"@type\":\"ImageObject\",\"@id\":\"https:\/\/www.atollplongee.com\/#logo\",\"inLanguage\":\"en-US\",\"url\":\"https:\/\/www.atollplongee.com\/wp-content\/uploads\/2019\/02\/plonge\\u0301e-marseille-atoll-logo-1.png\",\"contentUrl\":\"https:\/\/www.atollplongee.com\/wp-content\/uploads\/2019\/02\/plonge\\u0301e-marseille-atoll-logo-1.png\",\"width\":167,\"height\":42,\"caption\":\"Atoll\"},\"image\":{\"@id\":\"https:\/\/www.atollplongee.com\/#logo\"}},{\"@type\":\"WebSite\",\"@id\":\"https:\/\/www.atollplongee.com\/#website\",\"url\":\"https:\/\/www.atollplongee.com\/\",\"name\":\"Atoll Plong\\u00e9e Marseille\",\"description\":\"centre de plong\\u00e9e et de formation n\\u00b01 \\u00e0 Marseille\",\"publisher\":{\"@id\":\"https:\/\/www.atollplongee.com\/#organization\"},\"potentialAction\":[{\"@type\":\"SearchAction\",\"target\":{\"@type\":\"EntryPoint\",\"urlTemplate\":\"https:\/\/www.atollplongee.com\/?s={search_term_string}\"},\"query-input\":\"required name=search_term_string\"}],\"inLanguage\":\"en-US\"},{\"@type\":\"ImageObject\",\"@id\":\"https:\/\/www.atollplongee.com\/formation\/plongeur-encadre-a-40m-pe40\/#primaryimage\",\"inLanguage\":\"en-US\",\"url\":\"https:\/\/www.atollplongee.com\/wp-content\/uploads\/2019\/03\/jacob-waldrop-1116453-unsplash.jpg\",\"contentUrl\":\"https:\/\/www.atollplongee.com\/wp-content\/uploads\/2019\/03\/jacob-waldrop-1116453-unsplash.jpg\",\"width\":2667,\"height\":2000},{\"@type\":\"WebPage\",\"@id\":\"https:\/\/www.atollplongee.com\/formation\/plongeur-encadre-a-40m-pe40\/#webpage\",\"url\":\"https:\/\/www.atollplongee.com\/formation\/plongeur-encadre-a-40m-pe40\/\",\"name\":\"Plongeur encadr\\u00e9 \\u00e0 40m (PE40) - Atoll Plong\\u00e9e Marseille\",\"isPartOf\":{\"@id\":\"https:\/\/www.atollplongee.com\/#website\"},\"primaryImageOfPage\":{\"@id\":\"https:\/\/www.atollplongee.com\/formation\/plongeur-encadre-a-40m-pe40\/#primaryimage\"},\"datePublished\":\"2020-01-13T09:41:50+00:00\",\"dateModified\":\"2023-02-22T17:57:32+00:00\",\"breadcrumb\":{\"@id\":\"https:\/\/www.atollplongee.com\/formation\/plongeur-encadre-a-40m-pe40\/#breadcrumb\"},\"inLanguage\":\"en-US\",\"potentialAction\":[{\"@type\":\"ReadAction\",\"target\":[\"https:\/\/www.atollplongee.com\/formation\/plongeur-encadre-a-40m-pe40\/\"]}]},{\"@type\":\"BreadcrumbList\",\"@id\":\"https:\/\/www.atollplongee.com\/formation\/plongeur-encadre-a-40m-pe40\/#breadcrumb\",\"itemListElement\":[{\"@type\":\"ListItem\",\"position\":1,\"name\":\"Accueil\",\"item\":\"https:\/\/www.atollplongee.com\/\"},{\"@type\":\"ListItem\",\"position\":2,\"name\":\"Boutique\",\"item\":\"https:\/\/www.atollplongee.com\/boutique\/\"},{\"@type\":\"ListItem\",\"position\":3,\"name\":\"Plong\\u00e9e\"},{\"@type\":\"ListItem\",\"position\":4,\"name\":\"Formation\"},{\"@type\":\"ListItem\",\"position\":5,\"name\":\"Plongeur encadr\\u00e9 \\u00e0 40m (PE40)\"}]}]}<\/script>\n<!-- \/ Yoast SEO plugin. -->","yoast_head_json":{"title":"Plongeur encadr\u00e9 \u00e0 40m (PE40) - Atoll Plong\u00e9e Marseille","robots":{"index":"index","follow":"follow","max-snippet":"max-snippet:-1","max-image-preview":"max-image-preview:large","max-video-preview":"max-video-preview:-1"},"canonical":"https:\/\/www.atollplongee.com\/en\/product\/plongeur-encadre-a-40m-pe40\/","og_locale":"en_US","og_type":"article","og_title":"Plongeur encadr\u00e9 \u00e0 40m (PE40) - Atoll Plong\u00e9e Marseille","og_description":"Vous souhaitez apprendre \u00e0 plonger en toute s\u00e9curit\u00e9 entre 0 et 40 m toujours encadr\u00e9 par un moniteur professionnel et d\u00e9couvrir plus de 40 sites du Parc des Calanques de Marseille.","og_url":"https:\/\/www.atollplongee.com\/en\/product\/plongeur-encadre-a-40m-pe40\/","og_site_name":"Atoll Plong\u00e9e Marseille","article_modified_time":"2023-02-22T17:57:32+00:00","og_image":[{"width":2667,"height":2000,"url":"https:\/\/www.atollplongee.com\/wp-content\/uploads\/2019\/03\/jacob-waldrop-1116453-unsplash.jpg","type":"image\/jpeg"}],"twitter_card":"summary_large_image","twitter_misc":{"Est. reading time":"1 minute"},"schema":{"@context":"https:\/\/schema.org","@graph":[{"@type":"Organization","@id":"https:\/\/www.atollplongee.com\/#organization","name":"Atoll","url":"https:\/\/www.atollplongee.com\/","sameAs":[],"logo":{"@type":"ImageObject","@id":"https:\/\/www.atollplongee.com\/#logo","inLanguage":"en-US","url":"https:\/\/www.atollplongee.com\/wp-content\/uploads\/2019\/02\/plonge\u0301e-marseille-atoll-logo-1.png","contentUrl":"https:\/\/www.atollplongee.com\/wp-content\/uploads\/2019\/02\/plonge\u0301e-marseille-atoll-logo-1.png","width":167,"height":42,"caption":"Atoll"},"image":{"@id":"https:\/\/www.atollplongee.com\/#logo"}},{"@type":"WebSite","@id":"https:\/\/www.atollplongee.com\/#website","url":"https:\/\/www.atollplongee.com\/","name":"Atoll Plong\u00e9e Marseille","description":"centre de plong\u00e9e et de formation n\u00b01 \u00e0 Marseille","publisher":{"@id":"https:\/\/www.atollplongee.com\/#organization"},"potentialAction":[{"@type":"SearchAction","target":{"@type":"EntryPoint","urlTemplate":"https:\/\/www.atollplongee.com\/?s={search_term_string}"},"query-input":"required name=search_term_string"}],"inLanguage":"en-US"},{"@type":"ImageObject","@id":"https:\/\/www.atollplongee.com\/formation\/plongeur-encadre-a-40m-pe40\/#primaryimage","inLanguage":"en-US","url":"https:\/\/www.atollplongee.com\/wp-content\/uploads\/2019\/03\/jacob-waldrop-1116453-unsplash.jpg","contentUrl":"https:\/\/www.atollplongee.com\/wp-content\/uploads\/2019\/03\/jacob-waldrop-1116453-unsplash.jpg","width":2667,"height":2000},{"@type":"WebPage","@id":"https:\/\/www.atollplongee.com\/formation\/plongeur-encadre-a-40m-pe40\/#webpage","url":"https:\/\/www.atollplongee.com\/formation\/plongeur-encadre-a-40m-pe40\/","name":"Plongeur encadr\u00e9 \u00e0 40m (PE40) - Atoll Plong\u00e9e Marseille","isPartOf":{"@id":"https:\/\/www.atollplongee.com\/#website"},"primaryImageOfPage":{"@id":"https:\/\/www.atollplongee.com\/formation\/plongeur-encadre-a-40m-pe40\/#primaryimage"},"datePublished":"2020-01-13T09:41:50+00:00","dateModified":"2023-02-22T17:57:32+00:00","breadcrumb":{"@id":"https:\/\/www.atollplongee.com\/formation\/plongeur-encadre-a-40m-pe40\/#breadcrumb"},"inLanguage":"en-US","potentialAction":[{"@type":"ReadAction","target":["https:\/\/www.atollplongee.com\/formation\/plongeur-encadre-a-40m-pe40\/"]}]},{"@type":"BreadcrumbList","@id":"https:\/\/www.atollplongee.com\/formation\/plongeur-encadre-a-40m-pe40\/#breadcrumb","itemListElement":[{"@type":"ListItem","position":1,"name":"Accueil","item":"https:\/\/www.atollplongee.com\/"},{"@type":"ListItem","position":2,"name":"Boutique","item":"https:\/\/www.atollplongee.com\/boutique\/"},{"@type":"ListItem","position":3,"name":"Plong\u00e9e"},{"@type":"ListItem","position":4,"name":"Formation"},{"@type":"ListItem","position":5,"name":"Plongeur encadr\u00e9 \u00e0 40m (PE40)"}]}]}},"_links":{"self":[{"href":"https:\/\/www.atollplongee.com\/en\/wp-json\/wp\/v2\/product\/1958"}],"collection":[{"href":"https:\/\/www.atollplongee.com\/en\/wp-json\/wp\/v2\/product"}],"about":[{"href":"https:\/\/www.atollplongee.com\/en\/wp-json\/wp\/v2\/types\/product"}],"replies":[{"embeddable":true,"href":"https:\/\/www.atollplongee.com\/en\/wp-json\/wp\/v2\/comments?post=1958"}],"version-history":[{"count":18,"href":"https:\/\/www.atollplongee.com\/en\/wp-json\/wp\/v2\/product\/1958\/revisions"}],"predecessor-version":[{"id":8831,"href":"https:\/\/www.atollplongee.com\/en\/wp-json\/wp\/v2\/product\/1958\/revisions\/8831"}],"wp:featuredmedia":[{"embeddable":true,"href":"https:\/\/www.atollplongee.com\/en\/wp-json\/wp\/v2\/media\/742"}],"wp:attachment":[{"href":"https:\/\/www.atollplongee.com\/en\/wp-json\/wp\/v2\/media?parent=1958"}],"wp:term":[{"taxonomy":"product_cat","embeddable":true,"href":"https:\/\/www.atollplongee.com\/en\/wp-json\/wp\/v2\/product_cat?post=1958"},{"taxonomy":"product_tag","embeddable":true,"href":"https:\/\/www.atollplongee.com\/en\/wp-json\/wp\/v2\/product_tag?post=1958"},{"taxonomy":"marques","embeddable":true,"href":"https:\/\/www.atollplongee.com\/en\/wp-json\/wp\/v2\/marques?post=1958"},{"taxonomy":"profondeur","embeddable":true,"href":"https:\/\/www.atollplongee.com\/en\/wp-json\/wp\/v2\/profondeur?post=1958"}],"curies":[{"name":"wp","href":"https:\/\/api.w.org\/{rel}","templated":true}]}}