{"id":1954,"date":"2020-01-13T10:19:00","date_gmt":"2020-01-13T09:19:00","guid":{"rendered":"https:\/\/www.atollplongee.com\/?post_type=product&#038;p=1954"},"modified":"2023-02-23T16:07:23","modified_gmt":"2023-02-23T15:07:23","slug":"niveau-3","status":"publish","type":"product","link":"https:\/\/www.atollplongee.com\/en\/product\/niveau-3\/","title":{"rendered":"Niveau 3"},"content":{"rendered":"<p><span style=\"color: #000000;\"><b> Envisager une plong\u00e9e \u00e0 60m n\u00e9cessite une bonne exp\u00e9rience, une bonne technique, ainsi qu&#8217;un bon \u00e9tat g\u00e9n\u00e9ral de forme physique et mentale. La formation conduisant \u00e0 ce niveau impose donc d&#8217;\u00eatre r\u00e9alis\u00e9e avec rigueur. L&#8217;\u00e9quipe MARSEILLE PLONGEE est ravie de travailler avec vous non seulement ces comp\u00e9tences mais \u00e9galement de d\u00e9velopper vos capacit\u00e9s de r\u00e9flexion, de jugement<\/b><b>\u2026<\/b><b>. Une certaine philosophie de plong\u00e9e!<\/b><\/span><\/p>\n<p><strong>Rythme de progression :<\/strong><\/p>\n<ul>\n<li>Par demi-journ\u00e9e, \u00e0 votre rythme (ne pr\u00e9voyez pas plus d\u2019un trimestre).<\/li>\n<li>En &#8220;stage bloqu\u00e9 Massilia&#8221;\u00a0 sur 7 jours,\u00a0 avec une arriv\u00e9e le lundi et avec ou sans h\u00e9bergement sur le centre.<\/li>\n<li>En stage continu \u00e0 vos dates.<\/li>\n<\/ul>\n<p>Vous plongerez 2 fois par jour, (8h15 et 13h30) en d\u00e9but de stage et le matin seulement les 2 derniers jours qui, en fonction de la progression, seront des plong\u00e9es de travail dans la zone 40 \/ 60m.<\/p>\n<p><strong>Votre certification :<\/strong><\/p>\n<p>Vous recevrez votre attestation provisoire le jour de votre derni\u00e8re plong\u00e9e, avant votre d\u00e9part.<br \/>\nVotre carte FFESSM\/CMAS ou ANMP vous sera envoy\u00e9e par courrier dans les 15 jours suivant votre stage.<\/p>\n<p>&nbsp;<\/p>","protected":false},"excerpt":{"rendered":"<p>Envisager une plong\u00e9e \u00e0 60m n\u00e9cessite une bonne exp\u00e9rience, une bonne technique, ainsi qu&#8217;un bon \u00e9tat g\u00e9n\u00e9ral de forme physique et mentale. La formation conduisant \u00e0 ce niveau impose donc d&#8217;\u00eatre r\u00e9alis\u00e9e avec rigueur. L&#8217;\u00e9quipe MARSEILLE PLONGEE est ravie de travailler avec vous non seulement ces comp\u00e9tences mais \u00e9galement de d\u00e9velopper vos capacit\u00e9s de r\u00e9flexion, [&hellip;]<\/p>","protected":false},"featured_media":742,"comment_status":"open","ping_status":"closed","template":"","meta":[],"product_cat":[28],"product_tag":[91,87],"marques":[],"profondeur":[71],"acf":[],"yoast_head":"<!-- This site is optimized with the Yoast SEO plugin v17.9 - https:\/\/yoast.com\/wordpress\/plugins\/seo\/ -->\n<title>Niveau 3 - Atoll Plong\u00e9e Marseille<\/title>\n<meta name=\"robots\" content=\"index, follow, max-snippet:-1, max-image-preview:large, max-video-preview:-1\" \/>\n<link rel=\"canonical\" href=\"https:\/\/www.atollplongee.com\/en\/product\/niveau-3\/\" \/>\n<meta property=\"og:locale\" content=\"en_US\" \/>\n<meta property=\"og:type\" content=\"article\" \/>\n<meta property=\"og:title\" content=\"Niveau 3 - Atoll Plong\u00e9e Marseille\" \/>\n<meta property=\"og:description\" content=\"Envisager une plong\u00e9e \u00e0 60m n\u00e9cessite une bonne exp\u00e9rience, une bonne technique, ainsi qu&#8217;un bon \u00e9tat g\u00e9n\u00e9ral de forme physique et mentale. La formation conduisant \u00e0 ce niveau impose donc d&#8217;\u00eatre r\u00e9alis\u00e9e avec rigueur. L&#8217;\u00e9quipe MARSEILLE PLONGEE est ravie de travailler avec vous non seulement ces comp\u00e9tences mais \u00e9galement de d\u00e9velopper vos capacit\u00e9s de r\u00e9flexion, [&hellip;]\" \/>\n<meta property=\"og:url\" content=\"https:\/\/www.atollplongee.com\/en\/product\/niveau-3\/\" \/>\n<meta property=\"og:site_name\" content=\"Atoll Plong\u00e9e Marseille\" \/>\n<meta property=\"article:modified_time\" content=\"2023-02-23T15:07:23+00:00\" \/>\n<meta property=\"og:image\" content=\"https:\/\/www.atollplongee.com\/wp-content\/uploads\/2019\/03\/jacob-waldrop-1116453-unsplash.jpg\" \/>\n\t<meta property=\"og:image:width\" content=\"2667\" \/>\n\t<meta property=\"og:image:height\" content=\"2000\" \/>\n\t<meta property=\"og:image:type\" content=\"image\/jpeg\" \/>\n<meta name=\"twitter:card\" content=\"summary_large_image\" \/>\n<meta name=\"twitter:label1\" content=\"Est. reading time\" \/>\n\t<meta name=\"twitter:data1\" content=\"1 minute\" \/>\n<script type=\"application\/ld+json\" class=\"yoast-schema-graph\">{\"@context\":\"https:\/\/schema.org\",\"@graph\":[{\"@type\":\"Organization\",\"@id\":\"https:\/\/www.atollplongee.com\/#organization\",\"name\":\"Atoll\",\"url\":\"https:\/\/www.atollplongee.com\/\",\"sameAs\":[],\"logo\":{\"@type\":\"ImageObject\",\"@id\":\"https:\/\/www.atollplongee.com\/#logo\",\"inLanguage\":\"en-US\",\"url\":\"https:\/\/www.atollplongee.com\/wp-content\/uploads\/2019\/02\/plonge\\u0301e-marseille-atoll-logo-1.png\",\"contentUrl\":\"https:\/\/www.atollplongee.com\/wp-content\/uploads\/2019\/02\/plonge\\u0301e-marseille-atoll-logo-1.png\",\"width\":167,\"height\":42,\"caption\":\"Atoll\"},\"image\":{\"@id\":\"https:\/\/www.atollplongee.com\/#logo\"}},{\"@type\":\"WebSite\",\"@id\":\"https:\/\/www.atollplongee.com\/#website\",\"url\":\"https:\/\/www.atollplongee.com\/\",\"name\":\"Atoll Plong\\u00e9e Marseille\",\"description\":\"centre de plong\\u00e9e et de formation n\\u00b01 \\u00e0 Marseille\",\"publisher\":{\"@id\":\"https:\/\/www.atollplongee.com\/#organization\"},\"potentialAction\":[{\"@type\":\"SearchAction\",\"target\":{\"@type\":\"EntryPoint\",\"urlTemplate\":\"https:\/\/www.atollplongee.com\/?s={search_term_string}\"},\"query-input\":\"required name=search_term_string\"}],\"inLanguage\":\"en-US\"},{\"@type\":\"ImageObject\",\"@id\":\"https:\/\/www.atollplongee.com\/formation\/niveau-3\/#primaryimage\",\"inLanguage\":\"en-US\",\"url\":\"https:\/\/www.atollplongee.com\/wp-content\/uploads\/2019\/03\/jacob-waldrop-1116453-unsplash.jpg\",\"contentUrl\":\"https:\/\/www.atollplongee.com\/wp-content\/uploads\/2019\/03\/jacob-waldrop-1116453-unsplash.jpg\",\"width\":2667,\"height\":2000},{\"@type\":\"WebPage\",\"@id\":\"https:\/\/www.atollplongee.com\/formation\/niveau-3\/#webpage\",\"url\":\"https:\/\/www.atollplongee.com\/formation\/niveau-3\/\",\"name\":\"Niveau 3 - Atoll Plong\\u00e9e Marseille\",\"isPartOf\":{\"@id\":\"https:\/\/www.atollplongee.com\/#website\"},\"primaryImageOfPage\":{\"@id\":\"https:\/\/www.atollplongee.com\/formation\/niveau-3\/#primaryimage\"},\"datePublished\":\"2020-01-13T09:19:00+00:00\",\"dateModified\":\"2023-02-23T15:07:23+00:00\",\"breadcrumb\":{\"@id\":\"https:\/\/www.atollplongee.com\/formation\/niveau-3\/#breadcrumb\"},\"inLanguage\":\"en-US\",\"potentialAction\":[{\"@type\":\"ReadAction\",\"target\":[\"https:\/\/www.atollplongee.com\/formation\/niveau-3\/\"]}]},{\"@type\":\"BreadcrumbList\",\"@id\":\"https:\/\/www.atollplongee.com\/formation\/niveau-3\/#breadcrumb\",\"itemListElement\":[{\"@type\":\"ListItem\",\"position\":1,\"name\":\"Accueil\",\"item\":\"https:\/\/www.atollplongee.com\/\"},{\"@type\":\"ListItem\",\"position\":2,\"name\":\"Boutique\",\"item\":\"https:\/\/www.atollplongee.com\/boutique\/\"},{\"@type\":\"ListItem\",\"position\":3,\"name\":\"Plong\\u00e9e\"},{\"@type\":\"ListItem\",\"position\":4,\"name\":\"Formation\"},{\"@type\":\"ListItem\",\"position\":5,\"name\":\"Niveau 3\"}]}]}<\/script>\n<!-- \/ Yoast SEO plugin. -->","yoast_head_json":{"title":"Niveau 3 - Atoll Plong\u00e9e Marseille","robots":{"index":"index","follow":"follow","max-snippet":"max-snippet:-1","max-image-preview":"max-image-preview:large","max-video-preview":"max-video-preview:-1"},"canonical":"https:\/\/www.atollplongee.com\/en\/product\/niveau-3\/","og_locale":"en_US","og_type":"article","og_title":"Niveau 3 - Atoll Plong\u00e9e Marseille","og_description":"Envisager une plong\u00e9e \u00e0 60m n\u00e9cessite une bonne exp\u00e9rience, une bonne technique, ainsi qu&#8217;un bon \u00e9tat g\u00e9n\u00e9ral de forme physique et mentale. La formation conduisant \u00e0 ce niveau impose donc d&#8217;\u00eatre r\u00e9alis\u00e9e avec rigueur. L&#8217;\u00e9quipe MARSEILLE PLONGEE est ravie de travailler avec vous non seulement ces comp\u00e9tences mais \u00e9galement de d\u00e9velopper vos capacit\u00e9s de r\u00e9flexion, [&hellip;]","og_url":"https:\/\/www.atollplongee.com\/en\/product\/niveau-3\/","og_site_name":"Atoll Plong\u00e9e Marseille","article_modified_time":"2023-02-23T15:07:23+00:00","og_image":[{"width":2667,"height":2000,"url":"https:\/\/www.atollplongee.com\/wp-content\/uploads\/2019\/03\/jacob-waldrop-1116453-unsplash.jpg","type":"image\/jpeg"}],"twitter_card":"summary_large_image","twitter_misc":{"Est. reading time":"1 minute"},"schema":{"@context":"https:\/\/schema.org","@graph":[{"@type":"Organization","@id":"https:\/\/www.atollplongee.com\/#organization","name":"Atoll","url":"https:\/\/www.atollplongee.com\/","sameAs":[],"logo":{"@type":"ImageObject","@id":"https:\/\/www.atollplongee.com\/#logo","inLanguage":"en-US","url":"https:\/\/www.atollplongee.com\/wp-content\/uploads\/2019\/02\/plonge\u0301e-marseille-atoll-logo-1.png","contentUrl":"https:\/\/www.atollplongee.com\/wp-content\/uploads\/2019\/02\/plonge\u0301e-marseille-atoll-logo-1.png","width":167,"height":42,"caption":"Atoll"},"image":{"@id":"https:\/\/www.atollplongee.com\/#logo"}},{"@type":"WebSite","@id":"https:\/\/www.atollplongee.com\/#website","url":"https:\/\/www.atollplongee.com\/","name":"Atoll Plong\u00e9e Marseille","description":"centre de plong\u00e9e et de formation n\u00b01 \u00e0 Marseille","publisher":{"@id":"https:\/\/www.atollplongee.com\/#organization"},"potentialAction":[{"@type":"SearchAction","target":{"@type":"EntryPoint","urlTemplate":"https:\/\/www.atollplongee.com\/?s={search_term_string}"},"query-input":"required name=search_term_string"}],"inLanguage":"en-US"},{"@type":"ImageObject","@id":"https:\/\/www.atollplongee.com\/formation\/niveau-3\/#primaryimage","inLanguage":"en-US","url":"https:\/\/www.atollplongee.com\/wp-content\/uploads\/2019\/03\/jacob-waldrop-1116453-unsplash.jpg","contentUrl":"https:\/\/www.atollplongee.com\/wp-content\/uploads\/2019\/03\/jacob-waldrop-1116453-unsplash.jpg","width":2667,"height":2000},{"@type":"WebPage","@id":"https:\/\/www.atollplongee.com\/formation\/niveau-3\/#webpage","url":"https:\/\/www.atollplongee.com\/formation\/niveau-3\/","name":"Niveau 3 - Atoll Plong\u00e9e Marseille","isPartOf":{"@id":"https:\/\/www.atollplongee.com\/#website"},"primaryImageOfPage":{"@id":"https:\/\/www.atollplongee.com\/formation\/niveau-3\/#primaryimage"},"datePublished":"2020-01-13T09:19:00+00:00","dateModified":"2023-02-23T15:07:23+00:00","breadcrumb":{"@id":"https:\/\/www.atollplongee.com\/formation\/niveau-3\/#breadcrumb"},"inLanguage":"en-US","potentialAction":[{"@type":"ReadAction","target":["https:\/\/www.atollplongee.com\/formation\/niveau-3\/"]}]},{"@type":"BreadcrumbList","@id":"https:\/\/www.atollplongee.com\/formation\/niveau-3\/#breadcrumb","itemListElement":[{"@type":"ListItem","position":1,"name":"Accueil","item":"https:\/\/www.atollplongee.com\/"},{"@type":"ListItem","position":2,"name":"Boutique","item":"https:\/\/www.atollplongee.com\/boutique\/"},{"@type":"ListItem","position":3,"name":"Plong\u00e9e"},{"@type":"ListItem","position":4,"name":"Formation"},{"@type":"ListItem","position":5,"name":"Niveau 3"}]}]}},"_links":{"self":[{"href":"https:\/\/www.atollplongee.com\/en\/wp-json\/wp\/v2\/product\/1954"}],"collection":[{"href":"https:\/\/www.atollplongee.com\/en\/wp-json\/wp\/v2\/product"}],"about":[{"href":"https:\/\/www.atollplongee.com\/en\/wp-json\/wp\/v2\/types\/product"}],"replies":[{"embeddable":true,"href":"https:\/\/www.atollplongee.com\/en\/wp-json\/wp\/v2\/comments?post=1954"}],"version-history":[{"count":29,"href":"https:\/\/www.atollplongee.com\/en\/wp-json\/wp\/v2\/product\/1954\/revisions"}],"predecessor-version":[{"id":8838,"href":"https:\/\/www.atollplongee.com\/en\/wp-json\/wp\/v2\/product\/1954\/revisions\/8838"}],"wp:featuredmedia":[{"embeddable":true,"href":"https:\/\/www.atollplongee.com\/en\/wp-json\/wp\/v2\/media\/742"}],"wp:attachment":[{"href":"https:\/\/www.atollplongee.com\/en\/wp-json\/wp\/v2\/media?parent=1954"}],"wp:term":[{"taxonomy":"product_cat","embeddable":true,"href":"https:\/\/www.atollplongee.com\/en\/wp-json\/wp\/v2\/product_cat?post=1954"},{"taxonomy":"product_tag","embeddable":true,"href":"https:\/\/www.atollplongee.com\/en\/wp-json\/wp\/v2\/product_tag?post=1954"},{"taxonomy":"marques","embeddable":true,"href":"https:\/\/www.atollplongee.com\/en\/wp-json\/wp\/v2\/marques?post=1954"},{"taxonomy":"profondeur","embeddable":true,"href":"https:\/\/www.atollplongee.com\/en\/wp-json\/wp\/v2\/profondeur?post=1954"}],"curies":[{"name":"wp","href":"https:\/\/api.w.org\/{rel}","templated":true}]}}