{"id":170,"date":"2019-02-11T17:10:43","date_gmt":"2019-02-11T16:10:43","guid":{"rendered":"https:\/\/www.atollplongee.com\/?post_type=product&#038;p=170"},"modified":"2024-05-13T12:28:41","modified_gmt":"2024-05-13T11:28:41","slug":"niveau-1-ffessm","status":"publish","type":"product","link":"https:\/\/www.atollplongee.com\/en\/product\/niveau-1-ffessm\/","title":{"rendered":"Niveau 1"},"content":{"rendered":"<p><span style=\"color: #000000;\">Votre formation se d\u00e9roule sur 5 plong\u00e9es o\u00f9 l&#8217;essentiel est l\u2019apprentissage des gestes techniques \u00e9l\u00e9mentaires pour pouvoir \u00e9voluer en toute s\u00e9curit\u00e9 et avec un maximum de plaisir ! Pour cela, au cours de votre stage pratique, vous allez apprendre des techniques mais aussi un comportement: un savoir-\u00eatre!<\/span><\/p>\n<p><strong>Rythme de votre progression :<br \/>\n<\/strong><\/p>\n<p>Ce dernier s\u2019organise \u00e0 votre convenance et plusieurs possibilit\u00e9s s\u2019offrent \u00e0 vous:<\/p>\n<p>&#8211; En &#8220;stage bloqu\u00e9 Atoll&#8221; sur 2,5 jours, \u00e0 tarif pr\u00e9f\u00e9rentiel. Vous plongerez 2 fois par jour, (8h00 et 13h30) et le suivi th\u00e9orique se fait en fin d\u2019apr\u00e8s-midi, sur la terrasse ou en salle.<br \/>\n&#8211; En stage continu \u00e0 vos dates.<br \/>\n&#8211; Sur 5 demi-journ\u00e9es, \u00e0 votre rythme (ne pr\u00e9voyez pas plus d\u2019un trimestre pour un apprentissage optimis\u00e9).<\/p>\n<p>Vous pouvez pr\u00e9voir et r\u00e9server votre repas sur le centre et m\u00eame dormir sur place.<\/p>\n<p>La flexibilit\u00e9 des dates propos\u00e9es d\u00e9pendra de votre anticipation \u00e0 r\u00e9server alors ensemble anticipons !<\/p>\n<p><strong>Certification :<\/strong><\/p>\n<p>Vous recevrez votre attestation provisoire le jour de votre derni\u00e8re plong\u00e9e, avant votre d\u00e9part.<br \/>\nVotre carte FFESSM\/CMAS ou ANMP vous sera envoy\u00e9e par courrier dans les 15 jours suivant votre stage.<\/p>\n<p>&nbsp;<\/p>","protected":false},"excerpt":{"rendered":"<p>Vous souhaitez apprendre \u00e0 plonger en toute s\u00e9curit\u00e9 entre 0 et 20 m, toujours encadr\u00e9 par un moniteur professionnel et d\u00e9couvrir plus de 40 sites du Parc des Calanques de Marseille.<\/p>","protected":false},"featured_media":5213,"comment_status":"open","ping_status":"closed","template":"","meta":[],"product_cat":[28,164,159],"product_tag":[91,161],"marques":[],"profondeur":[69],"acf":[],"yoast_head":"<!-- This site is optimized with the Yoast SEO plugin v17.9 - https:\/\/yoast.com\/wordpress\/plugins\/seo\/ -->\n<title>Niveau 1 - Atoll Plong\u00e9e Marseille<\/title>\n<meta name=\"robots\" content=\"index, follow, max-snippet:-1, max-image-preview:large, max-video-preview:-1\" \/>\n<link rel=\"canonical\" href=\"https:\/\/www.atollplongee.com\/en\/product\/niveau-1-ffessm\/\" \/>\n<meta property=\"og:locale\" content=\"en_US\" \/>\n<meta property=\"og:type\" content=\"article\" \/>\n<meta property=\"og:title\" content=\"Niveau 1 - Atoll Plong\u00e9e Marseille\" \/>\n<meta property=\"og:description\" content=\"Vous souhaitez apprendre \u00e0 plonger en toute s\u00e9curit\u00e9 entre 0 et 20 m, toujours encadr\u00e9 par un moniteur professionnel et d\u00e9couvrir plus de 40 sites du Parc des Calanques de Marseille.\" \/>\n<meta property=\"og:url\" content=\"https:\/\/www.atollplongee.com\/en\/product\/niveau-1-ffessm\/\" \/>\n<meta property=\"og:site_name\" content=\"Atoll Plong\u00e9e Marseille\" \/>\n<meta property=\"article:modified_time\" content=\"2024-05-13T11:28:41+00:00\" \/>\n<meta property=\"og:image\" content=\"https:\/\/www.atollplongee.com\/wp-content\/uploads\/2020\/01\/Cote-dAzur-005707.jpg\" \/>\n\t<meta property=\"og:image:width\" content=\"2000\" \/>\n\t<meta property=\"og:image:height\" content=\"1471\" \/>\n\t<meta property=\"og:image:type\" content=\"image\/jpeg\" \/>\n<meta name=\"twitter:card\" content=\"summary_large_image\" \/>\n<meta name=\"twitter:label1\" content=\"Est. reading time\" \/>\n\t<meta name=\"twitter:data1\" content=\"1 minute\" \/>\n<script type=\"application\/ld+json\" class=\"yoast-schema-graph\">{\"@context\":\"https:\/\/schema.org\",\"@graph\":[{\"@type\":\"Organization\",\"@id\":\"https:\/\/www.atollplongee.com\/#organization\",\"name\":\"Atoll\",\"url\":\"https:\/\/www.atollplongee.com\/\",\"sameAs\":[],\"logo\":{\"@type\":\"ImageObject\",\"@id\":\"https:\/\/www.atollplongee.com\/#logo\",\"inLanguage\":\"en-US\",\"url\":\"https:\/\/www.atollplongee.com\/wp-content\/uploads\/2019\/02\/plonge\\u0301e-marseille-atoll-logo-1.png\",\"contentUrl\":\"https:\/\/www.atollplongee.com\/wp-content\/uploads\/2019\/02\/plonge\\u0301e-marseille-atoll-logo-1.png\",\"width\":167,\"height\":42,\"caption\":\"Atoll\"},\"image\":{\"@id\":\"https:\/\/www.atollplongee.com\/#logo\"}},{\"@type\":\"WebSite\",\"@id\":\"https:\/\/www.atollplongee.com\/#website\",\"url\":\"https:\/\/www.atollplongee.com\/\",\"name\":\"Atoll Plong\\u00e9e Marseille\",\"description\":\"centre de plong\\u00e9e et de formation n\\u00b01 \\u00e0 Marseille\",\"publisher\":{\"@id\":\"https:\/\/www.atollplongee.com\/#organization\"},\"potentialAction\":[{\"@type\":\"SearchAction\",\"target\":{\"@type\":\"EntryPoint\",\"urlTemplate\":\"https:\/\/www.atollplongee.com\/?s={search_term_string}\"},\"query-input\":\"required name=search_term_string\"}],\"inLanguage\":\"en-US\"},{\"@type\":\"ImageObject\",\"@id\":\"https:\/\/www.atollplongee.com\/formation\/niveau-1-ffessm\/#primaryimage\",\"inLanguage\":\"en-US\",\"url\":\"https:\/\/www.atollplongee.com\/wp-content\/uploads\/2020\/01\/Cote-dAzur-005707.jpg\",\"contentUrl\":\"https:\/\/www.atollplongee.com\/wp-content\/uploads\/2020\/01\/Cote-dAzur-005707.jpg\",\"width\":2000,\"height\":1471},{\"@type\":\"WebPage\",\"@id\":\"https:\/\/www.atollplongee.com\/formation\/niveau-1-ffessm\/#webpage\",\"url\":\"https:\/\/www.atollplongee.com\/formation\/niveau-1-ffessm\/\",\"name\":\"Niveau 1 - Atoll Plong\\u00e9e Marseille\",\"isPartOf\":{\"@id\":\"https:\/\/www.atollplongee.com\/#website\"},\"primaryImageOfPage\":{\"@id\":\"https:\/\/www.atollplongee.com\/formation\/niveau-1-ffessm\/#primaryimage\"},\"datePublished\":\"2019-02-11T16:10:43+00:00\",\"dateModified\":\"2024-05-13T11:28:41+00:00\",\"breadcrumb\":{\"@id\":\"https:\/\/www.atollplongee.com\/formation\/niveau-1-ffessm\/#breadcrumb\"},\"inLanguage\":\"en-US\",\"potentialAction\":[{\"@type\":\"ReadAction\",\"target\":[\"https:\/\/www.atollplongee.com\/formation\/niveau-1-ffessm\/\"]}]},{\"@type\":\"BreadcrumbList\",\"@id\":\"https:\/\/www.atollplongee.com\/formation\/niveau-1-ffessm\/#breadcrumb\",\"itemListElement\":[{\"@type\":\"ListItem\",\"position\":1,\"name\":\"Accueil\",\"item\":\"https:\/\/www.atollplongee.com\/\"},{\"@type\":\"ListItem\",\"position\":2,\"name\":\"Boutique\",\"item\":\"https:\/\/www.atollplongee.com\/boutique\/\"},{\"@type\":\"ListItem\",\"position\":3,\"name\":\"Plong\\u00e9e\"},{\"@type\":\"ListItem\",\"position\":4,\"name\":\"Formation\"},{\"@type\":\"ListItem\",\"position\":5,\"name\":\"Niveau 1\"}]}]}<\/script>\n<!-- \/ Yoast SEO plugin. -->","yoast_head_json":{"title":"Niveau 1 - Atoll Plong\u00e9e Marseille","robots":{"index":"index","follow":"follow","max-snippet":"max-snippet:-1","max-image-preview":"max-image-preview:large","max-video-preview":"max-video-preview:-1"},"canonical":"https:\/\/www.atollplongee.com\/en\/product\/niveau-1-ffessm\/","og_locale":"en_US","og_type":"article","og_title":"Niveau 1 - Atoll Plong\u00e9e Marseille","og_description":"Vous souhaitez apprendre \u00e0 plonger en toute s\u00e9curit\u00e9 entre 0 et 20 m, toujours encadr\u00e9 par un moniteur professionnel et d\u00e9couvrir plus de 40 sites du Parc des Calanques de Marseille.","og_url":"https:\/\/www.atollplongee.com\/en\/product\/niveau-1-ffessm\/","og_site_name":"Atoll Plong\u00e9e Marseille","article_modified_time":"2024-05-13T11:28:41+00:00","og_image":[{"width":2000,"height":1471,"url":"https:\/\/www.atollplongee.com\/wp-content\/uploads\/2020\/01\/Cote-dAzur-005707.jpg","type":"image\/jpeg"}],"twitter_card":"summary_large_image","twitter_misc":{"Est. reading time":"1 minute"},"schema":{"@context":"https:\/\/schema.org","@graph":[{"@type":"Organization","@id":"https:\/\/www.atollplongee.com\/#organization","name":"Atoll","url":"https:\/\/www.atollplongee.com\/","sameAs":[],"logo":{"@type":"ImageObject","@id":"https:\/\/www.atollplongee.com\/#logo","inLanguage":"en-US","url":"https:\/\/www.atollplongee.com\/wp-content\/uploads\/2019\/02\/plonge\u0301e-marseille-atoll-logo-1.png","contentUrl":"https:\/\/www.atollplongee.com\/wp-content\/uploads\/2019\/02\/plonge\u0301e-marseille-atoll-logo-1.png","width":167,"height":42,"caption":"Atoll"},"image":{"@id":"https:\/\/www.atollplongee.com\/#logo"}},{"@type":"WebSite","@id":"https:\/\/www.atollplongee.com\/#website","url":"https:\/\/www.atollplongee.com\/","name":"Atoll Plong\u00e9e Marseille","description":"centre de plong\u00e9e et de formation n\u00b01 \u00e0 Marseille","publisher":{"@id":"https:\/\/www.atollplongee.com\/#organization"},"potentialAction":[{"@type":"SearchAction","target":{"@type":"EntryPoint","urlTemplate":"https:\/\/www.atollplongee.com\/?s={search_term_string}"},"query-input":"required name=search_term_string"}],"inLanguage":"en-US"},{"@type":"ImageObject","@id":"https:\/\/www.atollplongee.com\/formation\/niveau-1-ffessm\/#primaryimage","inLanguage":"en-US","url":"https:\/\/www.atollplongee.com\/wp-content\/uploads\/2020\/01\/Cote-dAzur-005707.jpg","contentUrl":"https:\/\/www.atollplongee.com\/wp-content\/uploads\/2020\/01\/Cote-dAzur-005707.jpg","width":2000,"height":1471},{"@type":"WebPage","@id":"https:\/\/www.atollplongee.com\/formation\/niveau-1-ffessm\/#webpage","url":"https:\/\/www.atollplongee.com\/formation\/niveau-1-ffessm\/","name":"Niveau 1 - Atoll Plong\u00e9e Marseille","isPartOf":{"@id":"https:\/\/www.atollplongee.com\/#website"},"primaryImageOfPage":{"@id":"https:\/\/www.atollplongee.com\/formation\/niveau-1-ffessm\/#primaryimage"},"datePublished":"2019-02-11T16:10:43+00:00","dateModified":"2024-05-13T11:28:41+00:00","breadcrumb":{"@id":"https:\/\/www.atollplongee.com\/formation\/niveau-1-ffessm\/#breadcrumb"},"inLanguage":"en-US","potentialAction":[{"@type":"ReadAction","target":["https:\/\/www.atollplongee.com\/formation\/niveau-1-ffessm\/"]}]},{"@type":"BreadcrumbList","@id":"https:\/\/www.atollplongee.com\/formation\/niveau-1-ffessm\/#breadcrumb","itemListElement":[{"@type":"ListItem","position":1,"name":"Accueil","item":"https:\/\/www.atollplongee.com\/"},{"@type":"ListItem","position":2,"name":"Boutique","item":"https:\/\/www.atollplongee.com\/boutique\/"},{"@type":"ListItem","position":3,"name":"Plong\u00e9e"},{"@type":"ListItem","position":4,"name":"Formation"},{"@type":"ListItem","position":5,"name":"Niveau 1"}]}]}},"_links":{"self":[{"href":"https:\/\/www.atollplongee.com\/en\/wp-json\/wp\/v2\/product\/170"}],"collection":[{"href":"https:\/\/www.atollplongee.com\/en\/wp-json\/wp\/v2\/product"}],"about":[{"href":"https:\/\/www.atollplongee.com\/en\/wp-json\/wp\/v2\/types\/product"}],"replies":[{"embeddable":true,"href":"https:\/\/www.atollplongee.com\/en\/wp-json\/wp\/v2\/comments?post=170"}],"version-history":[{"count":31,"href":"https:\/\/www.atollplongee.com\/en\/wp-json\/wp\/v2\/product\/170\/revisions"}],"predecessor-version":[{"id":8719,"href":"https:\/\/www.atollplongee.com\/en\/wp-json\/wp\/v2\/product\/170\/revisions\/8719"}],"wp:featuredmedia":[{"embeddable":true,"href":"https:\/\/www.atollplongee.com\/en\/wp-json\/wp\/v2\/media\/5213"}],"wp:attachment":[{"href":"https:\/\/www.atollplongee.com\/en\/wp-json\/wp\/v2\/media?parent=170"}],"wp:term":[{"taxonomy":"product_cat","embeddable":true,"href":"https:\/\/www.atollplongee.com\/en\/wp-json\/wp\/v2\/product_cat?post=170"},{"taxonomy":"product_tag","embeddable":true,"href":"https:\/\/www.atollplongee.com\/en\/wp-json\/wp\/v2\/product_tag?post=170"},{"taxonomy":"marques","embeddable":true,"href":"https:\/\/www.atollplongee.com\/en\/wp-json\/wp\/v2\/marques?post=170"},{"taxonomy":"profondeur","embeddable":true,"href":"https:\/\/www.atollplongee.com\/en\/wp-json\/wp\/v2\/profondeur?post=170"}],"curies":[{"name":"wp","href":"https:\/\/api.w.org\/{rel}","templated":true}]}}