{"id":1687,"date":"2019-12-15T16:47:40","date_gmt":"2019-12-15T15:47:40","guid":{"rendered":"https:\/\/www.atollplongee.com\/?post_type=product&#038;p=1687"},"modified":"2023-02-22T19:02:01","modified_gmt":"2023-02-22T18:02:01","slug":"nitrox-confirme-full","status":"publish","type":"product","link":"https:\/\/www.atollplongee.com\/en\/product\/nitrox-confirme-full\/","title":{"rendered":"Nitrox Confirm\u00e9 Full"},"content":{"rendered":"<p><strong>D\u00e9roulement :<\/strong><\/p>\n<p>Elle se d\u00e9roule sur 5 plong\u00e9es (6 si n\u00e9cessaires) accompagn\u00e9es de s\u00e9ances \u00e0 terre :<\/p>\n<ul>\n<li>2 Plong\u00e9es de fondamentaux (max. 20m)<\/li>\n<li>3 Plong\u00e9es de gestion et d\u2019application de techniques (20 &#8211; 60m)<\/li>\n<li>3 S\u00e9ances \u00e0 terre (configuration et connaissances th\u00e9oriques)<\/li>\n<\/ul>\n<p><strong>Rythme de progression :<\/strong><\/p>\n<p>Votre formation s\u2019organise \u00e0 votre convenance, plusieurs possibilit\u00e9s s\u2019offrent \u00e0 vous :<br \/>\n\u2022 Par journ\u00e9e, \u00e0 votre rythme sur 5 jours (tarif diff\u00e9rant et ne pr\u00e9voyez pas plus d\u2019un mois)<br \/>\n\u2022 En stage sur 4 jours, selon vos dates avec une arriv\u00e9e la veille dans l&#8217;apr\u00e8s midi du lundi au dimanche<br \/>\n\u2022 Sur 2 WE-s (2 + 3 jours, ne pr\u00e9voyez pas plus d\u2019un mois, tarif diff\u00e9rant)<\/p>\n<p><strong>Certification :<\/strong><\/p>\n<p>Vous recevrez votre attestation provisoire le jour de votre derni\u00e8re plong\u00e9e, avant votre d\u00e9part. Votre carte vous sera envoy\u00e9e par courrier dans les 15 jours suivant votre stage.<\/p>\n<p><strong>En plus, les plongeurs PA40 seront certifi\u00e9s PA60.<\/strong><\/p>","protected":false},"excerpt":{"rendered":"<p>D\u00e9roulement : Elle se d\u00e9roule sur 5 plong\u00e9es (6 si n\u00e9cessaires) accompagn\u00e9es de s\u00e9ances \u00e0 terre : 2 Plong\u00e9es de fondamentaux (max. 20m) 3 Plong\u00e9es de gestion et d\u2019application de techniques (20 &#8211; 60m) 3 S\u00e9ances \u00e0 terre (configuration et connaissances th\u00e9oriques) Rythme de progression : Votre formation s\u2019organise \u00e0 votre convenance, plusieurs possibilit\u00e9s s\u2019offrent [&hellip;]<\/p>","protected":false},"featured_media":7480,"comment_status":"open","ping_status":"closed","template":"","meta":[],"product_cat":[28,159],"product_tag":[94,58,88],"marques":[],"profondeur":[71,93],"acf":[],"yoast_head":"<!-- This site is optimized with the Yoast SEO plugin v17.9 - https:\/\/yoast.com\/wordpress\/plugins\/seo\/ -->\n<title>Nitrox Confirm\u00e9 Full - Atoll Plong\u00e9e Marseille<\/title>\n<meta name=\"robots\" content=\"index, follow, max-snippet:-1, max-image-preview:large, max-video-preview:-1\" \/>\n<link rel=\"canonical\" href=\"https:\/\/www.atollplongee.com\/en\/product\/nitrox-confirme-full\/\" \/>\n<meta property=\"og:locale\" content=\"en_US\" \/>\n<meta property=\"og:type\" content=\"article\" \/>\n<meta property=\"og:title\" content=\"Nitrox Confirm\u00e9 Full - Atoll Plong\u00e9e Marseille\" \/>\n<meta property=\"og:description\" content=\"D\u00e9roulement : Elle se d\u00e9roule sur 5 plong\u00e9es (6 si n\u00e9cessaires) accompagn\u00e9es de s\u00e9ances \u00e0 terre : 2 Plong\u00e9es de fondamentaux (max. 20m) 3 Plong\u00e9es de gestion et d\u2019application de techniques (20 &#8211; 60m) 3 S\u00e9ances \u00e0 terre (configuration et connaissances th\u00e9oriques) Rythme de progression : Votre formation s\u2019organise \u00e0 votre convenance, plusieurs possibilit\u00e9s s\u2019offrent [&hellip;]\" \/>\n<meta property=\"og:url\" content=\"https:\/\/www.atollplongee.com\/en\/product\/nitrox-confirme-full\/\" \/>\n<meta property=\"og:site_name\" content=\"Atoll Plong\u00e9e Marseille\" \/>\n<meta property=\"article:modified_time\" content=\"2023-02-22T18:02:01+00:00\" \/>\n<meta property=\"og:image\" content=\"https:\/\/www.atollplongee.com\/wp-content\/uploads\/2021\/03\/sdmnt0613_0771_16284846415_o1-scaled-e1614705548318.jpg\" \/>\n\t<meta property=\"og:image:width\" content=\"1568\" \/>\n\t<meta property=\"og:image:height\" content=\"659\" \/>\n\t<meta property=\"og:image:type\" content=\"image\/jpeg\" \/>\n<meta name=\"twitter:card\" content=\"summary_large_image\" \/>\n<meta name=\"twitter:label1\" content=\"Est. reading time\" \/>\n\t<meta name=\"twitter:data1\" content=\"1 minute\" \/>\n<script type=\"application\/ld+json\" class=\"yoast-schema-graph\">{\"@context\":\"https:\/\/schema.org\",\"@graph\":[{\"@type\":\"Organization\",\"@id\":\"https:\/\/www.atollplongee.com\/#organization\",\"name\":\"Atoll\",\"url\":\"https:\/\/www.atollplongee.com\/\",\"sameAs\":[],\"logo\":{\"@type\":\"ImageObject\",\"@id\":\"https:\/\/www.atollplongee.com\/#logo\",\"inLanguage\":\"en-US\",\"url\":\"https:\/\/www.atollplongee.com\/wp-content\/uploads\/2019\/02\/plonge\\u0301e-marseille-atoll-logo-1.png\",\"contentUrl\":\"https:\/\/www.atollplongee.com\/wp-content\/uploads\/2019\/02\/plonge\\u0301e-marseille-atoll-logo-1.png\",\"width\":167,\"height\":42,\"caption\":\"Atoll\"},\"image\":{\"@id\":\"https:\/\/www.atollplongee.com\/#logo\"}},{\"@type\":\"WebSite\",\"@id\":\"https:\/\/www.atollplongee.com\/#website\",\"url\":\"https:\/\/www.atollplongee.com\/\",\"name\":\"Atoll Plong\\u00e9e Marseille\",\"description\":\"centre de plong\\u00e9e et de formation n\\u00b01 \\u00e0 Marseille\",\"publisher\":{\"@id\":\"https:\/\/www.atollplongee.com\/#organization\"},\"potentialAction\":[{\"@type\":\"SearchAction\",\"target\":{\"@type\":\"EntryPoint\",\"urlTemplate\":\"https:\/\/www.atollplongee.com\/?s={search_term_string}\"},\"query-input\":\"required name=search_term_string\"}],\"inLanguage\":\"en-US\"},{\"@type\":\"ImageObject\",\"@id\":\"https:\/\/www.atollplongee.com\/formation\/nitrox-confirme-full\/#primaryimage\",\"inLanguage\":\"en-US\",\"url\":\"https:\/\/www.atollplongee.com\/wp-content\/uploads\/2021\/03\/sdmnt0613_0771_16284846415_o1-scaled-e1614705548318.jpg\",\"contentUrl\":\"https:\/\/www.atollplongee.com\/wp-content\/uploads\/2021\/03\/sdmnt0613_0771_16284846415_o1-scaled-e1614705548318.jpg\",\"width\":1568,\"height\":659},{\"@type\":\"WebPage\",\"@id\":\"https:\/\/www.atollplongee.com\/formation\/nitrox-confirme-full\/#webpage\",\"url\":\"https:\/\/www.atollplongee.com\/formation\/nitrox-confirme-full\/\",\"name\":\"Nitrox Confirm\\u00e9 Full - Atoll Plong\\u00e9e Marseille\",\"isPartOf\":{\"@id\":\"https:\/\/www.atollplongee.com\/#website\"},\"primaryImageOfPage\":{\"@id\":\"https:\/\/www.atollplongee.com\/formation\/nitrox-confirme-full\/#primaryimage\"},\"datePublished\":\"2019-12-15T15:47:40+00:00\",\"dateModified\":\"2023-02-22T18:02:01+00:00\",\"breadcrumb\":{\"@id\":\"https:\/\/www.atollplongee.com\/formation\/nitrox-confirme-full\/#breadcrumb\"},\"inLanguage\":\"en-US\",\"potentialAction\":[{\"@type\":\"ReadAction\",\"target\":[\"https:\/\/www.atollplongee.com\/formation\/nitrox-confirme-full\/\"]}]},{\"@type\":\"BreadcrumbList\",\"@id\":\"https:\/\/www.atollplongee.com\/formation\/nitrox-confirme-full\/#breadcrumb\",\"itemListElement\":[{\"@type\":\"ListItem\",\"position\":1,\"name\":\"Accueil\",\"item\":\"https:\/\/www.atollplongee.com\/\"},{\"@type\":\"ListItem\",\"position\":2,\"name\":\"Boutique\",\"item\":\"https:\/\/www.atollplongee.com\/boutique\/\"},{\"@type\":\"ListItem\",\"position\":3,\"name\":\"Plong\\u00e9e\"},{\"@type\":\"ListItem\",\"position\":4,\"name\":\"Nitrox Confirm\\u00e9 Full\"}]}]}<\/script>\n<!-- \/ Yoast SEO plugin. -->","yoast_head_json":{"title":"Nitrox Confirm\u00e9 Full - Atoll Plong\u00e9e Marseille","robots":{"index":"index","follow":"follow","max-snippet":"max-snippet:-1","max-image-preview":"max-image-preview:large","max-video-preview":"max-video-preview:-1"},"canonical":"https:\/\/www.atollplongee.com\/en\/product\/nitrox-confirme-full\/","og_locale":"en_US","og_type":"article","og_title":"Nitrox Confirm\u00e9 Full - Atoll Plong\u00e9e Marseille","og_description":"D\u00e9roulement : Elle se d\u00e9roule sur 5 plong\u00e9es (6 si n\u00e9cessaires) accompagn\u00e9es de s\u00e9ances \u00e0 terre : 2 Plong\u00e9es de fondamentaux (max. 20m) 3 Plong\u00e9es de gestion et d\u2019application de techniques (20 &#8211; 60m) 3 S\u00e9ances \u00e0 terre (configuration et connaissances th\u00e9oriques) Rythme de progression : Votre formation s\u2019organise \u00e0 votre convenance, plusieurs possibilit\u00e9s s\u2019offrent [&hellip;]","og_url":"https:\/\/www.atollplongee.com\/en\/product\/nitrox-confirme-full\/","og_site_name":"Atoll Plong\u00e9e Marseille","article_modified_time":"2023-02-22T18:02:01+00:00","og_image":[{"width":1568,"height":659,"url":"https:\/\/www.atollplongee.com\/wp-content\/uploads\/2021\/03\/sdmnt0613_0771_16284846415_o1-scaled-e1614705548318.jpg","type":"image\/jpeg"}],"twitter_card":"summary_large_image","twitter_misc":{"Est. reading time":"1 minute"},"schema":{"@context":"https:\/\/schema.org","@graph":[{"@type":"Organization","@id":"https:\/\/www.atollplongee.com\/#organization","name":"Atoll","url":"https:\/\/www.atollplongee.com\/","sameAs":[],"logo":{"@type":"ImageObject","@id":"https:\/\/www.atollplongee.com\/#logo","inLanguage":"en-US","url":"https:\/\/www.atollplongee.com\/wp-content\/uploads\/2019\/02\/plonge\u0301e-marseille-atoll-logo-1.png","contentUrl":"https:\/\/www.atollplongee.com\/wp-content\/uploads\/2019\/02\/plonge\u0301e-marseille-atoll-logo-1.png","width":167,"height":42,"caption":"Atoll"},"image":{"@id":"https:\/\/www.atollplongee.com\/#logo"}},{"@type":"WebSite","@id":"https:\/\/www.atollplongee.com\/#website","url":"https:\/\/www.atollplongee.com\/","name":"Atoll Plong\u00e9e Marseille","description":"centre de plong\u00e9e et de formation n\u00b01 \u00e0 Marseille","publisher":{"@id":"https:\/\/www.atollplongee.com\/#organization"},"potentialAction":[{"@type":"SearchAction","target":{"@type":"EntryPoint","urlTemplate":"https:\/\/www.atollplongee.com\/?s={search_term_string}"},"query-input":"required name=search_term_string"}],"inLanguage":"en-US"},{"@type":"ImageObject","@id":"https:\/\/www.atollplongee.com\/formation\/nitrox-confirme-full\/#primaryimage","inLanguage":"en-US","url":"https:\/\/www.atollplongee.com\/wp-content\/uploads\/2021\/03\/sdmnt0613_0771_16284846415_o1-scaled-e1614705548318.jpg","contentUrl":"https:\/\/www.atollplongee.com\/wp-content\/uploads\/2021\/03\/sdmnt0613_0771_16284846415_o1-scaled-e1614705548318.jpg","width":1568,"height":659},{"@type":"WebPage","@id":"https:\/\/www.atollplongee.com\/formation\/nitrox-confirme-full\/#webpage","url":"https:\/\/www.atollplongee.com\/formation\/nitrox-confirme-full\/","name":"Nitrox Confirm\u00e9 Full - Atoll Plong\u00e9e Marseille","isPartOf":{"@id":"https:\/\/www.atollplongee.com\/#website"},"primaryImageOfPage":{"@id":"https:\/\/www.atollplongee.com\/formation\/nitrox-confirme-full\/#primaryimage"},"datePublished":"2019-12-15T15:47:40+00:00","dateModified":"2023-02-22T18:02:01+00:00","breadcrumb":{"@id":"https:\/\/www.atollplongee.com\/formation\/nitrox-confirme-full\/#breadcrumb"},"inLanguage":"en-US","potentialAction":[{"@type":"ReadAction","target":["https:\/\/www.atollplongee.com\/formation\/nitrox-confirme-full\/"]}]},{"@type":"BreadcrumbList","@id":"https:\/\/www.atollplongee.com\/formation\/nitrox-confirme-full\/#breadcrumb","itemListElement":[{"@type":"ListItem","position":1,"name":"Accueil","item":"https:\/\/www.atollplongee.com\/"},{"@type":"ListItem","position":2,"name":"Boutique","item":"https:\/\/www.atollplongee.com\/boutique\/"},{"@type":"ListItem","position":3,"name":"Plong\u00e9e"},{"@type":"ListItem","position":4,"name":"Nitrox Confirm\u00e9 Full"}]}]}},"_links":{"self":[{"href":"https:\/\/www.atollplongee.com\/en\/wp-json\/wp\/v2\/product\/1687"}],"collection":[{"href":"https:\/\/www.atollplongee.com\/en\/wp-json\/wp\/v2\/product"}],"about":[{"href":"https:\/\/www.atollplongee.com\/en\/wp-json\/wp\/v2\/types\/product"}],"replies":[{"embeddable":true,"href":"https:\/\/www.atollplongee.com\/en\/wp-json\/wp\/v2\/comments?post=1687"}],"version-history":[{"count":23,"href":"https:\/\/www.atollplongee.com\/en\/wp-json\/wp\/v2\/product\/1687\/revisions"}],"predecessor-version":[{"id":7739,"href":"https:\/\/www.atollplongee.com\/en\/wp-json\/wp\/v2\/product\/1687\/revisions\/7739"}],"wp:featuredmedia":[{"embeddable":true,"href":"https:\/\/www.atollplongee.com\/en\/wp-json\/wp\/v2\/media\/7480"}],"wp:attachment":[{"href":"https:\/\/www.atollplongee.com\/en\/wp-json\/wp\/v2\/media?parent=1687"}],"wp:term":[{"taxonomy":"product_cat","embeddable":true,"href":"https:\/\/www.atollplongee.com\/en\/wp-json\/wp\/v2\/product_cat?post=1687"},{"taxonomy":"product_tag","embeddable":true,"href":"https:\/\/www.atollplongee.com\/en\/wp-json\/wp\/v2\/product_tag?post=1687"},{"taxonomy":"marques","embeddable":true,"href":"https:\/\/www.atollplongee.com\/en\/wp-json\/wp\/v2\/marques?post=1687"},{"taxonomy":"profondeur","embeddable":true,"href":"https:\/\/www.atollplongee.com\/en\/wp-json\/wp\/v2\/profondeur?post=1687"}],"curies":[{"name":"wp","href":"https:\/\/api.w.org\/{rel}","templated":true}]}}